{"id":8161,"date":"2019-04-10T21:05:54","date_gmt":"2019-04-10T21:05:54","guid":{"rendered":"https:\/\/nordicbags.eu\/meie-sobrad\/"},"modified":"2024-09-15T12:35:11","modified_gmt":"2024-09-15T12:35:11","slug":"meie-sobrad","status":"publish","type":"page","link":"https:\/\/nordicbags.eu\/et\/meie-sobrad\/","title":{"rendered":"Meie s\u00f5brad"},"content":{"rendered":"[vc_row et_full_width=&#8221;true&#8221; et_row_padding=&#8221;true&#8221; css=&#8221;.vc_custom_1678216951899{padding-top: 100px !important;padding-bottom: 260px !important;background: #211a13 url(https:\/\/nordicbags.eu\/wp-content\/uploads\/2023\/02\/DSC08822-scaled-1.jpg?id=3687) !important;background-position: center !important;background-repeat: no-repeat !important;background-size: cover !important;}&#8221;][vc_column et_column_color=&#8221;et-light-column&#8221;][vc_row_inner et_column_align=&#8221;align-center&#8221;][vc_column_inner animation=&#8221;animation bottom-to-top&#8221; offset=&#8221;vc_col-lg-6 vc_col-md-8&#8243;][vc_empty_space height=&#8221;100px&#8221;][vc_column_text css=&#8221;.vc_custom_1678214586882{padding-right: 10% !important;padding-left: 10% !important;}&#8221;]\n<h1 style=\"text-align: center;\">Meie s\u00f5brad ja kaaslased<\/h1>\n<p style=\"text-align: center;\">Loetelu veebipoodidest, mida soovitame kindlasti kontrollida.<\/p>\n[\/vc_column_text][\/vc_column_inner][\/vc_row_inner][\/vc_column][\/vc_row][vc_row et_column_align=&#8221;align-center&#8221; css=&#8221;.vc_custom_1579116726734{margin-top: -200px !important;padding-top: 60px !important;padding-bottom: 20px !important;background-color: #ffffff !important;}&#8221;][vc_column animation=&#8221;animation bottom-to-top&#8221; offset=&#8221;vc_col-lg-6&#8243;][vc_row_inner][vc_column_inner][vc_single_image image=&#8221;4823&#8243;][\/vc_column_inner][\/vc_row_inner][vc_row_inner][vc_column_inner][vc_column_text]<strong><a href=\"https:\/\/whatshoes.co\/\" target=\"_blank\" rel=\"noopener\">Whatshoes<\/a> <\/strong>on rahvusvaheline kingapood, mis m\u00fc\u00fcb NATO sertifitseeritud saapaid.<br \/>\nVastupidavad ja julged saapad on valmistatud Euroopas ning neid usaldavad Eesti, L\u00e4ti, Norra ja Ukraina s\u00f5jav\u00e4gi. [\/vc_column_text][\/vc_column_inner][\/vc_row_inner][vc_row_inner][vc_column_inner][vc_single_image image=&#8221;4827&#8243;][\/vc_column_inner][\/vc_row_inner][vc_row_inner][vc_column_inner][vc_column_text]<a href=\"https:\/\/studioabsurd.com\" target=\"_blank\" rel=\"noopener\"><strong>Stuudio Absurd<\/strong><\/a> on selleks, kui soovite kanda midagi, mis ei ole igav, mis on piiratud ja kohalike kunstnike ja disainerite valmistatud.<br \/>\nStudio Absurd m\u00fc\u00fcb Euroopa s\u00f5ltumatute kunstnike ja disainerite r\u00f5ivaid ja aksessuaare.<br \/>\nNad tarnivad \u00fcle maailma ja nad ei tee igavust.  [\/vc_column_text][\/vc_column_inner][\/vc_row_inner][vc_row_inner][vc_column_inner][vc_single_image image=&#8221;4853&#8243;][\/vc_column_inner][\/vc_row_inner][vc_row_inner][vc_column_inner][vc_column_text]\n<p class=\"p1\"><strong><a href=\"https:\/\/jensandvesper.de\/\" target=\"_blank\" rel=\"noopener\">Jens ja Vesper<\/a> <\/strong>on kaks arhitekti, kes olid majade projekteerimisest veidi t\u00fcdinenud ja tahtsid oma elus kannap\u00f6\u00f6rde teha.<br \/>\nRahutute sakslastena, nagu nad olid, ei olnud mitte midagi tegemata j\u00e4tmine valikuv\u00f5imalus.<br \/>\nMida nad siis tegid?<br \/>\nJensi armastus Skandinaavia kultuuri vastu ja Vesperi kirg minimalismi vastu viisid oma ettev\u00f5tte loomisele, mis \u00fchendab m\u00f5lemad ja m\u00fc\u00fcb asju, mis on ilusad, kuid samas ka vajalikud.   <\/p>\n[\/vc_column_text][\/vc_column_inner][\/vc_row_inner][vc_row_inner][vc_column_inner][vc_single_image image=&#8221;4916&#8243;][\/vc_column_inner][\/vc_row_inner][vc_row_inner][vc_column_inner][vc_column_text]<strong><a href=\"https:\/\/saapavabrik.ee\" target=\"_blank\" rel=\"noopener\">Saapavabrik<\/a><\/strong> on Eesti saapapood, kus on lai valik saapaid, sealhulgas legendaarsed <a href=\"https:\/\/saapavabrik.ee\/product\/norra-sojavae-saapad-m77\/\" target=\"_blank\" rel=\"noopener\">M77-saapad<\/a>.<br \/>\nNeid saapaid usaldavad isegi NATO armeed!<br \/>\nLisaks karmidele saabastele on Saapavabrikul ka valik sussid, sandaalid, kingad ja isegi veganjalatsid!  [\/vc_column_text][\/vc_column_inner][\/vc_row_inner][vc_row_inner][vc_column_inner][vc_single_image image=&#8221;4918&#8243;][\/vc_column_inner][\/vc_row_inner][vc_row_inner][vc_column_inner][vc_column_text]<a href=\"https:\/\/ehtevabrik.ee\/\" target=\"_blank\" rel=\"noopener\"><strong>Ehtevabrik<\/strong><\/a> on Eesti veebipood, mis sobib ideaalselt neile, kes ei armasta igavaid ehteid.<br \/>\nEhtevabrik pakub laia valikut Euroopa disainerite ehteid. [\/vc_column_text][\/vc_column_inner][\/vc_row_inner][vc_row_inner][vc_column_inner][vc_single_image image=&#8221;4953&#8243;][\/vc_column_inner][\/vc_row_inner][vc_row_inner][vc_column_inner][vc_column_text]<strong><a href=\"https:\/\/kingidmehele.ee\/\" target=\"_blank\" rel=\"noopener\">Kingid Mehele ehk kingitused meestele<\/a><\/strong> &#8211; Kas olete kunagi m\u00f5elnud (muidugi olete), mida mehele kinkida?<br \/>\nVeelgi enam, kui sa ei taha enam leppida ettearvatavate valikutega nagu aluspesu v\u00f5i sokid?<br \/>\nKui su isa n\u00e4iteks naudib sauna, siis <a href=\"https:\/\/kingidmehele.ee\/\" target=\"_blank\" rel=\"noopener\">Kingid Mehele<\/a> veebipoes on suur valik saunaga seotud kingitusi.<br \/>\nLoomulikult on olemas ka klassikalisemad kingivalikud &#8211; rahakotid, mansetin\u00f6\u00f6bid ja sokid.   [\/vc_column_text][\/vc_column_inner][\/vc_row_inner][vc_row_inner][vc_column_inner][vc_single_image image=&#8221;5064&#8243;][\/vc_column_inner][\/vc_row_inner][vc_row_inner][vc_column_inner][vc_column_text]<strong><a href=\"https:\/\/kaardihoidja.ee\/\" target=\"_blank\" rel=\"noopener\">Kaardihoidja.ee<\/a><\/strong> &#8211; V\u00e4ike rahakoti ja kaardiarvuti blogi ja pood Eesti turule.<br \/>\nDisclaimer: pood on ka eesti keeles. [\/vc_column_text][\/vc_column_inner][\/vc_row_inner][vc_single_image image=&#8221;6448&#8243; img_size=&#8221;full&#8221;][vc_column_text]<a href=\"https:\/\/saunatark.ee\/\" target=\"_blank\" rel=\"noopener\">Saunatark<\/a> &#8211; nende valikus on hoolikalt valitud saunatooted, mis aitavad teil luua l\u00f5\u00f5gastava ja meeldiva elamuse oma kodus, suvilas v\u00f5i kus iganes soovite.[\/vc_column_text][\/vc_column][\/vc_row]\n","protected":false},"excerpt":{"rendered":"[vc_row et_full_width=&#8221;true&#8221; et_row_padding=&#8221;true&#8221; css=&#8221;.vc_custom_1678216951899{padding-top: 100px !important;padding-bottom: 260px !important;background: #211a13 url(https:\/\/nordicbags.eu\/wp-content\/uploads\/2023\/02\/DSC08822-scaled-1.jpg?id=3687) !important;background-position: center !important;background-repeat: no-repeat !important;background-size: cover !important;}&#8221;][vc_column et_column_color=&#8221;et-light-column&#8221;][vc_row_inner et_column_align=&#8221;align-center&#8221;][vc_column_inner animation=&#8221;animation bottom-to-top&#8221; offset=&#8221;vc_col-lg-6 vc_col-md-8&#8243;][vc_empty_space height=&#8221;100px&#8221;][vc_column_text css=&#8221;.vc_custom_1678214586882{padding-right: 10% !important;padding-left: 10% !important;}&#8221;] Meie s\u00f5brad ja kaaslased Loetelu veebipoodidest, mida soovitame kindlasti kontrollida. [\/vc_column_text][\/vc_column_inner][\/vc_row_inner][\/vc_column][\/vc_row][vc_row et_column_align=&#8221;align-center&#8221; css=&#8221;.vc_custom_1579116726734{margin-top: -200px !important;padding-top: 60px !important;padding-bottom: 20px !important;background-color: #ffffff !important;}&#8221;][vc_column animation=&#8221;animation bottom-to-top&#8221; offset=&#8221;vc_col-lg-6&#8243;][vc_row_inner][vc_column_inner][vc_single_image image=&#8221;4823&#8243;][\/vc_column_inner][\/vc_row_inner][vc_row_inner][vc_column_inner][vc_column_text]Whatshoes on [&#8230;]\n","protected":false},"author":1,"featured_media":0,"parent":0,"menu_order":0,"comment_status":"closed","ping_status":"closed","template":"","meta":{"_acf_changed":false,"footnotes":""},"class_list":["post-8161","page","type-page","status-publish","hentry"],"acf":[],"_links":{"self":[{"href":"https:\/\/nordicbags.eu\/et\/wp-json\/wp\/v2\/pages\/8161","targetHints":{"allow":["GET"]}}],"collection":[{"href":"https:\/\/nordicbags.eu\/et\/wp-json\/wp\/v2\/pages"}],"about":[{"href":"https:\/\/nordicbags.eu\/et\/wp-json\/wp\/v2\/types\/page"}],"author":[{"embeddable":true,"href":"https:\/\/nordicbags.eu\/et\/wp-json\/wp\/v2\/users\/1"}],"replies":[{"embeddable":true,"href":"https:\/\/nordicbags.eu\/et\/wp-json\/wp\/v2\/comments?post=8161"}],"version-history":[{"count":1,"href":"https:\/\/nordicbags.eu\/et\/wp-json\/wp\/v2\/pages\/8161\/revisions"}],"predecessor-version":[{"id":8236,"href":"https:\/\/nordicbags.eu\/et\/wp-json\/wp\/v2\/pages\/8161\/revisions\/8236"}],"wp:attachment":[{"href":"https:\/\/nordicbags.eu\/et\/wp-json\/wp\/v2\/media?parent=8161"}],"curies":[{"name":"wp","href":"https:\/\/api.w.org\/{rel}","templated":true}]}}