{"id":8174,"date":"2019-10-24T00:57:41","date_gmt":"2019-10-24T00:57:41","guid":{"rendered":"https:\/\/nordicbags.eu\/privaatsuspoliitika\/"},"modified":"2024-09-15T12:35:28","modified_gmt":"2024-09-15T12:35:28","slug":"privaatsuspoliitika","status":"publish","type":"page","link":"https:\/\/nordicbags.eu\/et\/privaatsuspoliitika\/","title":{"rendered":"Privaatsuspoliitika"},"content":{"rendered":"\n<p>Veebipoe isikuandmete vastutav t\u00f6\u00f6tleja on LIFTSPARK O\u00dc (14972020), asukohaga Ahtri tn 6a Tallinn, Harjumaa, 10151, e-post <a href=\"mailto:hello@nordicbags.eu\" data-type=\"mailto\" data-id=\"mailto:hello@nordicbags.eu\">hello@nordicbags.eu.<\/a><\/p>\n\n<p><strong>Milliseid isikuandmeid t\u00f6\u00f6deldakse ostmisel?<\/strong><\/p>\n\n<ul class=\"wp-block-list\">\n<li>Nimi, telefoninumber ja e-posti aadress;<\/li>\n\n\n\n<li>K\u00e4ttetoimetamise aadress v\u00f5i pakiautomaadi asukoht;<\/li>\n\n\n\n<li>Kaupade ja teenuste maksumus ning maksetega seotud andmed (ostuajalugu);<\/li>\n\n\n\n<li>Klienditoe andmed;<\/li>\n\n\n\n<li>Pangakonto;<\/li>\n\n\n\n<li>IP-aadress.<\/li>\n<\/ul>\n\n<p><strong>Millistel eesm\u00e4rkidel isikuandmeid t\u00f6\u00f6deldakse?<\/strong><\/p>\n\n<ul class=\"wp-block-list\">\n<li>Isikuandmeid kasutatakse klientide tellimuste haldamiseks ja kaupade tarnimiseks.<\/li>\n\n\n\n<li>Ostuajaloo andmeid (ostu kuup\u00e4ev, kaup, kogus, kliendi andmed) kasutatakse ostetud kaupadest ja teenustest \u00fclevaate koostamiseks, kliendi eelistuste anal\u00fc\u00fcsimiseks ja muu hulgas tarbijavaidluste lahendamiseks.<\/li>\n\n\n\n<li>Pangakonto numbrit kasutatakse kliendile tehtavate maksete tagasimaksmiseks.<\/li>\n\n\n\n<li>Isikuandmeid, nagu kliendi e-posti aadress, telefoninumber ja nimi, t\u00f6\u00f6deldakse kaupade ja teenuste osutamisega seotud k\u00fcsimuste lahendamiseks (klienditugi).\nE-posti kasutatakse ka arvete edastamiseks ja telefoninumbrit selleks, et teavitada klienti tema kauba saabumisest pakiautomaati. <\/li>\n\n\n\n<li>Turunduslikel eesm\u00e4rkidel, sealhulgas uudiskirja, profiilianal\u00fc\u00fcsi ja digitaalse reklaami jaoks, ainult juhul, kui klient on andnud selleks n\u00f5usoleku.<\/li>\n\n\n\n<li>Veebipoe kasutajate IP-aadressi v\u00f5i muid veebitunnuseid t\u00f6\u00f6deldakse veebipoe kui info\u00fchiskonna teenuse osutamiseks ja veebi kasutamise statistika tegemiseks.<\/li>\n<\/ul>\n\n<p><strong>\u00d5iguslik alus<\/strong><\/p>\n\n<ul class=\"wp-block-list\">\n<li>Isikuandmete t\u00f6\u00f6tlemise eesm\u00e4rk on kliendiga s\u00f5lmitud lepingu t\u00e4itmine (kliendi tellimuste haldamine, tarnimine, kaupade tagastamine ja maksete tagasimaksmine).<\/li>\n\n\n\n<li>Isikuandmeid t\u00f6\u00f6deldakse juriidiliste kohustuste t\u00e4itmiseks (nt raamatupidamine).<\/li>\n\n\n\n<li>Isikuandmete t\u00f6\u00f6tlemine, st ostuajaloo andmete kogumine v\u00f5imalike tarbijavaidluste lahendamiseks, on vajalik vastutava t\u00f6\u00f6tleja \u00f5igustatud huvi t\u00f5ttu.<\/li>\n<\/ul>\n\n<p><strong>Isikuandmete vastuv\u00f5tjad<\/strong><\/p>\n\n<ul class=\"wp-block-list\">\n<li>Isikuandmed edastatakse e-poe klienditoele, et hallata ostuajalugu ja lahendada kliendiprobleeme.<\/li>\n\n\n\n<li>Nimi, telefoninumber ja artikli SKU-d edastatakse partneritele tellimuste t\u00e4itmise teenuse osutamiseks.<\/li>\n\n\n\n<li>Nimi, telefoninumber ja e-posti aadress edastatakse kliendi valitud transporditeenuse pakkujale.\nKui kauba toimetab kohale kuller, edastatakse kullerile kliendi kontaktandmed ja aadress. <\/li>\n\n\n\n<li>Nimi ja ostuajalugu edastatakse raamatupidamisettev\u00f5ttele nende raamatupidamistoimingute tegemiseks.<\/li>\n<\/ul>\n\n<p><strong>Turvalisus ja juurdep\u00e4\u00e4s andmetele<\/strong><\/p>\n\n<ul class=\"wp-block-list\">\n<li>Isikuandmeid s\u00e4ilitatakse zone.ee serverites, mis asuvad Euroopa Liidu liikmesriigi v\u00f5i Euroopa Majanduspiirkonna riikide territooriumil.\nAndmeid v\u00f5ib edastada riikidesse, mille andmekaitse tase on Euroopa Komisjoni hinnangul piisav, v\u00f5i kolmanda riigi ettev\u00f5ttele, mille suhtes on kohaldatud GDPR artiklites 46 v\u00f5i 47 v\u00f5i \u00a7 49 l\u00f5ikes 1 s\u00e4testatud kaitsemeetmeid. <\/li>\n\n\n\n<li>Veebipoe t\u00f6\u00f6tajad saavad juurdep\u00e4\u00e4su isikuandmetele, et lahendada veebipoe kasutamisega seotud tehnilisi probleeme ja pakkuda kliendituge.<\/li>\n\n\n\n<li>Veebipood rakendab asjakohaseid f\u00fc\u00fcsilisi, organisatsioonilisi ja infotehnoloogilisi turvameetmeid, et kaitsta isikuandmeid juhusliku v\u00f5i ebaseadusliku h\u00e4vitamise, kadumise, muutmise v\u00f5i volitamata juurdep\u00e4\u00e4su ja avalikustamise eest.\nNeed meetmed on j\u00e4rgmised:\n1) andmevahetus e-poega toimub kr\u00fcpteeritud \u00fchenduse (TSL) kaudu;\n2) e-kirjade saatmisel kasutatakse standardset kr\u00fcpteerimist:\n3) veebipoe serverite kaitseks on olemas tulem\u00fc\u00fcr ja asjakohane viiruset\u00f5rje;\n4) kasutatakse korrap\u00e4raseid varukoopiaid, mida hoitakse e-poe serveritest eraldi.     <\/li>\n\n\n\n<li>Isikuandmeid edastatakse volitatud t\u00f6\u00f6tlejatele (nt transporditeenuse pakkujale ja andmek\u00e4itlejatele) veebipoe ja volitatud t\u00f6\u00f6tlejate vaheliste lepingute alusel.\nAndmete t\u00f6\u00f6tlemisel on volitatud t\u00f6\u00f6tlejad kohustatud tagama asjakohased kaitsemeetmed vastavalt GDPRi artiklile 28. <\/li>\n<\/ul>\n\n<p><strong>Juurdep\u00e4\u00e4s isikuandmetele ja nende parandamine<\/strong><\/p>\n\n<ul class=\"wp-block-list\">\n<li>Isikuandmeid saab vaadata ja parandada veebipoe klienditoe kaudu.\nKui taotlus isikuandmetele juurdep\u00e4\u00e4suks on esitatud elektrooniliselt, edastatakse teave ka \u00fcldkasutatavate elektrooniliste vahendite kaudu. <\/li>\n<\/ul>\n\n<p><strong>N\u00f5usoleku tagasiv\u00f5tmine<\/strong><\/p>\n\n<ul class=\"wp-block-list\">\n<li>Kui isikuandmeid t\u00f6\u00f6deldakse kliendi n\u00f5usolekul, on kliendil \u00f5igus oma n\u00f5usolek tagasi v\u00f5tta, tehes vastavad muudatused kasutajakonto seadetes v\u00f5i teatades sellest klienditoele e-posti teel.<\/li>\n<\/ul>\n\n<p><strong>Ladustamine<\/strong><\/p>\n\n<ul class=\"wp-block-list\">\n<li>Isikuandmeid ei s\u00e4ilitata, v\u00e4lja arvatud isikuandmed, mis on vajalikud raamatupidamiseks v\u00f5i tarbijavaidluste lahendamiseks.<\/li>\n\n\n\n<li>Maksetega seotud vaidluste ja tarbijavaidluste korral s\u00e4ilitatakse isikuandmeid kuni n\u00f5ude lahendamiseni v\u00f5i aegumist\u00e4htaja l\u00f5ppemiseni.\nRaamatupidamisdokumentide originaalide isikuandmeid s\u00e4ilitatakse seitse aastat. <\/li>\n<\/ul>\n\n<p><strong>Piirangud<\/strong><\/p>\n\n<ul class=\"wp-block-list\">\n<li>Kui andmed on eba\u00f5iged, ebat\u00e4ielikud v\u00f5i neid t\u00f6\u00f6deldakse ebaseaduslikult, on kliendil \u00f5igus n\u00f5uda oma isikuandmete t\u00f6\u00f6tlemise piiramist.<\/li>\n<\/ul>\n\n<p><strong>Vastuv\u00e4ited<\/strong><\/p>\n\n<ul class=\"wp-block-list\">\n<li>Kliendil on \u00f5igus esitada vastuv\u00e4iteid oma isikuandmete t\u00f6\u00f6tlemise kohta, kui tal on p\u00f5hjust arvata, et tema isikuandmete t\u00f6\u00f6tlemiseks puudub \u00f5iguslik alus.<\/li>\n<\/ul>\n\n<p><strong>Erasure<\/strong><\/p>\n\n<ul class=\"wp-block-list\">\n<li>Isikuandmete kustutamiseks tuleb v\u00f5tta \u00fchendust klienditoega <a href=\"mailto:%20hello@whatshoes.co\">e-posti<\/a> teel.\nKustutamistaotlustele vastatakse \u00fche kuu jooksul ja kustutamise periood on t\u00e4psustatud.\nVastuses taotlusele m\u00e4rgitakse ka, milliseid isikuandmeid ei kustutata, millisel \u00f5iguslikul alusel ja miks.  <\/li>\n<\/ul>\n\n<p><strong>\u00dclekanne<\/strong><\/p>\n\n<ul class=\"wp-block-list\">\n<li>E-posti teel esitatud isikuandmete edastamise taotlustele vastatakse \u00fche kuu jooksul.\nKlienditugi tuvastab isiku ja n\u00e4itab, milliseid isikuandmeid tuleb edastada. <\/li>\n<\/ul>\n\n<p><strong>Otseturunduss\u00f5numid<\/strong><\/p>\n\n<ul class=\"wp-block-list\">\n<li>E-posti aadressi ja telefoninumbrit kasutatakse otseturunduss\u00f5numite saatmiseks, kui klient on andnud n\u00f5usoleku selliste s\u00f5numite saamiseks.\nKui klient ei soovi enam otseturunduss\u00f5numeid saada, peaks ta valima vastava lingi e-kirja allosas v\u00f5i v\u00f5tma \u00fchendust klienditoega. <\/li>\n\n\n\n<li>Kui isikuandmeid t\u00f6\u00f6deldakse otseturunduse eesm\u00e4rgil (profiilianal\u00fc\u00fcs), on kliendil \u00f5igus igal ajal esitada vastuv\u00e4iteid nii oma isikuandmete esialgsele kui ka edasisele t\u00f6\u00f6tlemisele, sealhulgas otseturundusega seotud profiilianal\u00fc\u00fcsile, teatades sellest klienditoele <a href=\"mailto:hello@whatshoes.co\">e-posti<\/a> teel (vastav teave tuleb esitada selgelt ja muust teabest eraldi).<\/li>\n<\/ul>\n\n<p><strong>Vaidluste lahendamine<\/strong><\/p>\n\n<ul class=\"wp-block-list\">\n<li>Isikuandmete t\u00f6\u00f6tlemisega seotud vaidlused lahendatakse klienditoe kaudu<a href=\"mailto:hello@studioabsurd.com\">(hello@nordicbags.eu)<\/a>.\nJ\u00e4relevalveasutus on Eesti Andmekaitse Inspektsioon<a href=\"mailto:info@aki.ee\">(info@aki.ee)<\/a>. <\/li>\n<\/ul>\n","protected":false},"excerpt":{"rendered":"<p>Veebipoe isikuandmete vastutav t\u00f6\u00f6tleja on LIFTSPARK O\u00dc (14972020), asukohaga Ahtri tn 6a Tallinn, Harjumaa, 10151, e-post hello@nordicbags.eu. Milliseid isikuandmeid t\u00f6\u00f6deldakse ostmisel? Millistel eesm\u00e4rkidel isikuandmeid t\u00f6\u00f6deldakse? \u00d5iguslik alus Isikuandmete vastuv\u00f5tjad Turvalisus ja juurdep\u00e4\u00e4s andmetele Juurdep\u00e4\u00e4s isikuandmetele ja nende parandamine N\u00f5usoleku tagasiv\u00f5tmine Ladustamine Piirangud Vastuv\u00e4ited Erasure \u00dclekanne Otseturunduss\u00f5numid Vaidluste lahendamine<\/p>\n","protected":false},"author":1,"featured_media":0,"parent":0,"menu_order":0,"comment_status":"closed","ping_status":"closed","template":"","meta":{"_acf_changed":false,"footnotes":""},"class_list":["post-8174","page","type-page","status-publish","hentry"],"acf":[],"_links":{"self":[{"href":"https:\/\/nordicbags.eu\/et\/wp-json\/wp\/v2\/pages\/8174","targetHints":{"allow":["GET"]}}],"collection":[{"href":"https:\/\/nordicbags.eu\/et\/wp-json\/wp\/v2\/pages"}],"about":[{"href":"https:\/\/nordicbags.eu\/et\/wp-json\/wp\/v2\/types\/page"}],"author":[{"embeddable":true,"href":"https:\/\/nordicbags.eu\/et\/wp-json\/wp\/v2\/users\/1"}],"replies":[{"embeddable":true,"href":"https:\/\/nordicbags.eu\/et\/wp-json\/wp\/v2\/comments?post=8174"}],"version-history":[{"count":3,"href":"https:\/\/nordicbags.eu\/et\/wp-json\/wp\/v2\/pages\/8174\/revisions"}],"predecessor-version":[{"id":8249,"href":"https:\/\/nordicbags.eu\/et\/wp-json\/wp\/v2\/pages\/8174\/revisions\/8249"}],"wp:attachment":[{"href":"https:\/\/nordicbags.eu\/et\/wp-json\/wp\/v2\/media?parent=8174"}],"curies":[{"name":"wp","href":"https:\/\/api.w.org\/{rel}","templated":true}]}}