{"id":8019,"date":"2023-02-27T23:10:35","date_gmt":"2023-02-27T23:10:35","guid":{"rendered":"https:\/\/nordicbags.eu\/peegeldav-seljakott-qr\/"},"modified":"2024-10-12T06:30:04","modified_gmt":"2024-10-12T06:30:04","slug":"peegeldav-seljakott-qr","status":"publish","type":"product","link":"https:\/\/nordicbags.eu\/et\/toode\/peegeldav-seljakott-qr\/","title":{"rendered":"peegeldav seljakott QR"},"content":{"rendered":"","protected":false},"excerpt":{"rendered":"<p>MARCH helkurkott p\u00e4\u00e4stmiseks! J\u00e4tke oma vanamoodne helkur \u00fclemisele riiulile. Haara see kott, mis on m\u00f5eldud sinu m\u00e4rkamiseks. J\u00e4\u00e4ge \u00f6\u00f6sel n\u00e4htavaks ja turvaliseks. N\u00e4evad hea v\u00e4lja p\u00e4ikeset\u00f5usu ajal. Omandage oma asjad, et nad ei omastaks teid.<\/p>\n<ul>\n<li>Pikaajaline ja peegeldav tr\u00fckis<\/li>\n<li>Veekindel<\/li>\n<li>Sisemine tasku<\/li>\n<li>Suurus: 36 x 40 cm<\/li>\n<li>Valmistatud Leedus (EL)<\/li>\n<li>Kujundanud Martynas Kazimier\u0117nas<\/li>\n<li>OEKO-TEX\u00ae STANDARD 100<\/li>\n<\/ul>\n","protected":false},"featured_media":8023,"comment_status":"open","ping_status":"closed","template":"","meta":{"_acf_changed":false},"pwb-brand":[],"product_brand":[],"product_cat":[330],"product_tag":[],"class_list":{"0":"post-8019","1":"product","2":"type-product","3":"status-publish","4":"has-post-thumbnail","6":"product_cat-seljakotid-ja-paevakotid","8":"first","9":"instock","10":"taxable","11":"shipping-taxable","12":"purchasable","13":"product-type-simple"},"acf":[],"brands":[],"_links":{"self":[{"href":"https:\/\/nordicbags.eu\/et\/wp-json\/wp\/v2\/product\/8019","targetHints":{"allow":["GET"]}}],"collection":[{"href":"https:\/\/nordicbags.eu\/et\/wp-json\/wp\/v2\/product"}],"about":[{"href":"https:\/\/nordicbags.eu\/et\/wp-json\/wp\/v2\/types\/product"}],"replies":[{"embeddable":true,"href":"https:\/\/nordicbags.eu\/et\/wp-json\/wp\/v2\/comments?post=8019"}],"wp:featuredmedia":[{"embeddable":true,"href":"https:\/\/nordicbags.eu\/et\/wp-json\/wp\/v2\/media\/8023"}],"wp:attachment":[{"href":"https:\/\/nordicbags.eu\/et\/wp-json\/wp\/v2\/media?parent=8019"}],"wp:term":[{"taxonomy":"pwb-brand","embeddable":true,"href":"https:\/\/nordicbags.eu\/et\/wp-json\/wp\/v2\/pwb-brand?post=8019"},{"taxonomy":"product_brand","embeddable":true,"href":"https:\/\/nordicbags.eu\/et\/wp-json\/wp\/v2\/product_brand?post=8019"},{"taxonomy":"product_cat","embeddable":true,"href":"https:\/\/nordicbags.eu\/et\/wp-json\/wp\/v2\/product_cat?post=8019"},{"taxonomy":"product_tag","embeddable":true,"href":"https:\/\/nordicbags.eu\/et\/wp-json\/wp\/v2\/product_tag?post=8019"}],"curies":[{"name":"wp","href":"https:\/\/api.w.org\/{rel}","templated":true}]}}