{"id":8052,"date":"2023-02-27T23:10:50","date_gmt":"2023-02-27T23:10:50","guid":{"rendered":"https:\/\/nordicbags.eu\/berg-vildist-sulearvuti-kohver-13-hall\/"},"modified":"2024-09-03T15:19:35","modified_gmt":"2024-09-03T15:19:35","slug":"berg-vildist-sulearvuti-kohver-13-hall","status":"publish","type":"product","link":"https:\/\/nordicbags.eu\/et\/toode\/berg-vildist-sulearvuti-kohver-13-hall\/","title":{"rendered":"BERG vildist s\u00fclearvuti kohver 13 &#8211; Hall"},"content":{"rendered":"","protected":false},"excerpt":{"rendered":"<p><strong>BERG<\/strong> on \u00f5huke dokumendikott v\u00f5i s\u00fclearvuti kott, millel on eemaldatav randmepael. BERGil on lihtne signatuurne disain neile, kes hindavad minimalismi: \u00f5huke unisex dokumendikott v\u00f5i eemaldatava randmepaelaga s\u00fclearvutikott. Sirge l\u00f5ige annab keerulise ja moodsa v\u00e4limuse. Esiklapp kinnitub magnetlukuga. Nordhale&#8217;i kotid on m\u00f5eldud neile, kes hindavad aeglast eluviisi ja julgevad eristuda tavalisest. 100% k\u00e4sitsi valmistatud Eestis. M\u00f5eldud kestma igas ilmastikuolukorras.<\/p>\n<ul>\n<li>Ringlussev\u00f5etud PET-vilt<\/li>\n<li>Ilmastikukindel<\/li>\n<li>100% k\u00e4sitsi valmistatud Eestis<\/li>\n<li>Saadetakse keskkonnas\u00f5bralikus pakendis<\/li>\n<li>M\u00f5\u00f5tmed 25 x 34 x 2 cm (k\u00f5rgus, pikkus, laius)<\/li>\n<li>Kaal 271g<\/li>\n<\/ul>\n","protected":false},"featured_media":8057,"comment_status":"open","ping_status":"closed","template":"","meta":{"_acf_changed":false},"pwb-brand":[340],"product_brand":[],"product_cat":[338],"product_tag":[],"class_list":{"0":"post-8052","1":"product","2":"type-product","3":"status-publish","4":"has-post-thumbnail","6":"pwb-brand-nordhale-et","7":"product_cat-sulearvuti-kotid-ja-varrukad","8":"product_shipping_class-tavaline","10":"first","11":"instock","12":"taxable","13":"shipping-taxable","14":"purchasable","15":"product-type-variable"},"acf":[],"brands":[{"id":340,"name":"Nordhale","slug":"nordhale-et"}],"_links":{"self":[{"href":"https:\/\/nordicbags.eu\/et\/wp-json\/wp\/v2\/product\/8052","targetHints":{"allow":["GET"]}}],"collection":[{"href":"https:\/\/nordicbags.eu\/et\/wp-json\/wp\/v2\/product"}],"about":[{"href":"https:\/\/nordicbags.eu\/et\/wp-json\/wp\/v2\/types\/product"}],"replies":[{"embeddable":true,"href":"https:\/\/nordicbags.eu\/et\/wp-json\/wp\/v2\/comments?post=8052"}],"wp:featuredmedia":[{"embeddable":true,"href":"https:\/\/nordicbags.eu\/et\/wp-json\/wp\/v2\/media\/8057"}],"wp:attachment":[{"href":"https:\/\/nordicbags.eu\/et\/wp-json\/wp\/v2\/media?parent=8052"}],"wp:term":[{"taxonomy":"pwb-brand","embeddable":true,"href":"https:\/\/nordicbags.eu\/et\/wp-json\/wp\/v2\/pwb-brand?post=8052"},{"taxonomy":"product_brand","embeddable":true,"href":"https:\/\/nordicbags.eu\/et\/wp-json\/wp\/v2\/product_brand?post=8052"},{"taxonomy":"product_cat","embeddable":true,"href":"https:\/\/nordicbags.eu\/et\/wp-json\/wp\/v2\/product_cat?post=8052"},{"taxonomy":"product_tag","embeddable":true,"href":"https:\/\/nordicbags.eu\/et\/wp-json\/wp\/v2\/product_tag?post=8052"}],"curies":[{"name":"wp","href":"https:\/\/api.w.org\/{rel}","templated":true}]}}