{"id":8055,"date":"2023-02-27T23:19:17","date_gmt":"2023-02-27T23:19:17","guid":{"rendered":"https:\/\/nordicbags.eu\/facet-sulearvuti-kohver-must\/"},"modified":"2024-09-03T15:13:52","modified_gmt":"2024-09-03T15:13:52","slug":"facet-sulearvuti-kohver-must","status":"publish","type":"product","link":"https:\/\/nordicbags.eu\/et\/toode\/facet-sulearvuti-kohver-must\/","title":{"rendered":"FACET s\u00fclearvuti kohver &#8211; must"},"content":{"rendered":"","protected":false},"excerpt":{"rendered":"<p>Tutvustame <strong>FACETi<\/strong> stiilset ja funktsionaalset musta s\u00fclearvutikotti, mis on \u00fchtlasi ka moodne k\u00e4ekott. See parimatest kroomitud nahkadest valmistatud kott on kvaliteetse k\u00e4sit\u00f6\u00f6 ja vastupidavuse kehastus. Mugavust silmas pidades on kotil avar sisetasku, kuhu mahub s\u00fclearvuti ja muud dokumendid. Tasku on avatud, v\u00f5imaldades h\u00f5lpsasti ligi p\u00e4\u00e4seda olulistele asjadele, kaitstes samal ajal piisavalt elektroonikat. Koti elegantse ja minimalistliku disaini t\u00f5ttu sobib see ideaalselt professionaalidele, kes on alati liikvel. Selle mitmek\u00fclgne stiil t\u00e4iendab h\u00f5lpsasti mis tahes riietust, olgu selleks siis \u00e4rikohtumine v\u00f5i s\u00f5pradega kohvi joomine. Must s\u00fclearvutikott on saadaval kahes variandis &#8211; reguleeritava pika rihmaga v\u00f5i ilma. Rihm pakub lisamugavust ja -mugavust, v\u00f5imaldades teil kotti vajaduse korral k\u00e4ed vabaduses kanda. \u00dcldiselt on see s\u00fclearvutikott t\u00e4iuslik segu moest ja funktsionaalsusest. See on kohustuslik aksessuaar k\u00f5igile, kes soovivad lisada oma igap\u00e4evaellu elegantsust ja rafineeritust. Gerda Retter Design on alates 2016. aastast Eesti aksessuaaribr\u00e4nd, mis valmistab iga toote k\u00e4sitsi ja kasutab ainult kvaliteetset kroomitud nahka oma Tartus asuvas ateljees. Br\u00e4ndi tunnusjooned on ruumilised vormid ja geomeetrilised kujundid ning p\u00f5hjamaiste v\u00e4rvide ja arhitektuuri tagasihoidlik elegants.<\/p>\n<ul>\n<li>M\u00f5\u00f5tmed: 32 cm x 27 cm x 10 cm<\/li>\n<li>Materjal: Kvaliteetne Hispaania nahk<\/li>\n<li>Disainitud ja valmistatud Eestis<\/li>\n<\/ul>\n","protected":false},"featured_media":8061,"comment_status":"open","ping_status":"closed","template":"","meta":{"_acf_changed":false},"pwb-brand":[336],"product_brand":[],"product_cat":[343,334,344,338],"product_tag":[],"class_list":{"0":"post-8055","1":"product","2":"type-product","3":"status-publish","4":"has-post-thumbnail","6":"pwb-brand-gerda-retter-design-et","7":"product_cat-kaekotid","8":"product_cat-nahast-kotid","9":"product_cat-olakotid","10":"product_cat-sulearvuti-kotid-ja-varrukad","11":"product_shipping_class-tavaline","13":"first","14":"outofstock","15":"taxable","16":"shipping-taxable","17":"purchasable","18":"product-type-variable"},"acf":[],"brands":[{"id":336,"name":"Gerda Retter Design","slug":"gerda-retter-design-et"}],"_links":{"self":[{"href":"https:\/\/nordicbags.eu\/et\/wp-json\/wp\/v2\/product\/8055","targetHints":{"allow":["GET"]}}],"collection":[{"href":"https:\/\/nordicbags.eu\/et\/wp-json\/wp\/v2\/product"}],"about":[{"href":"https:\/\/nordicbags.eu\/et\/wp-json\/wp\/v2\/types\/product"}],"replies":[{"embeddable":true,"href":"https:\/\/nordicbags.eu\/et\/wp-json\/wp\/v2\/comments?post=8055"}],"wp:featuredmedia":[{"embeddable":true,"href":"https:\/\/nordicbags.eu\/et\/wp-json\/wp\/v2\/media\/8061"}],"wp:attachment":[{"href":"https:\/\/nordicbags.eu\/et\/wp-json\/wp\/v2\/media?parent=8055"}],"wp:term":[{"taxonomy":"pwb-brand","embeddable":true,"href":"https:\/\/nordicbags.eu\/et\/wp-json\/wp\/v2\/pwb-brand?post=8055"},{"taxonomy":"product_brand","embeddable":true,"href":"https:\/\/nordicbags.eu\/et\/wp-json\/wp\/v2\/product_brand?post=8055"},{"taxonomy":"product_cat","embeddable":true,"href":"https:\/\/nordicbags.eu\/et\/wp-json\/wp\/v2\/product_cat?post=8055"},{"taxonomy":"product_tag","embeddable":true,"href":"https:\/\/nordicbags.eu\/et\/wp-json\/wp\/v2\/product_tag?post=8055"}],"curies":[{"name":"wp","href":"https:\/\/api.w.org\/{rel}","templated":true}]}}