{"id":8076,"date":"2023-02-27T23:17:36","date_gmt":"2023-02-27T23:17:36","guid":{"rendered":"https:\/\/nordicbags.eu\/nahast-sulearvuti-kohver-koos-klapiga\/"},"modified":"2024-09-03T15:11:07","modified_gmt":"2024-09-03T15:11:07","slug":"nahast-sulearvuti-kohver-koos-klapiga","status":"publish","type":"product","link":"https:\/\/nordicbags.eu\/et\/toode\/nahast-sulearvuti-kohver-koos-klapiga\/","title":{"rendered":"Nahast s\u00fclearvuti kohver koos klapiga"},"content":{"rendered":"","protected":false},"excerpt":{"rendered":"<p>See keerukas <strong>nahast s\u00fclearvutikott koos klapiga<\/strong> on valmistatud k\u00e4sitsi Stella Soomlaise nahastuudios Eestis. See on valmistatud taimse pargiga nahast, kasutades ainult looduslikke parkaineid ja ilma kahjulike kemikaalideta. See arendab aja jooksul meeldiva patina ja vananeb kaunilt. See on vastupidav, seda on lihtne hooldada ja see kestab aastak\u00fcmneid ja isegi eluaeg. Klapp hoiab s\u00fclearvuti turvaliselt \u00fcmbrises ja kaitseb seda tolmu ja kriimustuste eest. Kohver on saadaval 2 erinevas suuruses: 13&#8243; ja 16&#8243;. V\u00e4iksem neist sobib 13&#8243; MacBook Airile ja 13&#8243; MacBook Prole. Ja suurem on ideaalne 16-tollise MacBook Pro jaoks. <strong>Stella Soomlais<\/strong> on tunnustatud disainibr\u00e4nd Eestist, mis loob ja toodab k\u00f5ik oma tooted kohapeal. Nad keskenduvad funktsionaalsete ja vastupidavate kottide ja aksessuaaride loomisele, mis on valmistatud vastutustundlikult. Lisaks sellele on iga toode ainulaadselt valmistatud eritellimusel.<\/p>\n<ul>\n<li>Valmistatud taimse pargitud nahast<\/li>\n<li>M\u00f5\u00f5tmed 13&#8243; jaoks: 33 x 22,5 x 2,5 cm<\/li>\n<li>M\u00f5\u00f5tmed 16&#8243; jaoks: 39 x 26 x 2,5 cm<\/li>\n<li>Disainitud ja valmistatud Eestis<\/li>\n<\/ul>\n","protected":false},"featured_media":8087,"comment_status":"open","ping_status":"closed","template":"","meta":{"_acf_changed":false},"pwb-brand":[350],"product_brand":[],"product_cat":[334,338],"product_tag":[],"class_list":{"0":"post-8076","1":"product","2":"type-product","3":"status-publish","4":"has-post-thumbnail","6":"pwb-brand-stella-soomlais-et","7":"product_cat-nahast-kotid","8":"product_cat-sulearvuti-kotid-ja-varrukad","9":"product_shipping_class-tellimuse-jargi-valmistatud","11":"first","12":"outofstock","13":"taxable","14":"shipping-taxable","15":"purchasable","16":"product-type-variable"},"acf":[],"brands":[{"id":350,"name":"Stella Soomlais","slug":"stella-soomlais-et"}],"_links":{"self":[{"href":"https:\/\/nordicbags.eu\/et\/wp-json\/wp\/v2\/product\/8076","targetHints":{"allow":["GET"]}}],"collection":[{"href":"https:\/\/nordicbags.eu\/et\/wp-json\/wp\/v2\/product"}],"about":[{"href":"https:\/\/nordicbags.eu\/et\/wp-json\/wp\/v2\/types\/product"}],"replies":[{"embeddable":true,"href":"https:\/\/nordicbags.eu\/et\/wp-json\/wp\/v2\/comments?post=8076"}],"wp:featuredmedia":[{"embeddable":true,"href":"https:\/\/nordicbags.eu\/et\/wp-json\/wp\/v2\/media\/8087"}],"wp:attachment":[{"href":"https:\/\/nordicbags.eu\/et\/wp-json\/wp\/v2\/media?parent=8076"}],"wp:term":[{"taxonomy":"pwb-brand","embeddable":true,"href":"https:\/\/nordicbags.eu\/et\/wp-json\/wp\/v2\/pwb-brand?post=8076"},{"taxonomy":"product_brand","embeddable":true,"href":"https:\/\/nordicbags.eu\/et\/wp-json\/wp\/v2\/product_brand?post=8076"},{"taxonomy":"product_cat","embeddable":true,"href":"https:\/\/nordicbags.eu\/et\/wp-json\/wp\/v2\/product_cat?post=8076"},{"taxonomy":"product_tag","embeddable":true,"href":"https:\/\/nordicbags.eu\/et\/wp-json\/wp\/v2\/product_tag?post=8076"}],"curies":[{"name":"wp","href":"https:\/\/api.w.org\/{rel}","templated":true}]}}