{"id":8097,"date":"2023-02-27T23:34:47","date_gmt":"2023-02-27T23:34:47","guid":{"rendered":"https:\/\/nordicbags.eu\/beebi-tarvikud-kaekott-cappuccino\/"},"modified":"2023-02-27T23:34:47","modified_gmt":"2023-02-27T23:34:47","slug":"beebi-tarvikud-kaekott-cappuccino","status":"publish","type":"product","link":"https:\/\/nordicbags.eu\/et\/toode\/beebi-tarvikud-kaekott-cappuccino\/","title":{"rendered":"Beebi tarvikud k\u00e4ekott &#8211; Cappuccino"},"content":{"rendered":"","protected":false},"excerpt":{"rendered":"<p>Tutvuge \u00c4lly k\u00e4ekotiga <strong>Cappuccino<\/strong>, stiilse ja mugava Eesti br\u00e4ndiga, kuhu \u00fcllatuslikult mahub k\u00f5ik vajalik.<br \/>\nThe <strong><strong>Cappuccino<\/strong><\/strong> on stiilne ja mitmek\u00fclgne k\u00e4ekott, mis on ideaalne aksessuaar h\u00f5ivatud emadele, kes on teel.<br \/>\nKvaliteetsest PU vegannahast valmistatud k\u00e4ekott on nii stiilne kui ka praktiline.<br \/>\nVastupidav materjal on kerge, mist\u00f5ttu on seda lihtne kaasas kanda, ning seda on ka lihtne hooldada, tagades, et see n\u00e4eb aastaid hea v\u00e4lja.<br \/>\nSelle k\u00e4ekoti avar sisemus v\u00f5imaldab mahutada k\u00f5ik igap\u00e4evased esmatarbekaubad, sealhulgas beebitarvikud, nagu m\u00e4hkmed ja m\u00e4nguasjad.<br \/>\nLisaks on kotis spetsiaalne tasku, mis on m\u00f5eldud niiskete salvr\u00e4tikute hoidmiseks, et oleks lihtne puhastada igasugust jama v\u00f5i lekkeid.<br \/>\nKotil on nii pikk rihm kui ka v\u00e4ike randmerihm, mis annab teile paindlikkuse, et kanda seda just teie vajadustele sobival viisil.<br \/>\nPikk rihm v\u00f5imaldab kotti kanda \u00fcle keha, hoides k\u00e4ed vabana, samal ajal kui randmerihm sobib ideaalselt koti kandmiseks k\u00e4es v\u00f5i randmel.<br \/>\nOlenemata sellest, kas te l\u00e4hete p\u00e4evasteks asjaajamisteks v\u00f5i n\u00e4dalavahetuseks, see mitmek\u00fclgne k\u00e4ekott on teile igati sobilik.        <\/p>\n<p>\u00c4lly on kaubam\u00e4rk, mille on loonud Silja, kes liikuva emana p\u00fc\u00fcdis leida tooteid, mis vastaksid nii tema kui lapsevanema funktsionaalsetele vajadustele kui ka tema soovile stiilsete aksessuaaride j\u00e4rele, mille tulemuseks on mitmek\u00fclgsete ja moekate k\u00e4ekottide sari, mis on loodud nii, et need sobiksid k\u00f5igile t\u00e4nap\u00e4eva naise h\u00e4davajalikele asjadele.  <\/p>\n<ul>\n<li>Projekteeritud ja arendatud Eestis<\/li>\n<li>V\u00e4ga kerge &#8211; kaalub ainult 0,3 kg.<\/li>\n<li>Eemaldatav m\u00e4rgade salvr\u00e4tikute tasku<\/li>\n<li>\u00d5la- ja randmerihm kaasas<\/li>\n<\/ul>\n","protected":false},"featured_media":8099,"comment_status":"open","ping_status":"closed","template":"","meta":{"_acf_changed":false},"pwb-brand":[352],"product_brand":[],"product_cat":[343,351],"product_tag":[],"class_list":{"0":"post-8097","1":"product","2":"type-product","3":"status-publish","4":"has-post-thumbnail","6":"pwb-brand-ally-et","7":"product_cat-kaekotid","8":"product_cat-mahkmekotid","9":"product_shipping_class-tavaline","11":"first","12":"instock","13":"taxable","14":"shipping-taxable","15":"purchasable","16":"product-type-simple"},"acf":[],"brands":[{"id":352,"name":"\u00c4lly","slug":"ally-et"}],"_links":{"self":[{"href":"https:\/\/nordicbags.eu\/et\/wp-json\/wp\/v2\/product\/8097","targetHints":{"allow":["GET"]}}],"collection":[{"href":"https:\/\/nordicbags.eu\/et\/wp-json\/wp\/v2\/product"}],"about":[{"href":"https:\/\/nordicbags.eu\/et\/wp-json\/wp\/v2\/types\/product"}],"replies":[{"embeddable":true,"href":"https:\/\/nordicbags.eu\/et\/wp-json\/wp\/v2\/comments?post=8097"}],"wp:featuredmedia":[{"embeddable":true,"href":"https:\/\/nordicbags.eu\/et\/wp-json\/wp\/v2\/media\/8099"}],"wp:attachment":[{"href":"https:\/\/nordicbags.eu\/et\/wp-json\/wp\/v2\/media?parent=8097"}],"wp:term":[{"taxonomy":"pwb-brand","embeddable":true,"href":"https:\/\/nordicbags.eu\/et\/wp-json\/wp\/v2\/pwb-brand?post=8097"},{"taxonomy":"product_brand","embeddable":true,"href":"https:\/\/nordicbags.eu\/et\/wp-json\/wp\/v2\/product_brand?post=8097"},{"taxonomy":"product_cat","embeddable":true,"href":"https:\/\/nordicbags.eu\/et\/wp-json\/wp\/v2\/product_cat?post=8097"},{"taxonomy":"product_tag","embeddable":true,"href":"https:\/\/nordicbags.eu\/et\/wp-json\/wp\/v2\/product_tag?post=8097"}],"curies":[{"name":"wp","href":"https:\/\/api.w.org\/{rel}","templated":true}]}}