{"id":8100,"date":"2023-02-27T23:17:52","date_gmt":"2023-02-27T23:17:52","guid":{"rendered":"https:\/\/nordicbags.eu\/nahast-sulearvutikott-must\/"},"modified":"2024-09-03T15:11:15","modified_gmt":"2024-09-03T15:11:15","slug":"nahast-sulearvutikott-must","status":"publish","type":"product","link":"https:\/\/nordicbags.eu\/et\/toode\/nahast-sulearvutikott-must\/","title":{"rendered":"Nahast s\u00fclearvutikott &#8211; must"},"content":{"rendered":"","protected":false},"excerpt":{"rendered":"<p>Lihtne, kuid v\u00e4\u00e4rikas <strong>nahast s\u00fclearvuti \u00fcmbris<\/strong> auhinnatud Eesti disainerilt Stella Soomlaisilt kaitseb teie s\u00fclearvutit tolmu ja kriimustuste eest. Iga kott on k\u00e4sitsi valmistatud nahakunstniku poolt. H\u00fclss on valmistatud taimse parkimisega nahast, kasutades ainult looduslikke parkaineid ja ilma kahjulike kemikaalideta. Selle tulemusel tekib sellele aja jooksul meeldiv patiin ja see vananeb kaunilt. See on vastupidav, seda on lihtne hooldada ja see kestab aastak\u00fcmneid ja isegi eluaeg, kui selle eest \u00f5igesti hoolitseda. Kohver on saadaval 2 erinevas suuruses: 13&#8243; ja 16&#8243;. V\u00e4iksem neist sobib 13&#8243; MacBook Airile ja 13&#8243; MacBook Prole. Ja suurem sobib 16-tollise MacBook Pro jaoks. <strong>Stella Soomlais<\/strong> on tunnustatud disainibr\u00e4nd Eestist, mis loob ja toodab k\u00f5ik oma tooted kohapeal. Nad keskenduvad funktsionaalsete ja vastupidavate kottide ja aksessuaaride loomisele, mis on valmistatud vastutustundlikult. Lisaks sellele on iga toode ainulaadselt valmistatud eritellimusel.  <\/p>\n<ul>\n<li>Valmistatud taimse pargitud nahast<\/li>\n<li>M\u00f5\u00f5tmed 13&#8243; jaoks: 33 x 22,5 cm<\/li>\n<li>M\u00f5\u00f5tmed 16&#8243; jaoks: 39 x 26 cm<\/li>\n<li>Disainitud ja valmistatud Eestis<\/li>\n<\/ul>\n","protected":false},"featured_media":8101,"comment_status":"open","ping_status":"closed","template":"","meta":{"_acf_changed":false},"pwb-brand":[350],"product_brand":[],"product_cat":[334,338],"product_tag":[],"class_list":{"0":"post-8100","1":"product","2":"type-product","3":"status-publish","4":"has-post-thumbnail","6":"pwb-brand-stella-soomlais-et","7":"product_cat-nahast-kotid","8":"product_cat-sulearvuti-kotid-ja-varrukad","9":"product_shipping_class-tellimuse-jargi-valmistatud","11":"first","12":"outofstock","13":"taxable","14":"shipping-taxable","15":"purchasable","16":"product-type-variable"},"acf":[],"brands":[{"id":350,"name":"Stella Soomlais","slug":"stella-soomlais-et"}],"_links":{"self":[{"href":"https:\/\/nordicbags.eu\/et\/wp-json\/wp\/v2\/product\/8100","targetHints":{"allow":["GET"]}}],"collection":[{"href":"https:\/\/nordicbags.eu\/et\/wp-json\/wp\/v2\/product"}],"about":[{"href":"https:\/\/nordicbags.eu\/et\/wp-json\/wp\/v2\/types\/product"}],"replies":[{"embeddable":true,"href":"https:\/\/nordicbags.eu\/et\/wp-json\/wp\/v2\/comments?post=8100"}],"wp:featuredmedia":[{"embeddable":true,"href":"https:\/\/nordicbags.eu\/et\/wp-json\/wp\/v2\/media\/8101"}],"wp:attachment":[{"href":"https:\/\/nordicbags.eu\/et\/wp-json\/wp\/v2\/media?parent=8100"}],"wp:term":[{"taxonomy":"pwb-brand","embeddable":true,"href":"https:\/\/nordicbags.eu\/et\/wp-json\/wp\/v2\/pwb-brand?post=8100"},{"taxonomy":"product_brand","embeddable":true,"href":"https:\/\/nordicbags.eu\/et\/wp-json\/wp\/v2\/product_brand?post=8100"},{"taxonomy":"product_cat","embeddable":true,"href":"https:\/\/nordicbags.eu\/et\/wp-json\/wp\/v2\/product_cat?post=8100"},{"taxonomy":"product_tag","embeddable":true,"href":"https:\/\/nordicbags.eu\/et\/wp-json\/wp\/v2\/product_tag?post=8100"}],"curies":[{"name":"wp","href":"https:\/\/api.w.org\/{rel}","templated":true}]}}