{"id":8124,"date":"2024-02-14T09:09:41","date_gmt":"2024-02-14T09:09:41","guid":{"rendered":"https:\/\/nordicbags.eu\/veekindel-peegeldav-seljakott-dot\/"},"modified":"2024-09-03T15:13:15","modified_gmt":"2024-09-03T15:13:15","slug":"veekindel-peegeldav-seljakott-dot","status":"publish","type":"product","link":"https:\/\/nordicbags.eu\/et\/toode\/veekindel-peegeldav-seljakott-dot\/","title":{"rendered":"Veekindel peegeldav seljakott DOT"},"content":{"rendered":"","protected":false},"excerpt":{"rendered":"<p>MARCH helkurkott p\u00e4\u00e4stmiseks!<\/p>\n<p>J\u00e4tke oma vanamoodne helkur \u00fclemisele riiulile. Haara see kott, mis on m\u00f5eldud sinu m\u00e4rkamiseks. J\u00e4\u00e4ge \u00f6\u00f6sel n\u00e4htavaks ja turvaliseks. N\u00e4evad hea v\u00e4lja p\u00e4ikeset\u00f5usu ajal. Omandage oma asjad, et nad ei omastaks teid.<\/p>\n<p><strong>Suurus:<\/strong> v\u00e4ike 36 x 40 cm suur 42 x 47 cm<\/p>\n<ul>\n<li>Pikaajaline ja peegeldav tr\u00fckis<\/li>\n<li>Veekindel<\/li>\n<li>Sisemine tasku<\/li>\n<li>Suurus: 36 x 40 cm<\/li>\n<li>Valmistatud Leedus (EL)<\/li>\n<li>Kujundanud Martynas Kazimier\u0117nas<\/li>\n<li>OEKO-TEX\u00ae STANDARD 100<\/li>\n<\/ul>\n","protected":false},"featured_media":8125,"comment_status":"open","ping_status":"closed","template":"","meta":{"_acf_changed":false},"pwb-brand":[],"product_brand":[],"product_cat":[330],"product_tag":[],"class_list":{"0":"post-8124","1":"product","2":"type-product","3":"status-publish","4":"has-post-thumbnail","6":"product_cat-seljakotid-ja-paevakotid","8":"first","9":"instock","10":"taxable","11":"shipping-taxable","12":"purchasable","13":"product-type-variable"},"acf":[],"brands":[],"_links":{"self":[{"href":"https:\/\/nordicbags.eu\/et\/wp-json\/wp\/v2\/product\/8124","targetHints":{"allow":["GET"]}}],"collection":[{"href":"https:\/\/nordicbags.eu\/et\/wp-json\/wp\/v2\/product"}],"about":[{"href":"https:\/\/nordicbags.eu\/et\/wp-json\/wp\/v2\/types\/product"}],"replies":[{"embeddable":true,"href":"https:\/\/nordicbags.eu\/et\/wp-json\/wp\/v2\/comments?post=8124"}],"wp:featuredmedia":[{"embeddable":true,"href":"https:\/\/nordicbags.eu\/et\/wp-json\/wp\/v2\/media\/8125"}],"wp:attachment":[{"href":"https:\/\/nordicbags.eu\/et\/wp-json\/wp\/v2\/media?parent=8124"}],"wp:term":[{"taxonomy":"pwb-brand","embeddable":true,"href":"https:\/\/nordicbags.eu\/et\/wp-json\/wp\/v2\/pwb-brand?post=8124"},{"taxonomy":"product_brand","embeddable":true,"href":"https:\/\/nordicbags.eu\/et\/wp-json\/wp\/v2\/product_brand?post=8124"},{"taxonomy":"product_cat","embeddable":true,"href":"https:\/\/nordicbags.eu\/et\/wp-json\/wp\/v2\/product_cat?post=8124"},{"taxonomy":"product_tag","embeddable":true,"href":"https:\/\/nordicbags.eu\/et\/wp-json\/wp\/v2\/product_tag?post=8124"}],"curies":[{"name":"wp","href":"https:\/\/api.w.org\/{rel}","templated":true}]}}