{"id":8163,"date":"2023-02-27T23:35:04","date_gmt":"2023-02-27T23:35:04","guid":{"rendered":"https:\/\/nordicbags.eu\/kiltkivi-kaardihoidja-soft-snow\/"},"modified":"2024-09-15T12:35:20","modified_gmt":"2024-09-15T12:35:20","slug":"kiltkivi-kaardihoidja-soft-snow","status":"publish","type":"product","link":"https:\/\/nordicbags.eu\/et\/toode\/kiltkivi-kaardihoidja-soft-snow\/","title":{"rendered":"Kiltkivi kaardihoidja &#8211; Soft Snow"},"content":{"rendered":"","protected":false},"excerpt":{"rendered":"<p>Kogege looduse ilu oma taskusse koos <strong>Soft Snow<\/strong> (Kohev Lumi)<br \/>\nMetallist kaardipael kombineerib looduse ilu kaasaegse disainiga.<br \/>\nSee rahakott on valmistatud looduslikust kiltkivist, mis on moodustunud s\u00fcgaval maa all miljonite aastate jooksul savist, vulkaanilisest tuhast ja muudest peene tekstuuriga kivimitest, ning on looduse imede meistriteos.<br \/>\nMeie rahakott ei ole mitte ainult stiilne ja ainulaadne, vaid ka keskkonnateadlik, sest selle minimalistlik disain on loodusl\u00e4hedane.<br \/>\nOleme uhked oma p\u00fchendumuse \u00fcle j\u00e4tkusuutlikkusele, mist\u00f5ttu oleme Soft Snow&#8217;i pakendanud t\u00e4ielikult keskkonnas\u00f5bralikest materjalidest.    <\/p>\n<ul>\n<li>Valmistatud Eestis<\/li>\n<li>Saab tellida koos klambriga v\u00f5i ilma klambrita<\/li>\n<li>Vastupidav alumiiniumist kaarditasku kombineerituna v\u00e4lise kiltkivi disainiga<\/li>\n<li>See mahutab mugavalt kuni 12 kaarti.<\/li>\n<li>Toode pakub RFID-blokeerimistehnoloogiat, mis kaitseb teid kontaktivabade varguste eest.<\/li>\n<li>Seifi tooted on pakendatud t\u00e4iesti keskkonnas\u00f5bralikest materjalidest.<\/li>\n<\/ul>\n","protected":false},"featured_media":8166,"comment_status":"open","ping_status":"closed","template":"","meta":{"_acf_changed":false},"pwb-brand":[357],"product_brand":[],"product_cat":[356,355],"product_tag":[],"class_list":{"0":"post-8163","1":"product","2":"type-product","3":"status-publish","4":"has-post-thumbnail","6":"pwb-brand-seif-design-et","7":"product_cat-kaardihoidjad","8":"product_cat-meeste-rahakotid-ja-kaardiumbrikud","9":"product_shipping_class-tavaline","11":"first","12":"instock","13":"taxable","14":"shipping-taxable","15":"purchasable","16":"product-type-variable"},"acf":[],"brands":[{"id":357,"name":"Seif Design","slug":"seif-design-et"}],"_links":{"self":[{"href":"https:\/\/nordicbags.eu\/et\/wp-json\/wp\/v2\/product\/8163","targetHints":{"allow":["GET"]}}],"collection":[{"href":"https:\/\/nordicbags.eu\/et\/wp-json\/wp\/v2\/product"}],"about":[{"href":"https:\/\/nordicbags.eu\/et\/wp-json\/wp\/v2\/types\/product"}],"replies":[{"embeddable":true,"href":"https:\/\/nordicbags.eu\/et\/wp-json\/wp\/v2\/comments?post=8163"}],"wp:featuredmedia":[{"embeddable":true,"href":"https:\/\/nordicbags.eu\/et\/wp-json\/wp\/v2\/media\/8166"}],"wp:attachment":[{"href":"https:\/\/nordicbags.eu\/et\/wp-json\/wp\/v2\/media?parent=8163"}],"wp:term":[{"taxonomy":"pwb-brand","embeddable":true,"href":"https:\/\/nordicbags.eu\/et\/wp-json\/wp\/v2\/pwb-brand?post=8163"},{"taxonomy":"product_brand","embeddable":true,"href":"https:\/\/nordicbags.eu\/et\/wp-json\/wp\/v2\/product_brand?post=8163"},{"taxonomy":"product_cat","embeddable":true,"href":"https:\/\/nordicbags.eu\/et\/wp-json\/wp\/v2\/product_cat?post=8163"},{"taxonomy":"product_tag","embeddable":true,"href":"https:\/\/nordicbags.eu\/et\/wp-json\/wp\/v2\/product_tag?post=8163"}],"curies":[{"name":"wp","href":"https:\/\/api.w.org\/{rel}","templated":true}]}}