{"id":8178,"date":"2023-02-28T06:14:40","date_gmt":"2023-02-28T06:14:40","guid":{"rendered":"https:\/\/nordicbags.eu\/duffle-kott-047-roheline\/"},"modified":"2023-02-28T06:14:40","modified_gmt":"2023-02-28T06:14:40","slug":"duffle-kott-047-roheline","status":"publish","type":"product","link":"https:\/\/nordicbags.eu\/et\/toode\/duffle-kott-047-roheline\/","title":{"rendered":"Duffle-kott 047 &#8211; roheline"},"content":{"rendered":"","protected":false},"excerpt":{"rendered":"<p>Galvi-Linda <strong>militaarroheline Duffle Bag 047<\/strong> on vastupidav pol\u00fcesterkott, millel on \u00f5larihmad ja k\u00e4epide mugavaks kandmiseks.<br \/>\nKarabiinikinnitus tagab turvalise hoiustamise, samas kui avarasse sisemusse mahub k\u00f5ik vajalik (ja rohkemgi veel).<br \/>\nSee Eestis disainitud ja toodetud kott sobib ideaalselt k\u00f5ikideks teie seiklusteks.  <\/p>\n<p>Selle koti teeb eriliseks selle usaldusv\u00e4\u00e4rne toimimine Eesti kaitsev\u00e4es.<br \/>\nKui see peab vastu s\u00f5jav\u00e4e karmile kasutamisele, v\u00f5id olla kindel, et see kestab k\u00f5ik sinu suured ja v\u00e4ikesed seiklused. <\/p>\n<ul>\n<li>Materjal: vastupidav pol\u00fcester<\/li>\n<li>V\u00e4rv: s\u00f5jav\u00e4e roheline<\/li>\n<li>M\u00f5\u00f5tmed: 30 cm x 83 cm x 30 cm<\/li>\n<li>NATO kood: 8465-38-000-9402<\/li>\n<li>Tarnija sertifikaadid: <a href=\"https:\/\/www.iso.org\/standard\/62085.html\">ISO 9001:2015<\/a>\n  <\/li>\n<li>Disainitud ja valmistatud Eestis<\/li>\n<\/ul>\n","protected":false},"featured_media":8186,"comment_status":"open","ping_status":"closed","template":"","meta":{"_acf_changed":false},"pwb-brand":[360],"product_brand":[],"product_cat":[358,346,330],"product_tag":[],"class_list":{"0":"post-8178","1":"product","2":"type-product","3":"status-publish","4":"has-post-thumbnail","6":"pwb-brand-galvi-linda-et","7":"product_cat-militaar-seljakotid","8":"product_cat-reisikotid","9":"product_cat-seljakotid-ja-paevakotid","10":"product_shipping_class-tavaline","12":"first","13":"instock","14":"taxable","15":"shipping-taxable","16":"purchasable","17":"product-type-simple"},"acf":[],"brands":[{"id":360,"name":"Galvi-Linda","slug":"galvi-linda-et"}],"_links":{"self":[{"href":"https:\/\/nordicbags.eu\/et\/wp-json\/wp\/v2\/product\/8178","targetHints":{"allow":["GET"]}}],"collection":[{"href":"https:\/\/nordicbags.eu\/et\/wp-json\/wp\/v2\/product"}],"about":[{"href":"https:\/\/nordicbags.eu\/et\/wp-json\/wp\/v2\/types\/product"}],"replies":[{"embeddable":true,"href":"https:\/\/nordicbags.eu\/et\/wp-json\/wp\/v2\/comments?post=8178"}],"wp:featuredmedia":[{"embeddable":true,"href":"https:\/\/nordicbags.eu\/et\/wp-json\/wp\/v2\/media\/8186"}],"wp:attachment":[{"href":"https:\/\/nordicbags.eu\/et\/wp-json\/wp\/v2\/media?parent=8178"}],"wp:term":[{"taxonomy":"pwb-brand","embeddable":true,"href":"https:\/\/nordicbags.eu\/et\/wp-json\/wp\/v2\/pwb-brand?post=8178"},{"taxonomy":"product_brand","embeddable":true,"href":"https:\/\/nordicbags.eu\/et\/wp-json\/wp\/v2\/product_brand?post=8178"},{"taxonomy":"product_cat","embeddable":true,"href":"https:\/\/nordicbags.eu\/et\/wp-json\/wp\/v2\/product_cat?post=8178"},{"taxonomy":"product_tag","embeddable":true,"href":"https:\/\/nordicbags.eu\/et\/wp-json\/wp\/v2\/product_tag?post=8178"}],"curies":[{"name":"wp","href":"https:\/\/api.w.org\/{rel}","templated":true}]}}