{"id":8189,"date":"2023-02-28T06:20:06","date_gmt":"2023-02-28T06:20:06","guid":{"rendered":"https:\/\/nordicbags.eu\/multifunktsionaalne-tualettkott-121-roheline\/"},"modified":"2025-05-29T18:40:00","modified_gmt":"2025-05-29T18:40:00","slug":"multifunktsionaalne-tualettkott-121-roheline","status":"publish","type":"product","link":"https:\/\/nordicbags.eu\/et\/toode\/multifunktsionaalne-tualettkott-121-roheline\/","title":{"rendered":"Multifunktsionaalne tualettkott 121 &#8211; roheline"},"content":{"rendered":"","protected":false},"excerpt":{"rendered":"<p><strong>Multifunktsionaalne tualettkott 121<\/strong> on valmistatud vastupidavast Cordura materjalist, mis tagab, et see peab vastu mis tahes v\u00e4liseiklusele.<br \/>\nAvar lukuga tasku pakub piisavalt ruumi h\u00fcgieenitarvete, n\u00e4iteks hambaharjade, hambapasta, habemeajamisvahendite ja muude hooldusvahendite hoidmiseks.<br \/>\nLisatud peegli abil saate h\u00f5lpsasti raseerida v\u00f5i meikida end teel olles.<br \/>\nKvaliteetne kott on kahekordne pesukott koos mugava peegliga.<br \/>\nKompaktse suurusega kotti on lihtne kaasas kanda ja seljakotti v\u00f5i pagasisse paigutada, mist\u00f5ttu on see ideaalne reisikaaslane k\u00f5igi h\u00fcgieenivajaduste jaoks.    <\/p>\n<ul>\n<li>Valmistatud Cordurast<\/li>\n<li>V\u00e4rv: s\u00f5jav\u00e4e roheline<\/li>\n<li>M\u00f5\u00f5tmed: 26 cm x 19 cm<\/li>\n<li>Tarnija sertifikaadid: <a href=\"https:\/\/www.iso.org\/standard\/62085.html\">ISO 9001:2015<\/a>\n  <\/li>\n<li>Disainitud ja valmistatud Eestis<\/li>\n<\/ul>\n","protected":false},"featured_media":8194,"comment_status":"open","ping_status":"closed","template":"","meta":{"_acf_changed":false},"pwb-brand":[360],"product_brand":[],"product_cat":[362,358],"product_tag":[],"class_list":{"0":"post-8189","1":"product","2":"type-product","3":"status-publish","4":"has-post-thumbnail","6":"pwb-brand-galvi-linda-et","7":"product_cat-kosmeetikakotid","8":"product_cat-militaar-seljakotid","9":"product_shipping_class-tavaline","11":"first","12":"instock","13":"taxable","14":"shipping-taxable","15":"purchasable","16":"product-type-simple"},"acf":[],"brands":[{"id":360,"name":"Galvi-Linda","slug":"galvi-linda-et"}],"_links":{"self":[{"href":"https:\/\/nordicbags.eu\/et\/wp-json\/wp\/v2\/product\/8189","targetHints":{"allow":["GET"]}}],"collection":[{"href":"https:\/\/nordicbags.eu\/et\/wp-json\/wp\/v2\/product"}],"about":[{"href":"https:\/\/nordicbags.eu\/et\/wp-json\/wp\/v2\/types\/product"}],"replies":[{"embeddable":true,"href":"https:\/\/nordicbags.eu\/et\/wp-json\/wp\/v2\/comments?post=8189"}],"wp:featuredmedia":[{"embeddable":true,"href":"https:\/\/nordicbags.eu\/et\/wp-json\/wp\/v2\/media\/8194"}],"wp:attachment":[{"href":"https:\/\/nordicbags.eu\/et\/wp-json\/wp\/v2\/media?parent=8189"}],"wp:term":[{"taxonomy":"pwb-brand","embeddable":true,"href":"https:\/\/nordicbags.eu\/et\/wp-json\/wp\/v2\/pwb-brand?post=8189"},{"taxonomy":"product_brand","embeddable":true,"href":"https:\/\/nordicbags.eu\/et\/wp-json\/wp\/v2\/product_brand?post=8189"},{"taxonomy":"product_cat","embeddable":true,"href":"https:\/\/nordicbags.eu\/et\/wp-json\/wp\/v2\/product_cat?post=8189"},{"taxonomy":"product_tag","embeddable":true,"href":"https:\/\/nordicbags.eu\/et\/wp-json\/wp\/v2\/product_tag?post=8189"}],"curies":[{"name":"wp","href":"https:\/\/api.w.org\/{rel}","templated":true}]}}