{"id":8212,"date":"2023-02-28T06:22:02","date_gmt":"2023-02-28T06:22:02","guid":{"rendered":"https:\/\/nordicbags.eu\/taktikaline-seljakott-077-camo\/"},"modified":"2023-02-28T06:22:02","modified_gmt":"2023-02-28T06:22:02","slug":"taktikaline-seljakott-077-camo","status":"publish","type":"product","link":"https:\/\/nordicbags.eu\/et\/toode\/taktikaline-seljakott-077-camo\/","title":{"rendered":"Taktikaline seljakott 077 &#8211; Camo"},"content":{"rendered":"","protected":false},"excerpt":{"rendered":"<p><strong>Galvi-Linda&#8217;s Tactical Backpack 077<\/strong> on parim seljakott k\u00f5igi teie s\u00f5jav\u00e4epatrulli vajaduste jaoks.<br \/>\nSee kott on valmistatud vastupidavast materjalist Foxdura, mis peab vastu mis tahes keerulisele olukorrale, millega te v\u00f5ib-olla v\u00e4litingimustes kokku puutute.<br \/>\nKott paistab silma oma mugava disaini poolest, millel on polsterdatud seljaosa ja puusatugi.<br \/>\nKandke seda pikema aja jooksul ilma v\u00e4simustundeta, mis v\u00f5imaldab teil keskenduda oma missioonile ilma ebamugavustundeta.<br \/>\nT\u00f5mblukk ja klapikinnitus hoiavad teie asjad turvaliselt ja kindlalt, samas kui suur peatasku ja kaks k\u00fcljetaskut pakuvad piisavalt ruumi k\u00f5igi oluliste asjade hoidmiseks.<br \/>\nNii et olenemata sellest, kas teil on vaja kanda veepudeleid, laskemoona v\u00f5i muud varustust, on see kott teile sobilik.       <\/p>\n<ul>\n<li>Materjal: Foxdura<\/li>\n<li>V\u00e4rv: Eesti relvaj\u00f5udude digitaalne kamuflaa\u017e<\/li>\n<li>M\u00f5\u00f5tmed: 34 cm x 50 cm x 18 cm<\/li>\n<li>Tarnija sertifikaadid: ISO 9001:2015<\/li>\n<li>NATO kood: 8465-38-000-9537<\/li>\n<li>Disainitud ja valmistatud Eestis<\/li>\n<\/ul>\n","protected":false},"featured_media":8220,"comment_status":"open","ping_status":"closed","template":"","meta":{"_acf_changed":false},"pwb-brand":[360],"product_brand":[],"product_cat":[358,330],"product_tag":[],"class_list":{"0":"post-8212","1":"product","2":"type-product","3":"status-publish","4":"has-post-thumbnail","6":"pwb-brand-galvi-linda-et","7":"product_cat-militaar-seljakotid","8":"product_cat-seljakotid-ja-paevakotid","9":"product_shipping_class-tavaline","11":"first","12":"outofstock","13":"taxable","14":"shipping-taxable","15":"purchasable","16":"product-type-simple"},"acf":[],"brands":[{"id":360,"name":"Galvi-Linda","slug":"galvi-linda-et"}],"_links":{"self":[{"href":"https:\/\/nordicbags.eu\/et\/wp-json\/wp\/v2\/product\/8212","targetHints":{"allow":["GET"]}}],"collection":[{"href":"https:\/\/nordicbags.eu\/et\/wp-json\/wp\/v2\/product"}],"about":[{"href":"https:\/\/nordicbags.eu\/et\/wp-json\/wp\/v2\/types\/product"}],"replies":[{"embeddable":true,"href":"https:\/\/nordicbags.eu\/et\/wp-json\/wp\/v2\/comments?post=8212"}],"wp:featuredmedia":[{"embeddable":true,"href":"https:\/\/nordicbags.eu\/et\/wp-json\/wp\/v2\/media\/8220"}],"wp:attachment":[{"href":"https:\/\/nordicbags.eu\/et\/wp-json\/wp\/v2\/media?parent=8212"}],"wp:term":[{"taxonomy":"pwb-brand","embeddable":true,"href":"https:\/\/nordicbags.eu\/et\/wp-json\/wp\/v2\/pwb-brand?post=8212"},{"taxonomy":"product_brand","embeddable":true,"href":"https:\/\/nordicbags.eu\/et\/wp-json\/wp\/v2\/product_brand?post=8212"},{"taxonomy":"product_cat","embeddable":true,"href":"https:\/\/nordicbags.eu\/et\/wp-json\/wp\/v2\/product_cat?post=8212"},{"taxonomy":"product_tag","embeddable":true,"href":"https:\/\/nordicbags.eu\/et\/wp-json\/wp\/v2\/product_tag?post=8212"}],"curies":[{"name":"wp","href":"https:\/\/api.w.org\/{rel}","templated":true}]}}