{"id":8214,"date":"2023-02-28T06:17:31","date_gmt":"2023-02-28T06:17:31","guid":{"rendered":"https:\/\/nordicbags.eu\/reisikott-008-must\/"},"modified":"2023-02-28T06:17:31","modified_gmt":"2023-02-28T06:17:31","slug":"reisikott-008-must","status":"publish","type":"product","link":"https:\/\/nordicbags.eu\/et\/toode\/reisikott-008-must\/","title":{"rendered":"Reisikott 008 &#8211; must"},"content":{"rendered":"","protected":false},"excerpt":{"rendered":"<p><strong>Galvi-Linda reisikott 008<\/strong> on militaarses stiilis kaaslane k\u00f5igi teie reisivajaduste jaoks, olenemata sellest, kas te l\u00e4hete missioonile v\u00f5i lihtsalt j\u00f5usaali.<br \/>\nSee kott on valmistatud <a href=\"https:\/\/www.canvasetc.com\/explanation-cordura-fabric\/\">Cordura<\/a> materjalist, mis on karm ja vastupidav materjal, mida tavaliselt kasutatakse t\u00f6\u00f6riietuses ja s\u00f5jav\u00e4er\u00f5ivastes, ning see kott on valmistatud nii, et see peab vastu ka k\u00f5ige keerulisemates tingimustes ja kestab aastaid.<br \/>\nCordura on tuntud oma tugevuse ja vastupidavuse poolest ning peab vastu karmidele ilmastikutingimustele ja karmile k\u00e4itlemisele, mist\u00f5ttu on see ideaalne materjal reisikoti jaoks.<br \/>\nLisaks pakub see palju ruumi k\u00f5igile teie reisitarbedele.<br \/>\nSelle avar p\u00f5hiruum ja mitu lukuga taskut k\u00fclgedel ja sisemuses pakuvad rohkesti hoiuruumi, mis v\u00f5imaldab teil kanda k\u00f5ike reisil vajalikku.<br \/>\nLisaks pakub suur lukuga varustatud peatasku h\u00f5lpsat juurdep\u00e4\u00e4su teie asjadele, samas kui v\u00e4iksemad taskud v\u00f5imaldavad v\u00e4iksemaid esemeid mugavalt korraldada.       <\/p>\n<ul>\n<li>Valmistatud vastupidavast Cordurast<\/li>\n<li>V\u00e4rv: must<\/li>\n<li>M\u00f5\u00f5tmed: 31 cm x 55 cm x 25 cm<\/li>\n<li>NATO kood: 8465-38-000-0619<\/li>\n<li>Tarnija sertifikaadid: <a href=\"https:\/\/www.iso.org\/standard\/62085.html\">ISO 9001:2015<\/a>\n  <\/li>\n<li>Disainitud ja valmistatud Eestis<\/li>\n<\/ul>\n","protected":false},"featured_media":8222,"comment_status":"open","ping_status":"closed","template":"","meta":{"_acf_changed":false},"pwb-brand":[360],"product_brand":[],"product_cat":[358,346],"product_tag":[],"class_list":{"0":"post-8214","1":"product","2":"type-product","3":"status-publish","4":"has-post-thumbnail","6":"pwb-brand-galvi-linda-et","7":"product_cat-militaar-seljakotid","8":"product_cat-reisikotid","9":"product_shipping_class-tavaline","11":"first","12":"instock","13":"taxable","14":"shipping-taxable","15":"purchasable","16":"product-type-simple"},"acf":[],"brands":[{"id":360,"name":"Galvi-Linda","slug":"galvi-linda-et"}],"_links":{"self":[{"href":"https:\/\/nordicbags.eu\/et\/wp-json\/wp\/v2\/product\/8214","targetHints":{"allow":["GET"]}}],"collection":[{"href":"https:\/\/nordicbags.eu\/et\/wp-json\/wp\/v2\/product"}],"about":[{"href":"https:\/\/nordicbags.eu\/et\/wp-json\/wp\/v2\/types\/product"}],"replies":[{"embeddable":true,"href":"https:\/\/nordicbags.eu\/et\/wp-json\/wp\/v2\/comments?post=8214"}],"wp:featuredmedia":[{"embeddable":true,"href":"https:\/\/nordicbags.eu\/et\/wp-json\/wp\/v2\/media\/8222"}],"wp:attachment":[{"href":"https:\/\/nordicbags.eu\/et\/wp-json\/wp\/v2\/media?parent=8214"}],"wp:term":[{"taxonomy":"pwb-brand","embeddable":true,"href":"https:\/\/nordicbags.eu\/et\/wp-json\/wp\/v2\/pwb-brand?post=8214"},{"taxonomy":"product_brand","embeddable":true,"href":"https:\/\/nordicbags.eu\/et\/wp-json\/wp\/v2\/product_brand?post=8214"},{"taxonomy":"product_cat","embeddable":true,"href":"https:\/\/nordicbags.eu\/et\/wp-json\/wp\/v2\/product_cat?post=8214"},{"taxonomy":"product_tag","embeddable":true,"href":"https:\/\/nordicbags.eu\/et\/wp-json\/wp\/v2\/product_tag?post=8214"}],"curies":[{"name":"wp","href":"https:\/\/api.w.org\/{rel}","templated":true}]}}