{"id":8219,"date":"2023-02-27T23:34:35","date_gmt":"2023-02-27T23:34:35","guid":{"rendered":"https:\/\/nordicbags.eu\/mahkmete-seljakott-cappuccino\/"},"modified":"2025-06-03T17:49:32","modified_gmt":"2025-06-03T17:49:32","slug":"mahkmete-seljakott-cappuccino","status":"publish","type":"product","link":"https:\/\/nordicbags.eu\/et\/toode\/mahkmete-seljakott-cappuccino\/","title":{"rendered":"M\u00e4hkmete seljakott &#8211; Cappuccino"},"content":{"rendered":"","protected":false},"excerpt":{"rendered":"<p>Tutvustame avarat valget m\u00e4hkmekotti, mis on disainitud ja uhkelt valmistatud Eestis.<br \/>\nKvaliteeti ja vastupidavust silmas pidades valmistatud m\u00e4hkmekott on ideaalne kaaslane h\u00f5ivatud lapsevanematele, kes on teel.<br \/>\nKvaliteetsest PU-viganahast valmistatud kott on nii kerge kui ka vastupidav, kaaludes vaid umbes 1 kg, mist\u00f5ttu on seda lihtne kaasas kanda.<br \/>\nKoti stiilne ja moodne disain sobib ideaalselt igale moeteadlikule lapsevanemale, kes soovib teha avaldust.<br \/>\nSelle valge v\u00e4rvus lisab elegantsi ja selle avar sisemus pakub palju ruumi k\u00f5igile teie lapse h\u00e4davajalikele asjadele.<br \/>\nSelle m\u00e4hkmekotiga ei pea te kunagi muretsema, et ruum j\u00e4\u00e4b otsa.<br \/>\nSelle koti \u00fcks parimaid omadusi on selle mitmek\u00fclgsus.<br \/>\nSee sobib h\u00f5lpsasti lennukisse k\u00e4sipagasina, mis teeb reisimise teie lapsega muretuks.<br \/>\nLisaks on kaasas veekindel m\u00e4hkmete vahetamise alusmatt, nii et saate oma lapse m\u00e4hkmeid vahetada k\u00f5ikjal, ilma et peaksite muretsema m\u00e4\u00e4rdumise p\u00e4rast.<br \/>\nKotil on ka rihmad, mis v\u00f5imaldavad seda lapsevankri k\u00fclge kinnitada, mis v\u00f5imaldab teil hoida k\u00e4ed vabana, kui olete v\u00e4ljas.<br \/>\nSee omadus teeb h\u00f5lpsasti k\u00e4ttesaadavaks k\u00f5ik teie lapse vajalikud asjad, kui te olete liikvel.<br \/>\nKokkuv\u00f5ttes on see avar valge m\u00e4hkmekott h\u00e4davajalik igale lapsevanemale, kes soovib olla stiilne, organiseeritud ja valmis.<br \/>\nSelle kvaliteetsed materjalid, kerge disain ja mitmek\u00fclgsus teevad sellest parima valiku liikuvatele vanematele.<br \/>\nHankige oma juba t\u00e4na ja kogege \u00fclimat mugavust ja stiili m\u00e4hkmekotis!<br \/>\nTutvu Eesti br\u00e4ndi <strong>\u00c4lly Cappuccino m\u00e4hkmete seljakotiga<\/strong>.<br \/>\nSelle seljakotiga on k\u00f5ik teie lapse asjad organiseeritud ja kergesti k\u00e4ttesaadavad, j\u00e4ttes teie k\u00e4ed vabaks kallistamiseks.<br \/>\nEnam ei pea \u017eongleerima koti ja oma pisikese lapsega samal ajal!<br \/>\nV\u00f5ta oma seiklused kergelt ja stiilselt ette Cappuccino seljakotiga.                 <\/p>\n<ul>\n<li>M\u00f5\u00f5tmed 46 x 26 x 16 cm<\/li>\n<li>Projekteeritud ja arendatud Eestis<\/li>\n<li>Valmistatud kvaliteetsest PU vegannahast ja vastupidavatest -YKK t\u00f5mblukkudest.<\/li>\n<li>V\u00e4ga kerge kaalub ainult umbes 1kg<\/li>\n<li>Sobib enamikesse lennuettev\u00f5tete k\u00e4sipagasitesse.<\/li>\n<li>Super ruumikas &#8211; kokku 16 taskut<\/li>\n<li>Spetsiaalne tasku s\u00fclearvuti jaoks<\/li>\n<li>Termovoodriga tasku imikutoidu jaoks<\/li>\n<li>Tasku tuttide jaoks<\/li>\n<li>Rihmad on lisatud<\/li>\n<\/ul>\n","protected":false},"featured_media":8224,"comment_status":"open","ping_status":"closed","template":"","meta":{"_acf_changed":false},"pwb-brand":[352],"product_brand":[],"product_cat":[351,346,330],"product_tag":[],"class_list":{"0":"post-8219","1":"product","2":"type-product","3":"status-publish","4":"has-post-thumbnail","6":"pwb-brand-ally-et","7":"product_cat-mahkmekotid","8":"product_cat-reisikotid","9":"product_cat-seljakotid-ja-paevakotid","10":"product_shipping_class-tavaline","12":"first","13":"instock","14":"taxable","15":"shipping-taxable","16":"purchasable","17":"product-type-simple"},"acf":[],"brands":[{"id":352,"name":"\u00c4lly","slug":"ally-et"}],"_links":{"self":[{"href":"https:\/\/nordicbags.eu\/et\/wp-json\/wp\/v2\/product\/8219","targetHints":{"allow":["GET"]}}],"collection":[{"href":"https:\/\/nordicbags.eu\/et\/wp-json\/wp\/v2\/product"}],"about":[{"href":"https:\/\/nordicbags.eu\/et\/wp-json\/wp\/v2\/types\/product"}],"replies":[{"embeddable":true,"href":"https:\/\/nordicbags.eu\/et\/wp-json\/wp\/v2\/comments?post=8219"}],"wp:featuredmedia":[{"embeddable":true,"href":"https:\/\/nordicbags.eu\/et\/wp-json\/wp\/v2\/media\/8224"}],"wp:attachment":[{"href":"https:\/\/nordicbags.eu\/et\/wp-json\/wp\/v2\/media?parent=8219"}],"wp:term":[{"taxonomy":"pwb-brand","embeddable":true,"href":"https:\/\/nordicbags.eu\/et\/wp-json\/wp\/v2\/pwb-brand?post=8219"},{"taxonomy":"product_brand","embeddable":true,"href":"https:\/\/nordicbags.eu\/et\/wp-json\/wp\/v2\/product_brand?post=8219"},{"taxonomy":"product_cat","embeddable":true,"href":"https:\/\/nordicbags.eu\/et\/wp-json\/wp\/v2\/product_cat?post=8219"},{"taxonomy":"product_tag","embeddable":true,"href":"https:\/\/nordicbags.eu\/et\/wp-json\/wp\/v2\/product_tag?post=8219"}],"curies":[{"name":"wp","href":"https:\/\/api.w.org\/{rel}","templated":true}]}}