{"id":8223,"date":"2023-02-27T23:36:00","date_gmt":"2023-02-27T23:36:00","guid":{"rendered":"https:\/\/nordicbags.eu\/metallist-kaardihoidja-seif-lite\/"},"modified":"2023-02-27T23:36:00","modified_gmt":"2023-02-27T23:36:00","slug":"metallist-kaardihoidja-seif-lite","status":"publish","type":"product","link":"https:\/\/nordicbags.eu\/et\/toode\/metallist-kaardihoidja-seif-lite\/","title":{"rendered":"Metallist kaardihoidja &#8211; Seif Lite"},"content":{"rendered":"","protected":false},"excerpt":{"rendered":"<p>Tutvustame <strong>Seif Lite&#8217;i<\/strong> &#8211; \u00fclimat metallist kaarditaskut, mis \u00f5hkab elegantsust ja elegantsust.<br \/>\nEsmaklassilisest alumiiniumist valmistatud minimalistlik ja ainulaadne rahakott ei ole mitte ainult stiilne, vaid ka v\u00e4ga turvaline.<br \/>\nSelles saab mugavalt kanda kuni 12 kaarti, samas kui RFID-blokeerimise tehnoloogia kaitseb teid v\u00f5imalike kontaktivabade varguste eest.<br \/>\nOleme uhked oma p\u00fchendumuse \u00fcle keskkonnale, mist\u00f5ttu oleme Seif Lite&#8217;i pakendanud t\u00e4iesti keskkonnas\u00f5bralikest materjalidest.<br \/>\nSelle rahakotiga taskus v\u00f5id olla kindel, et sa ei tee mitte ainult stiilset avaldust, vaid astud ka sammu j\u00e4tkusuutlikuma tuleviku suunas.    <\/p>\n<ul>\n<li>Valmistatud Eestis<\/li>\n<li>See on konstrueeritud vastupidavast alumiiniumist.<\/li>\n<li>See mahutab mugavalt kuni 12 kaarti.<\/li>\n<li>Toode pakub RFID-blokeerimistehnoloogiat, mis kaitseb teid kontaktivabade varguste eest.<\/li>\n<li>Seif Lite on pakendatud t\u00e4iesti keskkonnas\u00f5bralikest materjalidest.<\/li>\n<\/ul>\n","protected":false},"featured_media":8225,"comment_status":"open","ping_status":"closed","template":"","meta":{"_acf_changed":false},"pwb-brand":[357],"product_brand":[],"product_cat":[356,355],"product_tag":[],"class_list":{"0":"post-8223","1":"product","2":"type-product","3":"status-publish","4":"has-post-thumbnail","6":"pwb-brand-seif-design-et","7":"product_cat-kaardihoidjad","8":"product_cat-meeste-rahakotid-ja-kaardiumbrikud","9":"product_shipping_class-tavaline","11":"first","12":"instock","13":"featured","14":"taxable","15":"shipping-taxable","16":"purchasable","17":"product-type-simple"},"acf":[],"brands":[{"id":357,"name":"Seif Design","slug":"seif-design-et"}],"_links":{"self":[{"href":"https:\/\/nordicbags.eu\/et\/wp-json\/wp\/v2\/product\/8223","targetHints":{"allow":["GET"]}}],"collection":[{"href":"https:\/\/nordicbags.eu\/et\/wp-json\/wp\/v2\/product"}],"about":[{"href":"https:\/\/nordicbags.eu\/et\/wp-json\/wp\/v2\/types\/product"}],"replies":[{"embeddable":true,"href":"https:\/\/nordicbags.eu\/et\/wp-json\/wp\/v2\/comments?post=8223"}],"wp:featuredmedia":[{"embeddable":true,"href":"https:\/\/nordicbags.eu\/et\/wp-json\/wp\/v2\/media\/8225"}],"wp:attachment":[{"href":"https:\/\/nordicbags.eu\/et\/wp-json\/wp\/v2\/media?parent=8223"}],"wp:term":[{"taxonomy":"pwb-brand","embeddable":true,"href":"https:\/\/nordicbags.eu\/et\/wp-json\/wp\/v2\/pwb-brand?post=8223"},{"taxonomy":"product_brand","embeddable":true,"href":"https:\/\/nordicbags.eu\/et\/wp-json\/wp\/v2\/product_brand?post=8223"},{"taxonomy":"product_cat","embeddable":true,"href":"https:\/\/nordicbags.eu\/et\/wp-json\/wp\/v2\/product_cat?post=8223"},{"taxonomy":"product_tag","embeddable":true,"href":"https:\/\/nordicbags.eu\/et\/wp-json\/wp\/v2\/product_tag?post=8223"}],"curies":[{"name":"wp","href":"https:\/\/api.w.org\/{rel}","templated":true}]}}