{"id":8226,"date":"2024-02-14T09:09:31","date_gmt":"2024-02-14T09:09:31","guid":{"rendered":"https:\/\/nordicbags.eu\/kott-112-002-01-must\/"},"modified":"2024-09-15T12:35:10","modified_gmt":"2024-09-15T12:35:10","slug":"kott-112-002-01-must","status":"publish","type":"product","link":"https:\/\/nordicbags.eu\/et\/toode\/kott-112-002-01-must\/","title":{"rendered":"Kott 112-002-01 &#8211; must"},"content":{"rendered":"","protected":false},"excerpt":{"rendered":"<p>ENG: Galvi-Linda halduskott, mis on valmistatud Cordurast, avatav kolmest k\u00fcljest lukuga, esiseinal paelad MOLLE-s\u00fcsteemi taskute kinnitamiseks, sees taskud ja kummil\u00f5ksud varustuse kinnitamiseks, MOLLE kinnitus tagaseinal ja augud p\u00f5hjas, et niiskus saaks \u00f6\u00f6sel v\u00e4lja p\u00e4\u00e4seda.<br \/>\nK\u00f5ik Galvi-Linda kotid on valmistatud Euroopas. <\/p>\n<p>Suurus: 13 x 18 x 5 cm<\/p>\n<p>Kohaletoimetamine ELis: 4-8 t\u00f6\u00f6p\u00e4eva.<\/p>\n<p>EST: Galvi-Linda kott on valmistatud Cordurast.<br \/>\nKott on kolmest k\u00fcljest lukuga avatav, esiseinal paelad MOLLE-s\u00fcsteemsete taskute kinnitamiseks, n\u00e4eb taskud ja kummiaasad varustuse kinnitamiseks, tagaseinal MOLLE-kinnitus, p\u00f5hjas niiskuse v\u00e4ljumiseks \u00f6\u00f6s.<br \/>\nK\u00f5ik Galvi-Linda kotid on tehtud Viljandis.  <\/p>\n<p>Suurus: 13 x 18 x 5 cm<\/p>\n<p>Eesti-sisene transport 1-3 t\u00f6\u00f6p\u00e4eva.<br \/>\nEuroopa Liidus 4-8 t\u00f6\u00f6p\u00e4eva. <\/p>\n","protected":false},"featured_media":8228,"comment_status":"open","ping_status":"closed","template":"","meta":{"_acf_changed":false},"pwb-brand":[],"product_brand":[],"product_cat":[358,346],"product_tag":[],"class_list":{"0":"post-8226","1":"product","2":"type-product","3":"status-publish","4":"has-post-thumbnail","6":"product_cat-militaar-seljakotid","7":"product_cat-reisikotid","9":"first","10":"instock","11":"taxable","12":"shipping-taxable","13":"purchasable","14":"product-type-simple"},"acf":[],"brands":[],"_links":{"self":[{"href":"https:\/\/nordicbags.eu\/et\/wp-json\/wp\/v2\/product\/8226","targetHints":{"allow":["GET"]}}],"collection":[{"href":"https:\/\/nordicbags.eu\/et\/wp-json\/wp\/v2\/product"}],"about":[{"href":"https:\/\/nordicbags.eu\/et\/wp-json\/wp\/v2\/types\/product"}],"replies":[{"embeddable":true,"href":"https:\/\/nordicbags.eu\/et\/wp-json\/wp\/v2\/comments?post=8226"}],"wp:featuredmedia":[{"embeddable":true,"href":"https:\/\/nordicbags.eu\/et\/wp-json\/wp\/v2\/media\/8228"}],"wp:attachment":[{"href":"https:\/\/nordicbags.eu\/et\/wp-json\/wp\/v2\/media?parent=8226"}],"wp:term":[{"taxonomy":"pwb-brand","embeddable":true,"href":"https:\/\/nordicbags.eu\/et\/wp-json\/wp\/v2\/pwb-brand?post=8226"},{"taxonomy":"product_brand","embeddable":true,"href":"https:\/\/nordicbags.eu\/et\/wp-json\/wp\/v2\/product_brand?post=8226"},{"taxonomy":"product_cat","embeddable":true,"href":"https:\/\/nordicbags.eu\/et\/wp-json\/wp\/v2\/product_cat?post=8226"},{"taxonomy":"product_tag","embeddable":true,"href":"https:\/\/nordicbags.eu\/et\/wp-json\/wp\/v2\/product_tag?post=8226"}],"curies":[{"name":"wp","href":"https:\/\/api.w.org\/{rel}","templated":true}]}}