{"id":8227,"date":"2023-02-28T06:23:42","date_gmt":"2023-02-28T06:23:42","guid":{"rendered":"https:\/\/nordicbags.eu\/seljakott-039-camo\/"},"modified":"2024-09-15T12:35:29","modified_gmt":"2024-09-15T12:35:29","slug":"seljakott-039-camo","status":"publish","type":"product","link":"https:\/\/nordicbags.eu\/et\/toode\/seljakott-039-camo\/","title":{"rendered":"Seljakott 039 &#8211; Camo"},"content":{"rendered":"","protected":false},"excerpt":{"rendered":"<p><strong>Galvi-Linda seljakott 039<\/strong> on s\u00f5jalise tasemega seljakott, millele v\u00f5ite toetuda igas seikluses v\u00f5i olukorras.<br \/>\nEestis valmistatud k\u00f5rgeima kvaliteediga materjalidest, on see seljakott ideaalne kaaslane igap\u00e4evaseks kontorisse minekuks, matkale v\u00f5i j\u00f5usaalitreeningule.<br \/>\nGalvi-Linda seljakott 039 on valmistatud <a href=\"https:\/\/foxa.fi\/en\/products\/foxdura-1000-kpul\">Foxdura<\/a> materjalist, mida kasutatakse tavaliselt t\u00f6\u00f6riietuses ja militaarriietuses, ning see peab vastu ka k\u00f5ige keerulisemates tingimustes.<br \/>\nSelle tulemusena v\u00f5ite usaldada, et see seljakott hoiab teie asjad igas olukorras turvaliselt ja kindlalt.<br \/>\nSellel seljakotil on \u00fcks suur ja mahukas kamber ja kaks v\u00e4ikest eraldi kambrite esiosa, mis pakuvad piisavalt ruumi k\u00f5igile teie h\u00e4davajalikele asjadele.<br \/>\nSuur kamber avaneb v\u00e4ga laialt, tehes pakkimise ja esemetele juurdep\u00e4\u00e4su uskumatult mugavaks.<br \/>\n\u00dcksk\u00f5ik, kuhu teie seiklused teid ka ei viiks, v\u00f5ite olla kindel, et Galvi-Linda Backpack 039 hoiab teiega samm-sammult sammu.<br \/>\nSee seljakott on disainitud olema vastupidav ja usaldusv\u00e4\u00e4rne, tagades, et see saab hakkama k\u00f5igega, mida elu teile ette heidab.<br \/>\nNii et olenemata sellest, kas sa l\u00e4hed kontorisse, matkale v\u00f5i j\u00f5usaali, Galvi-Linda Backpack 039 on sulle igati sobilik.<br \/>\nUsalda selle s\u00f5jav\u00e4eklassi seljakoti vastupidavust ja kvaliteeti ning v\u00f5ta maailma vastu enesekindlalt.         <\/p>\n<ul>\n<li>Valmistatud Foxdurast<\/li>\n<li>V\u00e4rv: Eesti relvaj\u00f5udude digitaalne kamuflaa\u017e<\/li>\n<li>M\u00f5\u00f5tmed: 25 cm x 50 cm x 24 cm<\/li>\n<li>Mahutavus: 30 l<\/li>\n<li>Tarnija sertifikaadid: <a href=\"https:\/\/www.iso.org\/standard\/62085.html\">ISO 9001:2015<\/a>\n  <\/li>\n<li>Disainitud ja valmistatud Eestis<\/li>\n<\/ul>\n","protected":false},"featured_media":8229,"comment_status":"open","ping_status":"closed","template":"","meta":{"_acf_changed":false},"pwb-brand":[360],"product_brand":[],"product_cat":[358,330],"product_tag":[],"class_list":{"0":"post-8227","1":"product","2":"type-product","3":"status-publish","4":"has-post-thumbnail","6":"pwb-brand-galvi-linda-et","7":"product_cat-militaar-seljakotid","8":"product_cat-seljakotid-ja-paevakotid","9":"product_shipping_class-tavaline","11":"first","12":"outofstock","13":"taxable","14":"shipping-taxable","15":"purchasable","16":"product-type-simple"},"acf":[],"brands":[{"id":360,"name":"Galvi-Linda","slug":"galvi-linda-et"}],"_links":{"self":[{"href":"https:\/\/nordicbags.eu\/et\/wp-json\/wp\/v2\/product\/8227","targetHints":{"allow":["GET"]}}],"collection":[{"href":"https:\/\/nordicbags.eu\/et\/wp-json\/wp\/v2\/product"}],"about":[{"href":"https:\/\/nordicbags.eu\/et\/wp-json\/wp\/v2\/types\/product"}],"replies":[{"embeddable":true,"href":"https:\/\/nordicbags.eu\/et\/wp-json\/wp\/v2\/comments?post=8227"}],"wp:featuredmedia":[{"embeddable":true,"href":"https:\/\/nordicbags.eu\/et\/wp-json\/wp\/v2\/media\/8229"}],"wp:attachment":[{"href":"https:\/\/nordicbags.eu\/et\/wp-json\/wp\/v2\/media?parent=8227"}],"wp:term":[{"taxonomy":"pwb-brand","embeddable":true,"href":"https:\/\/nordicbags.eu\/et\/wp-json\/wp\/v2\/pwb-brand?post=8227"},{"taxonomy":"product_brand","embeddable":true,"href":"https:\/\/nordicbags.eu\/et\/wp-json\/wp\/v2\/product_brand?post=8227"},{"taxonomy":"product_cat","embeddable":true,"href":"https:\/\/nordicbags.eu\/et\/wp-json\/wp\/v2\/product_cat?post=8227"},{"taxonomy":"product_tag","embeddable":true,"href":"https:\/\/nordicbags.eu\/et\/wp-json\/wp\/v2\/product_tag?post=8227"}],"curies":[{"name":"wp","href":"https:\/\/api.w.org\/{rel}","templated":true}]}}