{"id":8238,"date":"2024-02-14T11:03:08","date_gmt":"2024-02-14T11:03:08","guid":{"rendered":"https:\/\/nordicbags.eu\/lite-walnut-rfid-blokeeringuga-kaardipesa\/"},"modified":"2025-05-29T20:59:22","modified_gmt":"2025-05-29T20:59:22","slug":"lite-walnut-rfid-blokeeringuga-kaardipesa","status":"publish","type":"product","link":"https:\/\/nordicbags.eu\/et\/toode\/lite-walnut-rfid-blokeeringuga-kaardipesa\/","title":{"rendered":"Lite Walnut &#8211; RFID blokeeringuga kaardipesa"},"content":{"rendered":"","protected":false},"excerpt":{"rendered":"<p><strong>Lite<\/strong> on metallist kaardihoidja, mille kujundamisel on kasutatud vastupidavat alumiiniumi ja ehtsat puitu.<br \/>\nSee on minimalistlik, ainulaadne ja turvaline, s\u00e4ilitades mugavalt kuni 12 kaarti ja kaitstes teid samal ajal kontaktivaba varguse eest.<br \/>\nToode on pakendatud t\u00e4ielikult keskkonnas\u00f5bralikest materjalidest.<br \/>\nM\u00f5\u00f5dud: 9 x 5,5 x 1,5 cm.   <\/p>\n<p>Seif Design on Eesti kaubam\u00e4rk, mis on tuntud oma ainulaadsete kivist disainitud kaardipidajate poolest.<br \/>\nSeif Design kasutab pakendite valmistamiseks ainult t\u00e4ielikult taaskasutatavaid materjale ja on oma tootmisprotsessis \u00fcle l\u00e4inud rohelisele energiale, mis saadakse p\u00e4ikesepaneelidest.<br \/>\nK\u00f5ik Seif Designi tooted on valmistatud Eestis.<br \/>\nEesti endine president Kersti Kaljulaid: &#8220;Kivist valmistatud rahakott on nii j\u00e4tkusuutlik kui v\u00f5imalik! T\u00f5eline vastukaal asjadele, mille eluiga on l\u00fchike ja mis loodetavasti kestab isalt pojale. Mulle meeldib, kui asjad ei purune ega kulu \u00e4ra.&#8221;   <\/p>\n<p>\/\/\/<\/p>\n<p><strong>Lite<\/strong> on metallist kaarditasku, mille disainis kasutame vastupidavat alumiiniumit ning p\u00e4ris puitu.<br \/>\nSee on minimalistlik, unikaalne ja turvaline, sest hoiustab mugavalt kuni 12 kaarti ning kaitsteb Teid viipevarguste eest.<br \/>\nToode on pakendatud t\u00e4ielikult looduss\u00f5bralike materjalidega.<br \/>\nM\u00f5\u00f5dud: 9 x 5,5 x 1,5 cm. <strong>Seif Design<\/strong> on Eesti br\u00e4nd, mis on tuntud oma maailma ainulaadsete kividisainiga kaarditaskute poolest.<br \/>\nSeif Design kasutab pakendamisel ainult t\u00e4ielikult taaskasutatavaid materjale ja on viinud oma t\u00f6\u00f6protsessid \u00fcle roheenergiale, mis tuleb p\u00e4ikesepaneelidest.<br \/>\nK\u00f5ik Seif Design tooted on valmistatud Eestis.     <\/p>\n","protected":false},"featured_media":8240,"comment_status":"open","ping_status":"closed","template":"","meta":{"_acf_changed":false},"pwb-brand":[],"product_brand":[],"product_cat":[356,363],"product_tag":[],"class_list":{"0":"post-8238","1":"product","2":"type-product","3":"status-publish","4":"has-post-thumbnail","6":"product_cat-kaardihoidjad","7":"product_cat-rahakotid-ja-kaardihoidjad","9":"first","10":"instock","11":"taxable","12":"shipping-taxable","13":"purchasable","14":"product-type-simple"},"acf":[],"brands":[],"_links":{"self":[{"href":"https:\/\/nordicbags.eu\/et\/wp-json\/wp\/v2\/product\/8238","targetHints":{"allow":["GET"]}}],"collection":[{"href":"https:\/\/nordicbags.eu\/et\/wp-json\/wp\/v2\/product"}],"about":[{"href":"https:\/\/nordicbags.eu\/et\/wp-json\/wp\/v2\/types\/product"}],"replies":[{"embeddable":true,"href":"https:\/\/nordicbags.eu\/et\/wp-json\/wp\/v2\/comments?post=8238"}],"wp:featuredmedia":[{"embeddable":true,"href":"https:\/\/nordicbags.eu\/et\/wp-json\/wp\/v2\/media\/8240"}],"wp:attachment":[{"href":"https:\/\/nordicbags.eu\/et\/wp-json\/wp\/v2\/media?parent=8238"}],"wp:term":[{"taxonomy":"pwb-brand","embeddable":true,"href":"https:\/\/nordicbags.eu\/et\/wp-json\/wp\/v2\/pwb-brand?post=8238"},{"taxonomy":"product_brand","embeddable":true,"href":"https:\/\/nordicbags.eu\/et\/wp-json\/wp\/v2\/product_brand?post=8238"},{"taxonomy":"product_cat","embeddable":true,"href":"https:\/\/nordicbags.eu\/et\/wp-json\/wp\/v2\/product_cat?post=8238"},{"taxonomy":"product_tag","embeddable":true,"href":"https:\/\/nordicbags.eu\/et\/wp-json\/wp\/v2\/product_tag?post=8238"}],"curies":[{"name":"wp","href":"https:\/\/api.w.org\/{rel}","templated":true}]}}