{"id":8246,"date":"2024-02-08T10:33:41","date_gmt":"2024-02-08T10:33:41","guid":{"rendered":"https:\/\/nordicbags.eu\/seljakott-114-070-03-80l\/"},"modified":"2024-02-08T10:33:41","modified_gmt":"2024-02-08T10:33:41","slug":"seljakott-114-070-03-80l","status":"publish","type":"product","link":"https:\/\/nordicbags.eu\/et\/toode\/seljakott-114-070-03-80l\/","title":{"rendered":"Seljakott 114-070-03 80L"},"content":{"rendered":"","protected":false},"excerpt":{"rendered":"<p><strong>Seljakott 114-070-03 80L<\/strong> on Galvi-Linda poolt Eestis valmistatud seljakott, mis on kasutusel ka Kaitsev\u00e4es.<br \/>\nKoti p\u00f5hiosa mahutab 80 liitrit. <\/p>\n<p>Kaks eemaldatavat k\u00fcljetaskut, millest on v\u00f5imalik moodustada v\u00e4iksema mahutavusega seljakott.<br \/>\nKoti p\u00f5hja all on lukuga avatav ruum jalatsite paigutamiseks.<br \/>\nKoti puuvillase kangaga kaetud seljaosa on varustatud pehmendustega, mis tagavad parema ventilatsiooni kandja selja ning koti tagapaneeli vahel.<br \/>\nPehmendatud \u00f5larihmad ja puusav\u00f6\u00f6.<br \/>\nEsipaneelil MOLLE paelad varustuse kinnitamiseks.<br \/>\nKoti p\u00f5hja alla on kinnitatud paeltest aasad varustuse kinnitamiseks (alusmatt).<br \/>\nKotti sulgeva klapi peal on lukuga suletav tasku.      <\/p>\n<p>Eesti ettev\u00f5tte <strong>Galvi-Linda<\/strong> poolt toodetud kotid on no-nonsense militaarkotid, mis ei j\u00e4ta on h\u00e4tta \u00fcheski olukorras.<br \/>\nGalvi-Linda on olnud aastaid Eesti Kaitsev\u00e4e ja politsei poolt usaldatud partneriks seljakottide, riiete ja muu varustuse tootmisel.<br \/>\nKui Kaitseministeerium otsustas 90ndate teises pooles Eesti Kaitsev\u00e4ele p\u00e4ris oma varustust v\u00e4lja hakata arendama, siis \u00fcheks partneriks valiti just Galvi-Linda.  <\/p>\n<\/p>\n<ul>\n<li>V\u00e4rv: militaarroheline<\/li>\n<li>M\u00f5\u00f5dud: 58 cm x 77 cm x 25 cm<\/li>\n<li>Mahutavus (p\u00f5hiosa): 80 liitrit<\/li>\n<li>Tootja standardid: ISO 9001:2015<\/li>\n<li>Disainitud ja toodetud Eestis<\/li>\n<\/ul>\n","protected":false},"featured_media":8247,"comment_status":"open","ping_status":"closed","template":"","meta":{"_acf_changed":false},"pwb-brand":[],"product_brand":[],"product_cat":[330],"product_tag":[],"class_list":{"0":"post-8246","1":"product","2":"type-product","3":"status-publish","4":"has-post-thumbnail","6":"product_cat-seljakotid-ja-paevakotid","8":"first","9":"outofstock","10":"taxable","11":"shipping-taxable","12":"purchasable","13":"product-type-simple"},"acf":[],"brands":[],"_links":{"self":[{"href":"https:\/\/nordicbags.eu\/et\/wp-json\/wp\/v2\/product\/8246","targetHints":{"allow":["GET"]}}],"collection":[{"href":"https:\/\/nordicbags.eu\/et\/wp-json\/wp\/v2\/product"}],"about":[{"href":"https:\/\/nordicbags.eu\/et\/wp-json\/wp\/v2\/types\/product"}],"replies":[{"embeddable":true,"href":"https:\/\/nordicbags.eu\/et\/wp-json\/wp\/v2\/comments?post=8246"}],"wp:featuredmedia":[{"embeddable":true,"href":"https:\/\/nordicbags.eu\/et\/wp-json\/wp\/v2\/media\/8247"}],"wp:attachment":[{"href":"https:\/\/nordicbags.eu\/et\/wp-json\/wp\/v2\/media?parent=8246"}],"wp:term":[{"taxonomy":"pwb-brand","embeddable":true,"href":"https:\/\/nordicbags.eu\/et\/wp-json\/wp\/v2\/pwb-brand?post=8246"},{"taxonomy":"product_brand","embeddable":true,"href":"https:\/\/nordicbags.eu\/et\/wp-json\/wp\/v2\/product_brand?post=8246"},{"taxonomy":"product_cat","embeddable":true,"href":"https:\/\/nordicbags.eu\/et\/wp-json\/wp\/v2\/product_cat?post=8246"},{"taxonomy":"product_tag","embeddable":true,"href":"https:\/\/nordicbags.eu\/et\/wp-json\/wp\/v2\/product_tag?post=8246"}],"curies":[{"name":"wp","href":"https:\/\/api.w.org\/{rel}","templated":true}]}}