{"id":8251,"date":"2023-02-28T06:24:44","date_gmt":"2023-02-28T06:24:44","guid":{"rendered":"https:\/\/nordicbags.eu\/nahast-rahakott-tumepruun\/"},"modified":"2024-09-15T12:35:33","modified_gmt":"2024-09-15T12:35:33","slug":"nahast-rahakott-tumepruun","status":"publish","type":"product","link":"https:\/\/nordicbags.eu\/et\/toode\/nahast-rahakott-tumepruun\/","title":{"rendered":"Nahast rahakott &#8211; tumepruun"},"content":{"rendered":"","protected":false},"excerpt":{"rendered":"<p><strong>Button Wallet<\/strong> on k\u00e4sitsi valmistatud Itaaliast imporditud kvaliteetsest taimeparkitud nahast.<br \/>\nRahakott on \u00f5mblusteta, \u00fcheosalise konstruktsiooniga ilma \u00f5mblusteta, mis suurendab selle vastupidavust ja pikaealisust.<br \/>\nMessingist nupp lisab disainile elegantse n\u00fcansi ja v\u00f5imaldab h\u00f5lpsasti oma v\u00e4\u00e4rtasju kindlustada.<br \/>\nSee rahakott on m\u00f5eldud kuni 12 kaardi, rahat\u00e4htede ja m\u00fcntide hoidmiseks, hoides k\u00f5ik korrastatuna ja kergesti k\u00e4ttesaadavana.<br \/>\nLisaks sellele on rahakotil poleeritud servad ja selged kortsud, mis annavad rahakotile keerulise ja rafineeritud v\u00e4limuse.<br \/>\nEt r\u00f5hutada veelgi selle ainulaadsust, on iga rahakoti sisek\u00fcljel tempel, millel on tootmiskuup\u00e4ev ja s\u00f5nad &#8220;made in Estonia&#8221;.     <\/p>\n<ul>\n<li>V\u00e4rv: tumepruun<\/li>\n<li>Materjal: Taimeparkitud nahk Itaaliast<\/li>\n<li>M\u00f5\u00f5tmed: 10,3 cm \u00d7 6,7 cm \u00d7 2,3 cm.<\/li>\n<li>K\u00e4sitsi valmistatud Eestis<\/li>\n<\/ul>\n<p>Kaks viimast pilti n\u00e4itavad, kuidas nahk aja jooksul kulub ja omandab patina.<\/p>\n","protected":false},"featured_media":8262,"comment_status":"open","ping_status":"closed","template":"","meta":{"_acf_changed":false},"pwb-brand":[370],"product_brand":[],"product_cat":[356,355,366,334,368,369,363],"product_tag":[],"class_list":{"0":"post-8251","1":"product","2":"type-product","3":"status-publish","4":"has-post-thumbnail","6":"pwb-brand-mirgoods-et","7":"product_cat-kaardihoidjad","8":"product_cat-meeste-rahakotid-ja-kaardiumbrikud","9":"product_cat-nahast-kaardihoidjad","10":"product_cat-nahast-kotid","11":"product_cat-nahast-rahakotid","12":"product_cat-naiste-rahakotid-ja-rahakotid","13":"product_cat-rahakotid-ja-kaardihoidjad","15":"first","16":"outofstock","17":"taxable","18":"shipping-taxable","19":"purchasable","20":"product-type-simple"},"acf":[],"brands":[{"id":370,"name":"Mirgoods","slug":"mirgoods-et"}],"_links":{"self":[{"href":"https:\/\/nordicbags.eu\/et\/wp-json\/wp\/v2\/product\/8251","targetHints":{"allow":["GET"]}}],"collection":[{"href":"https:\/\/nordicbags.eu\/et\/wp-json\/wp\/v2\/product"}],"about":[{"href":"https:\/\/nordicbags.eu\/et\/wp-json\/wp\/v2\/types\/product"}],"replies":[{"embeddable":true,"href":"https:\/\/nordicbags.eu\/et\/wp-json\/wp\/v2\/comments?post=8251"}],"wp:featuredmedia":[{"embeddable":true,"href":"https:\/\/nordicbags.eu\/et\/wp-json\/wp\/v2\/media\/8262"}],"wp:attachment":[{"href":"https:\/\/nordicbags.eu\/et\/wp-json\/wp\/v2\/media?parent=8251"}],"wp:term":[{"taxonomy":"pwb-brand","embeddable":true,"href":"https:\/\/nordicbags.eu\/et\/wp-json\/wp\/v2\/pwb-brand?post=8251"},{"taxonomy":"product_brand","embeddable":true,"href":"https:\/\/nordicbags.eu\/et\/wp-json\/wp\/v2\/product_brand?post=8251"},{"taxonomy":"product_cat","embeddable":true,"href":"https:\/\/nordicbags.eu\/et\/wp-json\/wp\/v2\/product_cat?post=8251"},{"taxonomy":"product_tag","embeddable":true,"href":"https:\/\/nordicbags.eu\/et\/wp-json\/wp\/v2\/product_tag?post=8251"}],"curies":[{"name":"wp","href":"https:\/\/api.w.org\/{rel}","templated":true}]}}