{"id":8252,"date":"2023-02-28T06:18:05","date_gmt":"2023-02-28T06:18:05","guid":{"rendered":"https:\/\/nordicbags.eu\/wine-dine-kaekott-must\/"},"modified":"2024-09-15T12:35:33","modified_gmt":"2024-09-15T12:35:33","slug":"wine-dine-kaekott-must","status":"publish","type":"product","link":"https:\/\/nordicbags.eu\/et\/toode\/wine-dine-kaekott-must\/","title":{"rendered":"Wine &amp; Dine k\u00e4ekott &#8211; must"},"content":{"rendered":"","protected":false},"excerpt":{"rendered":"<p><strong>Wine &amp; Dine<\/strong> \u00f5htukott on m\u00f5eldud nendeks s\u00fcndmusteks, kus inimesed sinu \u00fcmber on p\u00f5hir\u00f5hk ja sul on vaja kaasas kanda vaid m\u00f5ned h\u00e4davajalikud asjad.<br \/>\nSee stiilne kott on disainitud teie vajadusi silmas pidades ja sellel on kaks ruumi, mugav tasku kaartide jaoks ning magnetkinnitus, et k\u00f5ik oleks turvaline ja kindel.<br \/>\nSaate valida 3 erineva rihmastiili vahel: nahast rihm kahe metallist ketiga, nahast rihm kahe nahast ketiga ja pikk metallist kett.  <\/p>\n<p><strong>Stella Soomlais<\/strong> on tunnustatud disainerbr\u00e4nd Eestist, mis loob ja toodab k\u00f5ik oma tooted kohapeal. Nad keskenduvad funktsionaalsete ja vastupidavate kottide ja aksessuaaride loomisele, mis on valmistatud vastutustundlikult. Lisaks sellele on iga toode ainulaadselt valmistatud eritellimusel.<\/p>\n<ul>\n<li>Valmistatud taimse pargitud nahast<\/li>\n<li>M\u00f5\u00f5tmed: 23 x 14 x 2,5 cm<\/li>\n<li>Nahkrihma laius: 1,5 cm<\/li>\n<li>Disainitud ja valmistatud Eestis<\/li>\n<\/ul>\n","protected":false},"featured_media":8254,"comment_status":"open","ping_status":"closed","template":"","meta":{"_acf_changed":false},"pwb-brand":[350],"product_brand":[],"product_cat":[343,334,344],"product_tag":[],"class_list":{"0":"post-8252","1":"product","2":"type-product","3":"status-publish","4":"has-post-thumbnail","6":"pwb-brand-stella-soomlais-et","7":"product_cat-kaekotid","8":"product_cat-nahast-kotid","9":"product_cat-olakotid","10":"product_shipping_class-tellimuse-jargi-valmistatud","12":"first","13":"outofstock","14":"taxable","15":"shipping-taxable","16":"purchasable","17":"product-type-variable"},"acf":[],"brands":[{"id":350,"name":"Stella Soomlais","slug":"stella-soomlais-et"}],"_links":{"self":[{"href":"https:\/\/nordicbags.eu\/et\/wp-json\/wp\/v2\/product\/8252","targetHints":{"allow":["GET"]}}],"collection":[{"href":"https:\/\/nordicbags.eu\/et\/wp-json\/wp\/v2\/product"}],"about":[{"href":"https:\/\/nordicbags.eu\/et\/wp-json\/wp\/v2\/types\/product"}],"replies":[{"embeddable":true,"href":"https:\/\/nordicbags.eu\/et\/wp-json\/wp\/v2\/comments?post=8252"}],"wp:featuredmedia":[{"embeddable":true,"href":"https:\/\/nordicbags.eu\/et\/wp-json\/wp\/v2\/media\/8254"}],"wp:attachment":[{"href":"https:\/\/nordicbags.eu\/et\/wp-json\/wp\/v2\/media?parent=8252"}],"wp:term":[{"taxonomy":"pwb-brand","embeddable":true,"href":"https:\/\/nordicbags.eu\/et\/wp-json\/wp\/v2\/pwb-brand?post=8252"},{"taxonomy":"product_brand","embeddable":true,"href":"https:\/\/nordicbags.eu\/et\/wp-json\/wp\/v2\/product_brand?post=8252"},{"taxonomy":"product_cat","embeddable":true,"href":"https:\/\/nordicbags.eu\/et\/wp-json\/wp\/v2\/product_cat?post=8252"},{"taxonomy":"product_tag","embeddable":true,"href":"https:\/\/nordicbags.eu\/et\/wp-json\/wp\/v2\/product_tag?post=8252"}],"curies":[{"name":"wp","href":"https:\/\/api.w.org\/{rel}","templated":true}]}}