{"id":8275,"date":"2023-02-27T23:39:26","date_gmt":"2023-02-27T23:39:26","guid":{"rendered":"https:\/\/nordicbags.eu\/hof-vildist-kandekott-hall\/"},"modified":"2025-05-29T21:15:34","modified_gmt":"2025-05-29T21:15:34","slug":"hof-vildist-kandekott-hall","status":"publish","type":"product","link":"https:\/\/nordicbags.eu\/et\/toode\/hof-vildist-kandekott-hall\/","title":{"rendered":"HOF vildist kandekott &#8211; Hall"},"content":{"rendered":"","protected":false},"excerpt":{"rendered":"<p><strong>HOF<\/strong> on ajatu kandekott, millel on palju ruumi k\u00f5igile olulistele asjadele ja sisemine s\u00fclearvuti tasku.<br \/>\nGarderoobi t\u00f6\u00f6hobune.<br \/>\nV\u00e4ga lemmik.<br \/>\nHOF on neile, kes hindavad klassikalist disaini ja taaskasutatud materjale.<br \/>\nHOF pakub rohkelt ruumi k\u00f5igile vajalikele asjadele, j\u00e4\u00e4des samas mitmek\u00fclgseks, et t\u00f6\u00f6tada iga riietusega.<br \/>\nSelle vastupidav vilt ja k\u00e4sitsi valmistatud tootmine muudavad selle kandekoti pikaajaliseks igap\u00e4evaseks kaaslaseks.      Nordhale&#8217;i kotid on m\u00f5eldud neile, kes hindavad aeglast eluviisi ja julgevad eristuda tavalisest. 100% k\u00e4sitsi valmistatud Eestis. M\u00f5eldud kestma igas ilmastikuolukorras.<\/p>\n<ul>\n<li>Ringlussev\u00f5etud PET-vilt<\/li>\n<li>Ilmastikukindel<\/li>\n<li>100% k\u00e4sitsi valmistatud Eestis<\/li>\n<li>Saadetakse keskkonnas\u00f5bralikus pakendis<\/li>\n<li>M\u00f5\u00f5tmed 41 x 32 x 15 cm (k\u00f5rgus, pikkus, laius)<\/li>\n<li>Kaal 436g<\/li>\n<\/ul>\n","protected":false},"featured_media":8284,"comment_status":"open","ping_status":"closed","template":"","meta":{"_acf_changed":false},"pwb-brand":[340],"product_brand":[],"product_cat":[374],"product_tag":[],"class_list":{"0":"post-8275","1":"product","2":"type-product","3":"status-publish","4":"has-post-thumbnail","6":"pwb-brand-nordhale-et","7":"product_cat-ostukotid","8":"product_shipping_class-tavaline","10":"first","11":"instock","12":"taxable","13":"shipping-taxable","14":"purchasable","15":"product-type-simple"},"acf":[],"brands":[{"id":340,"name":"Nordhale","slug":"nordhale-et"}],"_links":{"self":[{"href":"https:\/\/nordicbags.eu\/et\/wp-json\/wp\/v2\/product\/8275","targetHints":{"allow":["GET"]}}],"collection":[{"href":"https:\/\/nordicbags.eu\/et\/wp-json\/wp\/v2\/product"}],"about":[{"href":"https:\/\/nordicbags.eu\/et\/wp-json\/wp\/v2\/types\/product"}],"replies":[{"embeddable":true,"href":"https:\/\/nordicbags.eu\/et\/wp-json\/wp\/v2\/comments?post=8275"}],"wp:featuredmedia":[{"embeddable":true,"href":"https:\/\/nordicbags.eu\/et\/wp-json\/wp\/v2\/media\/8284"}],"wp:attachment":[{"href":"https:\/\/nordicbags.eu\/et\/wp-json\/wp\/v2\/media?parent=8275"}],"wp:term":[{"taxonomy":"pwb-brand","embeddable":true,"href":"https:\/\/nordicbags.eu\/et\/wp-json\/wp\/v2\/pwb-brand?post=8275"},{"taxonomy":"product_brand","embeddable":true,"href":"https:\/\/nordicbags.eu\/et\/wp-json\/wp\/v2\/product_brand?post=8275"},{"taxonomy":"product_cat","embeddable":true,"href":"https:\/\/nordicbags.eu\/et\/wp-json\/wp\/v2\/product_cat?post=8275"},{"taxonomy":"product_tag","embeddable":true,"href":"https:\/\/nordicbags.eu\/et\/wp-json\/wp\/v2\/product_tag?post=8275"}],"curies":[{"name":"wp","href":"https:\/\/api.w.org\/{rel}","templated":true}]}}