{"id":8282,"date":"2023-02-28T06:25:01","date_gmt":"2023-02-28T06:25:01","guid":{"rendered":"https:\/\/nordicbags.eu\/sidur-must\/"},"modified":"2025-05-30T06:37:43","modified_gmt":"2025-05-30T06:37:43","slug":"sidur-must","status":"publish","type":"product","link":"https:\/\/nordicbags.eu\/et\/toode\/sidur-must\/","title":{"rendered":"Sidur &#8211; must"},"content":{"rendered":"","protected":false},"excerpt":{"rendered":"<p>K\u00e4sit\u00f6\u00f6na Itaaliast p\u00e4rit parimatest taimeparkitud nahkadest valmistatud k\u00e4ekott on ilus, kuid samas ka vastupidav ja kauakestev.<br \/>\nNahk on hoolikalt valitud ja valmistatud Eestis asuvate oskust\u00f6\u00f6liste poolt, mis tagab, et iga t\u00fckk on k\u00f5rgeima kvaliteediga.<br \/>\nClutchil on elegantne ja voolujooneline disain, millel on palju siledaid kumerusi, ning see sobib ideaalselt igaks juhuks.<br \/>\nSee k\u00e4ekott on ideaalne nii pidulikule \u00fcritusele kui ka s\u00f5pradega v\u00e4ljas\u00f5itudele, sest selle ajatu stiil t\u00f5stab iga riietuse esile, olenemata sellest, kas olete minemas ametlikule \u00fcritusele v\u00f5i \u00f5htusele v\u00e4ljas\u00f5idule.<br \/>\nLisaks saate seda kanda mitmel viisil vastavalt oma vajadustele, kas soovite seda kanda \u00f5lakotina v\u00f5i kanda seda sidurina.    <\/p>\n<ul>\n<li>V\u00e4rv: must<\/li>\n<li>Seda saab kanda \u00f5lakotina v\u00f5i clutchina.<\/li>\n<li>Materjal: k\u00f5rgekvaliteediline taimeparkitud nahk Itaaliast.<\/li>\n<li>K\u00e4sitsi valmistatud Eestis<\/li>\n<\/ul>\n","protected":false},"featured_media":8288,"comment_status":"open","ping_status":"closed","template":"","meta":{"_acf_changed":false},"pwb-brand":[370],"product_brand":[],"product_cat":[335,343,334,344],"product_tag":[],"class_list":{"0":"post-8282","1":"product","2":"type-product","3":"status-publish","4":"has-post-thumbnail","6":"pwb-brand-mirgoods-et","7":"product_cat-crossbody-kotid","8":"product_cat-kaekotid","9":"product_cat-nahast-kotid","10":"product_cat-olakotid","12":"first","13":"instock","14":"featured","15":"taxable","16":"shipping-taxable","17":"purchasable","18":"product-type-simple"},"acf":[],"brands":[{"id":370,"name":"Mirgoods","slug":"mirgoods-et"}],"_links":{"self":[{"href":"https:\/\/nordicbags.eu\/et\/wp-json\/wp\/v2\/product\/8282","targetHints":{"allow":["GET"]}}],"collection":[{"href":"https:\/\/nordicbags.eu\/et\/wp-json\/wp\/v2\/product"}],"about":[{"href":"https:\/\/nordicbags.eu\/et\/wp-json\/wp\/v2\/types\/product"}],"replies":[{"embeddable":true,"href":"https:\/\/nordicbags.eu\/et\/wp-json\/wp\/v2\/comments?post=8282"}],"wp:featuredmedia":[{"embeddable":true,"href":"https:\/\/nordicbags.eu\/et\/wp-json\/wp\/v2\/media\/8288"}],"wp:attachment":[{"href":"https:\/\/nordicbags.eu\/et\/wp-json\/wp\/v2\/media?parent=8282"}],"wp:term":[{"taxonomy":"pwb-brand","embeddable":true,"href":"https:\/\/nordicbags.eu\/et\/wp-json\/wp\/v2\/pwb-brand?post=8282"},{"taxonomy":"product_brand","embeddable":true,"href":"https:\/\/nordicbags.eu\/et\/wp-json\/wp\/v2\/product_brand?post=8282"},{"taxonomy":"product_cat","embeddable":true,"href":"https:\/\/nordicbags.eu\/et\/wp-json\/wp\/v2\/product_cat?post=8282"},{"taxonomy":"product_tag","embeddable":true,"href":"https:\/\/nordicbags.eu\/et\/wp-json\/wp\/v2\/product_tag?post=8282"}],"curies":[{"name":"wp","href":"https:\/\/api.w.org\/{rel}","templated":true}]}}