{"id":8286,"date":"2023-02-28T06:21:45","date_gmt":"2023-02-28T06:21:45","guid":{"rendered":"https:\/\/nordicbags.eu\/hoidke-nahast-votmehoidja-must\/"},"modified":"2025-05-29T20:16:53","modified_gmt":"2025-05-29T20:16:53","slug":"hoidke-nahast-votmehoidja-must","status":"publish","type":"product","link":"https:\/\/nordicbags.eu\/et\/toode\/hoidke-nahast-votmehoidja-must\/","title":{"rendered":"Hoidke nahast v\u00f5tmehoidja &#8211; must"},"content":{"rendered":"","protected":false},"excerpt":{"rendered":"<p>Nahast v\u00f5tmehoidja <strong>Keep<\/strong> on parim aksessuaar, et hoida oma v\u00f5tmeid organiseeritult ja kaitsta oma taskuid.<br \/>\nTaimse pargitud nahast k\u00e4sitsi valmistatud v\u00f5tmehoidja on praktiline ja stiilne.<br \/>\nSelle m\u00fctsikujuline disain hoiab v\u00f5tmed kotis ringi h\u00fcpeldes telefoni ekraani kriimustamast.<br \/>\nLibistage v\u00f5tmed taskusse, ilma et peaksite muretsema kriimustuste v\u00f5i riiete kahjustamise p\u00e4rast.<br \/>\nOle \u0161ikk ja muretu koos nahast v\u00f5tmehoidjaga Keep! <strong>Stella Soomlais<\/strong> on tunnustatud disainibr\u00e4nd Eestist, mis loob ja toodab k\u00f5ik oma esemed kohapeal.     Nad keskenduvad funktsionaalsete ja vastupidavate kottide ja aksessuaaride loomisele, mis on valmistatud vastutustundlikult. Lisaks sellele on iga toode ainulaadselt valmistatud eritellimusel.<\/p>\n<ul>\n<li>Valmistatud taimse pargitud nahast<\/li>\n<li>M\u00f5\u00f5tmed avatud olekus: 12,5 x 14 cm<\/li>\n<li>M\u00f5\u00f5tmed suletud olekus: 12,5 x ~4 cm<\/li>\n<li>K\u00e4sitsi valmistatud Eestis<\/li>\n<\/ul>\n","protected":false},"featured_media":8294,"comment_status":"open","ping_status":"closed","template":"","meta":{"_acf_changed":false},"pwb-brand":[350],"product_brand":[],"product_cat":[373],"product_tag":[],"class_list":{"0":"post-8286","1":"product","2":"type-product","3":"status-publish","4":"has-post-thumbnail","6":"pwb-brand-stella-soomlais-et","7":"product_cat-tarvikud","8":"product_shipping_class-tellimuse-jargi-valmistatud","10":"first","11":"instock","12":"taxable","13":"shipping-taxable","14":"purchasable","15":"product-type-variable"},"acf":[],"brands":[{"id":350,"name":"Stella Soomlais","slug":"stella-soomlais-et"}],"_links":{"self":[{"href":"https:\/\/nordicbags.eu\/et\/wp-json\/wp\/v2\/product\/8286","targetHints":{"allow":["GET"]}}],"collection":[{"href":"https:\/\/nordicbags.eu\/et\/wp-json\/wp\/v2\/product"}],"about":[{"href":"https:\/\/nordicbags.eu\/et\/wp-json\/wp\/v2\/types\/product"}],"replies":[{"embeddable":true,"href":"https:\/\/nordicbags.eu\/et\/wp-json\/wp\/v2\/comments?post=8286"}],"wp:featuredmedia":[{"embeddable":true,"href":"https:\/\/nordicbags.eu\/et\/wp-json\/wp\/v2\/media\/8294"}],"wp:attachment":[{"href":"https:\/\/nordicbags.eu\/et\/wp-json\/wp\/v2\/media?parent=8286"}],"wp:term":[{"taxonomy":"pwb-brand","embeddable":true,"href":"https:\/\/nordicbags.eu\/et\/wp-json\/wp\/v2\/pwb-brand?post=8286"},{"taxonomy":"product_brand","embeddable":true,"href":"https:\/\/nordicbags.eu\/et\/wp-json\/wp\/v2\/product_brand?post=8286"},{"taxonomy":"product_cat","embeddable":true,"href":"https:\/\/nordicbags.eu\/et\/wp-json\/wp\/v2\/product_cat?post=8286"},{"taxonomy":"product_tag","embeddable":true,"href":"https:\/\/nordicbags.eu\/et\/wp-json\/wp\/v2\/product_tag?post=8286"}],"curies":[{"name":"wp","href":"https:\/\/api.w.org\/{rel}","templated":true}]}}