{"id":8287,"date":"2023-02-28T06:13:19","date_gmt":"2023-02-28T06:13:19","guid":{"rendered":"https:\/\/nordicbags.eu\/kaardihoidja-40-rfid-nfc-blokeerimine\/"},"modified":"2023-02-28T06:13:19","modified_gmt":"2023-02-28T06:13:19","slug":"kaardihoidja-40-rfid-nfc-blokeerimine","status":"publish","type":"product","link":"https:\/\/nordicbags.eu\/et\/toode\/kaardihoidja-40-rfid-nfc-blokeerimine\/","title":{"rendered":"Kaardihoidja 40 &#8211; RFID\/NFC blokeerimine"},"content":{"rendered":"","protected":false},"excerpt":{"rendered":"<p>Alumiiniumist ja naturaalsest nahast valmistatud <strong>kaardihoidja 40<\/strong> on praktiline kaardihoidja eriti praktilisele inimesele.<br \/>\nKaardihoidja mahutab kuni 8 kaarti ja lihtne v\u00e4ljastusmehhanism tagab mugava juurdep\u00e4\u00e4su kaartidele.<br \/>\nTugev alumiiniumist korpus seevastu kaitseb kaarte paindumise ja kulumise eest.<br \/>\nJa t\u00e4nu RFID\/NFC-blokeeringule kaitseb kaardihoidja teie kaarte soovimatu kohaloleku eest.<br \/>\nKaardihoidja on disainitud ja valmistatud Eestis.      <\/p>\n<ul>\n<li>Valmistatud ehtsast nahast ja alumiiniumist<\/li>\n<li>RFID\/NFC blokeerimine<\/li>\n<li>M\u00f5\u00f5tmed: 10 cm x 6,5 cm x 1 cm.<\/li>\n<li>Valmistatud Eestis<\/li>\n<\/ul>\n<p>Eesti nahastuudio Papillon on disaininud ja tootnud kotte, kohvreid ja muid nahktooteid alates 1994. aastast.<br \/>\nPapilloni tooted on tuntud oma k\u00f5rge kvaliteedi poolest ja valmistatakse k\u00e4sitsi Tartus. <\/p>\n","protected":false},"featured_media":8301,"comment_status":"open","ping_status":"closed","template":"","meta":{"_acf_changed":false},"pwb-brand":[376],"product_brand":[],"product_cat":[356,355,366,334,368,369,363],"product_tag":[],"class_list":{"0":"post-8287","1":"product","2":"type-product","3":"status-publish","4":"has-post-thumbnail","6":"pwb-brand-papillon-et","7":"product_cat-kaardihoidjad","8":"product_cat-meeste-rahakotid-ja-kaardiumbrikud","9":"product_cat-nahast-kaardihoidjad","10":"product_cat-nahast-kotid","11":"product_cat-nahast-rahakotid","12":"product_cat-naiste-rahakotid-ja-rahakotid","13":"product_cat-rahakotid-ja-kaardihoidjad","15":"first","16":"instock","17":"taxable","18":"shipping-taxable","19":"purchasable","20":"product-type-variable"},"acf":[],"brands":[{"id":376,"name":"Papillon","slug":"papillon-et"}],"_links":{"self":[{"href":"https:\/\/nordicbags.eu\/et\/wp-json\/wp\/v2\/product\/8287","targetHints":{"allow":["GET"]}}],"collection":[{"href":"https:\/\/nordicbags.eu\/et\/wp-json\/wp\/v2\/product"}],"about":[{"href":"https:\/\/nordicbags.eu\/et\/wp-json\/wp\/v2\/types\/product"}],"replies":[{"embeddable":true,"href":"https:\/\/nordicbags.eu\/et\/wp-json\/wp\/v2\/comments?post=8287"}],"wp:featuredmedia":[{"embeddable":true,"href":"https:\/\/nordicbags.eu\/et\/wp-json\/wp\/v2\/media\/8301"}],"wp:attachment":[{"href":"https:\/\/nordicbags.eu\/et\/wp-json\/wp\/v2\/media?parent=8287"}],"wp:term":[{"taxonomy":"pwb-brand","embeddable":true,"href":"https:\/\/nordicbags.eu\/et\/wp-json\/wp\/v2\/pwb-brand?post=8287"},{"taxonomy":"product_brand","embeddable":true,"href":"https:\/\/nordicbags.eu\/et\/wp-json\/wp\/v2\/product_brand?post=8287"},{"taxonomy":"product_cat","embeddable":true,"href":"https:\/\/nordicbags.eu\/et\/wp-json\/wp\/v2\/product_cat?post=8287"},{"taxonomy":"product_tag","embeddable":true,"href":"https:\/\/nordicbags.eu\/et\/wp-json\/wp\/v2\/product_tag?post=8287"}],"curies":[{"name":"wp","href":"https:\/\/api.w.org\/{rel}","templated":true}]}}