{"id":8309,"date":"2023-02-28T06:21:48","date_gmt":"2023-02-28T06:21:48","guid":{"rendered":"https:\/\/nordicbags.eu\/nahast-votmehoidja-must\/"},"modified":"2023-02-28T06:21:48","modified_gmt":"2023-02-28T06:21:48","slug":"nahast-votmehoidja-must","status":"publish","type":"product","link":"https:\/\/nordicbags.eu\/et\/toode\/nahast-votmehoidja-must\/","title":{"rendered":"Nahast v\u00f5tmehoidja &#8211; must"},"content":{"rendered":"","protected":false},"excerpt":{"rendered":"<p><strong>Nahast v\u00f5tmehoidja Close to You<\/strong> sobib ideaalselt v\u00f5tmete turvaliseks ja h\u00f5lpsasti ligip\u00e4\u00e4setavaks hoidmiseks.<br \/>\nV\u00f5tmehoidja on valmistatud taimse parkimisega nahast, mis vananeb kaunilt.<br \/>\nLisaks saate valida niklist v\u00f5i messingist metalldetailide vahel, mis sobivad teie stiiliga. <strong>Stella Soomlais<\/strong> on tunnustatud disainibr\u00e4nd Eestist, mis loob ja toodab k\u00f5ik oma esemed kohapeal.   Nad keskenduvad funktsionaalsete ja vastupidavate kottide ja aksessuaaride loomisele, mis on valmistatud vastutustundlikult. Lisaks sellele on iga toode ainulaadselt valmistatud eritellimusel.<\/p>\n<ul>\n<li>Valmistatud taimse pargitud nahast<\/li>\n<li>Nahkosa m\u00f5\u00f5tmed: 1,5 x 9 cm<\/li>\n<li>R\u00f5nga l\u00e4bim\u00f5\u00f5t: 2,7 cm<\/li>\n<li>K\u00e4sitsi valmistatud Eestis<\/li>\n<\/ul>\n","protected":false},"featured_media":8313,"comment_status":"open","ping_status":"closed","template":"","meta":{"_acf_changed":false},"pwb-brand":[350],"product_brand":[],"product_cat":[373],"product_tag":[],"class_list":{"0":"post-8309","1":"product","2":"type-product","3":"status-publish","4":"has-post-thumbnail","6":"pwb-brand-stella-soomlais-et","7":"product_cat-tarvikud","8":"product_shipping_class-tellimuse-jargi-valmistatud","10":"first","11":"instock","12":"taxable","13":"shipping-taxable","14":"purchasable","15":"product-type-variable"},"acf":[],"brands":[{"id":350,"name":"Stella Soomlais","slug":"stella-soomlais-et"}],"_links":{"self":[{"href":"https:\/\/nordicbags.eu\/et\/wp-json\/wp\/v2\/product\/8309","targetHints":{"allow":["GET"]}}],"collection":[{"href":"https:\/\/nordicbags.eu\/et\/wp-json\/wp\/v2\/product"}],"about":[{"href":"https:\/\/nordicbags.eu\/et\/wp-json\/wp\/v2\/types\/product"}],"replies":[{"embeddable":true,"href":"https:\/\/nordicbags.eu\/et\/wp-json\/wp\/v2\/comments?post=8309"}],"wp:featuredmedia":[{"embeddable":true,"href":"https:\/\/nordicbags.eu\/et\/wp-json\/wp\/v2\/media\/8313"}],"wp:attachment":[{"href":"https:\/\/nordicbags.eu\/et\/wp-json\/wp\/v2\/media?parent=8309"}],"wp:term":[{"taxonomy":"pwb-brand","embeddable":true,"href":"https:\/\/nordicbags.eu\/et\/wp-json\/wp\/v2\/pwb-brand?post=8309"},{"taxonomy":"product_brand","embeddable":true,"href":"https:\/\/nordicbags.eu\/et\/wp-json\/wp\/v2\/product_brand?post=8309"},{"taxonomy":"product_cat","embeddable":true,"href":"https:\/\/nordicbags.eu\/et\/wp-json\/wp\/v2\/product_cat?post=8309"},{"taxonomy":"product_tag","embeddable":true,"href":"https:\/\/nordicbags.eu\/et\/wp-json\/wp\/v2\/product_tag?post=8309"}],"curies":[{"name":"wp","href":"https:\/\/api.w.org\/{rel}","templated":true}]}}