{"id":8310,"date":"2023-02-27T23:37:04","date_gmt":"2023-02-27T23:37:04","guid":{"rendered":"https:\/\/nordicbags.eu\/cliff-25l-seljakott-roheline\/"},"modified":"2025-05-30T01:38:41","modified_gmt":"2025-05-30T01:38:41","slug":"cliff-25l-seljakott-roheline","status":"publish","type":"product","link":"https:\/\/nordicbags.eu\/et\/toode\/cliff-25l-seljakott-roheline\/","title":{"rendered":"Cliff 25L seljakott &#8211; roheline"},"content":{"rendered":"","protected":false},"excerpt":{"rendered":"<p><strong>Cliffi<\/strong> seljakott on inspireeritud Matrix Pro pikast matkakottide tootmise ajaloost, kuid on siiski m\u00f5eldud eelk\u00f5ige t\u00e4navale.<br \/>\nKuid loomulikult sobib see suurep\u00e4raselt ka l\u00fchemateks matkadeks v\u00f5i v\u00e4ljas\u00f5itudeks.<br \/>\nSee kott teenib sind pikka aega, olgu see siis kontorisse, matkale v\u00f5i j\u00f5usaali.<br \/>\nKott on 25-liitrise mahutavusega ja siseseinte sees on pehmendusega s\u00fclearvutitasku, mis mahutab kuni 17-tollise s\u00fclearvuti.<br \/>\nLisaks on koti sees mitu v\u00e4iksemat taskut, millest \u00fcks on t\u00f5mblukuga.<br \/>\nKotil on suur esitasku, millel on samuti \u00fcks t\u00f5mblukuga tasku ja kaks avatud taskut.<br \/>\nKott on valmistatud vastupidavast Cordura materjalist ja on veekindel.<br \/>\nCliff on Noeli k\u00f5ige populaarsem seljakott.<br \/>\nNoel \u00fchendab urbanistliku stiili igap\u00e4evase praktilisuse ja vastupidavate materjalidega.<br \/>\nNoel on legendaarse Eesti matkakottide tootja Matrix Pro elustiilibr\u00e4nd.           <\/p>\n<ul>\n<li>Valmistatud vastupidavast rohelisest Cordura kangast<\/li>\n<li>M\u00f5\u00f5tmed: 15 x 30 x 59 cm<\/li>\n<li>Mahutavus: 25 liitrit<\/li>\n<li>K\u00e4sitsi valmistatud Tartus, Eestis<\/li>\n<\/ul>\n","protected":false},"featured_media":8316,"comment_status":"open","ping_status":"closed","template":"","meta":{"_acf_changed":false},"pwb-brand":[364],"product_brand":[],"product_cat":[330],"product_tag":[],"class_list":{"0":"post-8310","1":"product","2":"type-product","3":"status-publish","4":"has-post-thumbnail","6":"pwb-brand-noel-et","7":"product_cat-seljakotid-ja-paevakotid","8":"product_shipping_class-tavaline","10":"first","11":"instock","12":"taxable","13":"shipping-taxable","14":"purchasable","15":"product-type-simple"},"acf":[],"brands":[{"id":364,"name":"Noel","slug":"noel-et"}],"_links":{"self":[{"href":"https:\/\/nordicbags.eu\/et\/wp-json\/wp\/v2\/product\/8310","targetHints":{"allow":["GET"]}}],"collection":[{"href":"https:\/\/nordicbags.eu\/et\/wp-json\/wp\/v2\/product"}],"about":[{"href":"https:\/\/nordicbags.eu\/et\/wp-json\/wp\/v2\/types\/product"}],"replies":[{"embeddable":true,"href":"https:\/\/nordicbags.eu\/et\/wp-json\/wp\/v2\/comments?post=8310"}],"wp:featuredmedia":[{"embeddable":true,"href":"https:\/\/nordicbags.eu\/et\/wp-json\/wp\/v2\/media\/8316"}],"wp:attachment":[{"href":"https:\/\/nordicbags.eu\/et\/wp-json\/wp\/v2\/media?parent=8310"}],"wp:term":[{"taxonomy":"pwb-brand","embeddable":true,"href":"https:\/\/nordicbags.eu\/et\/wp-json\/wp\/v2\/pwb-brand?post=8310"},{"taxonomy":"product_brand","embeddable":true,"href":"https:\/\/nordicbags.eu\/et\/wp-json\/wp\/v2\/product_brand?post=8310"},{"taxonomy":"product_cat","embeddable":true,"href":"https:\/\/nordicbags.eu\/et\/wp-json\/wp\/v2\/product_cat?post=8310"},{"taxonomy":"product_tag","embeddable":true,"href":"https:\/\/nordicbags.eu\/et\/wp-json\/wp\/v2\/product_tag?post=8310"}],"curies":[{"name":"wp","href":"https:\/\/api.w.org\/{rel}","templated":true}]}}