{"id":8311,"date":"2023-02-28T06:17:54","date_gmt":"2023-02-28T06:17:54","guid":{"rendered":"https:\/\/nordicbags.eu\/capital-of-goods-vookott-olakott-must\/"},"modified":"2023-02-28T06:17:54","modified_gmt":"2023-02-28T06:17:54","slug":"capital-of-goods-vookott-olakott-must","status":"publish","type":"product","link":"https:\/\/nordicbags.eu\/et\/toode\/capital-of-goods-vookott-olakott-must\/","title":{"rendered":"Capital of Goods v\u00f6\u00f6kott \/ \u00f5lakott &#8211; must"},"content":{"rendered":"","protected":false},"excerpt":{"rendered":"<p><strong>Capital of Goods v\u00f6\u00f6kott\/\u00f5lakott<\/strong> on \u00fclimalt mitmek\u00fclgne aksessuaar, mida sa armastad aastaid.<br \/>\nTaimeparkitud nahast valmistatud kott on vastupidav ja vananeb kaunilt, moodustades aja jooksul ainulaadse patina.<br \/>\nSeda saab kanda \u00f5lakotina, v\u00f6\u00f6kotina v\u00f5i seljakotina ning te v\u00f5ite isegi rihmad t\u00e4ielikult eemaldada.<br \/>\nSisek\u00fcljel on elegantse sisemusega sektsioon telefoni jaoks, suurem avatud pesa ja eemaldatav t\u00f5mblukuga tasku. <strong>Stella Soomlais<\/strong> on tunnustatud disainibr\u00e4nd Eestist, mis loob ja toodab k\u00f5ik oma esemed kohapeal.    Nad keskenduvad funktsionaalsete ja vastupidavate kottide ja aksessuaaride loomisele, mis on valmistatud vastutustundlikult. Lisaks sellele on iga toode ainulaadselt valmistatud eritellimusel.<\/p>\n<ul>\n<li>Valmistatud taimse pargitud nahast<\/li>\n<li>M\u00f5\u00f5tmed: 23 x 13 x 4 cm<\/li>\n<li>Rihma laius 3 cm, maksimaalne v\u00f6\u00f6\u00fcmberm\u00f5\u00f5t 143 cm<\/li>\n<li>Disainitud ja valmistatud Eestis<\/li>\n<\/ul>\n","protected":false},"featured_media":8317,"comment_status":"open","ping_status":"closed","template":"","meta":{"_acf_changed":false},"pwb-brand":[350],"product_brand":[],"product_cat":[343,334,344,378],"product_tag":[],"class_list":{"0":"post-8311","1":"product","2":"type-product","3":"status-publish","4":"has-post-thumbnail","6":"pwb-brand-stella-soomlais-et","7":"product_cat-kaekotid","8":"product_cat-nahast-kotid","9":"product_cat-olakotid","10":"product_cat-vookotid","11":"product_shipping_class-tellimuse-jargi-valmistatud","13":"first","14":"instock","15":"taxable","16":"shipping-taxable","17":"purchasable","18":"product-type-variable"},"acf":[],"brands":[{"id":350,"name":"Stella Soomlais","slug":"stella-soomlais-et"}],"_links":{"self":[{"href":"https:\/\/nordicbags.eu\/et\/wp-json\/wp\/v2\/product\/8311","targetHints":{"allow":["GET"]}}],"collection":[{"href":"https:\/\/nordicbags.eu\/et\/wp-json\/wp\/v2\/product"}],"about":[{"href":"https:\/\/nordicbags.eu\/et\/wp-json\/wp\/v2\/types\/product"}],"replies":[{"embeddable":true,"href":"https:\/\/nordicbags.eu\/et\/wp-json\/wp\/v2\/comments?post=8311"}],"wp:featuredmedia":[{"embeddable":true,"href":"https:\/\/nordicbags.eu\/et\/wp-json\/wp\/v2\/media\/8317"}],"wp:attachment":[{"href":"https:\/\/nordicbags.eu\/et\/wp-json\/wp\/v2\/media?parent=8311"}],"wp:term":[{"taxonomy":"pwb-brand","embeddable":true,"href":"https:\/\/nordicbags.eu\/et\/wp-json\/wp\/v2\/pwb-brand?post=8311"},{"taxonomy":"product_brand","embeddable":true,"href":"https:\/\/nordicbags.eu\/et\/wp-json\/wp\/v2\/product_brand?post=8311"},{"taxonomy":"product_cat","embeddable":true,"href":"https:\/\/nordicbags.eu\/et\/wp-json\/wp\/v2\/product_cat?post=8311"},{"taxonomy":"product_tag","embeddable":true,"href":"https:\/\/nordicbags.eu\/et\/wp-json\/wp\/v2\/product_tag?post=8311"}],"curies":[{"name":"wp","href":"https:\/\/api.w.org\/{rel}","templated":true}]}}