{"id":8330,"date":"2023-03-08T12:35:45","date_gmt":"2023-03-08T12:35:45","guid":{"rendered":"https:\/\/nordicbags.eu\/hof-tote-bag-must\/"},"modified":"2024-09-15T12:35:41","modified_gmt":"2024-09-15T12:35:41","slug":"hof-tote-bag-must","status":"publish","type":"product","link":"https:\/\/nordicbags.eu\/et\/toode\/hof-tote-bag-must\/","title":{"rendered":"Hof Tote Bag &#8211; must"},"content":{"rendered":"","protected":false},"excerpt":{"rendered":"<p><strong>HOF on ajatu kandekott, millel on palju ruumi k\u00f5igile olulistele asjadele ja sisemine s\u00fclearvuti tasku.  <\/strong>  HOF on m\u00f5eldud neile, kes hindavad klassikalist disaini ja taaskasutatud materjale.<br \/>\nHOF pakub rohkelt ruumi k\u00f5igile vajalikele asjadele, j\u00e4\u00e4des samas mitmek\u00fclgseks, et sobida mis tahes riietusega.<br \/>\nT\u00e4nu vastupidavale vildile ja k\u00e4sitsi valmistatud toodangule on see kandekott pikka aega teie igap\u00e4evane kaaslane.<br \/>\nGarderoobi t\u00f6\u00f6hobune.<br \/>\nV\u00e4ga lemmik.<br \/>\ntaaskasutatud PET-vilt \u30fbsadmekindel \u30fb100% k\u00e4sitsi valmistatud Eestis \u30fbsaadetakse keskkonnas\u00f5bralikus pakendis \u30fbsuurus 41 x32 x15 cm (k\u00f5rgus, pikkus, laius) \u30fbkaal 436g     <\/p>\n","protected":false},"featured_media":8332,"comment_status":"open","ping_status":"closed","template":"","meta":{"_acf_changed":false},"pwb-brand":[340],"product_brand":[],"product_cat":[374],"product_tag":[],"class_list":{"0":"post-8330","1":"product","2":"type-product","3":"status-publish","4":"has-post-thumbnail","6":"pwb-brand-nordhale-et","7":"product_cat-ostukotid","9":"first","10":"instock","11":"taxable","12":"shipping-taxable","13":"purchasable","14":"product-type-simple"},"acf":[],"brands":[{"id":340,"name":"Nordhale","slug":"nordhale-et"}],"_links":{"self":[{"href":"https:\/\/nordicbags.eu\/et\/wp-json\/wp\/v2\/product\/8330","targetHints":{"allow":["GET"]}}],"collection":[{"href":"https:\/\/nordicbags.eu\/et\/wp-json\/wp\/v2\/product"}],"about":[{"href":"https:\/\/nordicbags.eu\/et\/wp-json\/wp\/v2\/types\/product"}],"replies":[{"embeddable":true,"href":"https:\/\/nordicbags.eu\/et\/wp-json\/wp\/v2\/comments?post=8330"}],"wp:featuredmedia":[{"embeddable":true,"href":"https:\/\/nordicbags.eu\/et\/wp-json\/wp\/v2\/media\/8332"}],"wp:attachment":[{"href":"https:\/\/nordicbags.eu\/et\/wp-json\/wp\/v2\/media?parent=8330"}],"wp:term":[{"taxonomy":"pwb-brand","embeddable":true,"href":"https:\/\/nordicbags.eu\/et\/wp-json\/wp\/v2\/pwb-brand?post=8330"},{"taxonomy":"product_brand","embeddable":true,"href":"https:\/\/nordicbags.eu\/et\/wp-json\/wp\/v2\/product_brand?post=8330"},{"taxonomy":"product_cat","embeddable":true,"href":"https:\/\/nordicbags.eu\/et\/wp-json\/wp\/v2\/product_cat?post=8330"},{"taxonomy":"product_tag","embeddable":true,"href":"https:\/\/nordicbags.eu\/et\/wp-json\/wp\/v2\/product_tag?post=8330"}],"curies":[{"name":"wp","href":"https:\/\/api.w.org\/{rel}","templated":true}]}}