{"id":8331,"date":"2024-02-08T09:52:22","date_gmt":"2024-02-08T09:52:22","guid":{"rendered":"https:\/\/nordicbags.eu\/suureparane-seljakott-cookie\/"},"modified":"2024-09-15T12:35:41","modified_gmt":"2024-09-15T12:35:41","slug":"suureparane-seljakott-cookie","status":"publish","type":"product","link":"https:\/\/nordicbags.eu\/et\/toode\/suureparane-seljakott-cookie\/","title":{"rendered":"Suurep\u00e4rane seljakott &#8211; Cookie"},"content":{"rendered":"","protected":false},"excerpt":{"rendered":"<p><strong>Great Rucksack<\/strong> v\u00f5imaldab teil oma \u00e4ri absoluutselt k\u00f5ikjale kaasa v\u00f5tta, olles nii nutikas t\u00f6\u00f6l kui ka viisakas t\u00e4naval.<br \/>\nKaks reguleeritavat \u00f5larihma v\u00f5imaldavad vaheldumisi valida seljakoti, \u00f5la- ja kullerkoti seadistuste vahel ning vihmapiiskade kujuga k\u00fcljed suurendavad mahtu. <\/p>\n<p>Great Rucksack pakub mitmesuguseid praktilisi hoiuv\u00f5imalusi, sisaldades sisemist \u00fcmbrist kuni 15-tollise s\u00fclearvuti jaoks, turvalist t\u00f5mblukuga taskut k\u00f5ige v\u00e4\u00e4rtuslikumate jaoks ning kiirelt ligip\u00e4\u00e4setavat v\u00e4listaskut, kuhu on kinnitatud v\u00f5tmehoidja, et hoida kaasas asju, mida on teel olles vaja.<\/p>\n<ul>\n<li>Materjal: orgaaniliselt pargitud nahk Toscanast, Itaaliast.<\/li>\n<li>Eraldi pesa kuni 15&#8243; s\u00fclearvutite jaoks p\u00f5hikambris<\/li>\n<li>1 t\u00f5mblukuga tasku p\u00f5hikambris<\/li>\n<li>1 kergesti ligip\u00e4\u00e4setav tasku v\u00e4ljastpoolt<\/li>\n<li>Reguleeritavad \u00f5larihmad<\/li>\n<li>V\u00e4rv: k\u00fcpsise valge<\/li>\n<li>Suurus: 41 cm x 31 cm x 13 cm<\/li>\n<li>Pakitud korduvkasutatavasse kinkekotti<\/li>\n<li>Disainitud ja k\u00e4sitsi valmistatud Eestis<\/li>\n<\/ul>\n","protected":false},"featured_media":8338,"comment_status":"open","ping_status":"closed","template":"","meta":{"_acf_changed":false},"pwb-brand":[],"product_brand":[],"product_cat":[330],"product_tag":[],"class_list":{"0":"post-8331","1":"product","2":"type-product","3":"status-publish","4":"has-post-thumbnail","6":"product_cat-seljakotid-ja-paevakotid","8":"first","9":"outofstock","10":"taxable","11":"shipping-taxable","12":"purchasable","13":"product-type-simple"},"acf":[],"brands":[],"_links":{"self":[{"href":"https:\/\/nordicbags.eu\/et\/wp-json\/wp\/v2\/product\/8331","targetHints":{"allow":["GET"]}}],"collection":[{"href":"https:\/\/nordicbags.eu\/et\/wp-json\/wp\/v2\/product"}],"about":[{"href":"https:\/\/nordicbags.eu\/et\/wp-json\/wp\/v2\/types\/product"}],"replies":[{"embeddable":true,"href":"https:\/\/nordicbags.eu\/et\/wp-json\/wp\/v2\/comments?post=8331"}],"wp:featuredmedia":[{"embeddable":true,"href":"https:\/\/nordicbags.eu\/et\/wp-json\/wp\/v2\/media\/8338"}],"wp:attachment":[{"href":"https:\/\/nordicbags.eu\/et\/wp-json\/wp\/v2\/media?parent=8331"}],"wp:term":[{"taxonomy":"pwb-brand","embeddable":true,"href":"https:\/\/nordicbags.eu\/et\/wp-json\/wp\/v2\/pwb-brand?post=8331"},{"taxonomy":"product_brand","embeddable":true,"href":"https:\/\/nordicbags.eu\/et\/wp-json\/wp\/v2\/product_brand?post=8331"},{"taxonomy":"product_cat","embeddable":true,"href":"https:\/\/nordicbags.eu\/et\/wp-json\/wp\/v2\/product_cat?post=8331"},{"taxonomy":"product_tag","embeddable":true,"href":"https:\/\/nordicbags.eu\/et\/wp-json\/wp\/v2\/product_tag?post=8331"}],"curies":[{"name":"wp","href":"https:\/\/api.w.org\/{rel}","templated":true}]}}