{"id":8352,"date":"2023-03-08T12:36:11","date_gmt":"2023-03-08T12:36:11","guid":{"rendered":"https:\/\/nordicbags.eu\/hennes-tote-bag-hall\/"},"modified":"2023-03-08T12:36:11","modified_gmt":"2023-03-08T12:36:11","slug":"hennes-tote-bag-hall","status":"publish","type":"product","link":"https:\/\/nordicbags.eu\/et\/toode\/hennes-tote-bag-hall\/","title":{"rendered":"Hennes Tote Bag &#8211; Hall"},"content":{"rendered":"","protected":false},"excerpt":{"rendered":"<p><strong>Nahast detailidega kott, mis pakub rohkelt ruumi k\u00f5igile vajalikele asjadele ja sisemist s\u00fclearvutitaskut.  <\/strong>  HENNES on ainulaadse disainiga, millel on nahast detailid neile, kes hindavad klassikalist kandekoti stiili ja taaskasutatud materjale.<br \/>\nVastupidav vilt ja k\u00e4sitsi valmistatud tootmine teevad selle koti pikaks ajaks teie igap\u00e4evaseks kaaslaseks.<br \/>\nIdeaalne neile, kellel on kiire elutempo.<br \/>\nHENNES pakub rohkelt ruumi k\u00f5igile vajalikele asjadele.<br \/>\nLisasime lisataskuid magnetlappidega, j\u00e4\u00e4des samas mitmek\u00fclgseks ja minimalistlikuks, et t\u00f6\u00f6tada iga riietusega.<br \/>\n\u30fbringlussev\u00f5etud PET-vilt \u30fbsadmekindel \u30fb100% k\u00e4sitsi valmistatud Eestis \u30fbsaadetakse keskkonnas\u00f5bralikus pakendis \u30fbsuurus 41 x32 x15 cm (k\u00f5rgus, pikkus, laius) \u30fbkaal 436g       <\/p>\n","protected":false},"featured_media":8356,"comment_status":"open","ping_status":"closed","template":"","meta":{"_acf_changed":false},"pwb-brand":[340],"product_brand":[],"product_cat":[374],"product_tag":[],"class_list":{"0":"post-8352","1":"product","2":"type-product","3":"status-publish","4":"has-post-thumbnail","6":"pwb-brand-nordhale-et","7":"product_cat-ostukotid","9":"first","10":"instock","11":"taxable","12":"shipping-taxable","13":"purchasable","14":"product-type-simple"},"acf":[],"brands":[{"id":340,"name":"Nordhale","slug":"nordhale-et"}],"_links":{"self":[{"href":"https:\/\/nordicbags.eu\/et\/wp-json\/wp\/v2\/product\/8352","targetHints":{"allow":["GET"]}}],"collection":[{"href":"https:\/\/nordicbags.eu\/et\/wp-json\/wp\/v2\/product"}],"about":[{"href":"https:\/\/nordicbags.eu\/et\/wp-json\/wp\/v2\/types\/product"}],"replies":[{"embeddable":true,"href":"https:\/\/nordicbags.eu\/et\/wp-json\/wp\/v2\/comments?post=8352"}],"wp:featuredmedia":[{"embeddable":true,"href":"https:\/\/nordicbags.eu\/et\/wp-json\/wp\/v2\/media\/8356"}],"wp:attachment":[{"href":"https:\/\/nordicbags.eu\/et\/wp-json\/wp\/v2\/media?parent=8352"}],"wp:term":[{"taxonomy":"pwb-brand","embeddable":true,"href":"https:\/\/nordicbags.eu\/et\/wp-json\/wp\/v2\/pwb-brand?post=8352"},{"taxonomy":"product_brand","embeddable":true,"href":"https:\/\/nordicbags.eu\/et\/wp-json\/wp\/v2\/product_brand?post=8352"},{"taxonomy":"product_cat","embeddable":true,"href":"https:\/\/nordicbags.eu\/et\/wp-json\/wp\/v2\/product_cat?post=8352"},{"taxonomy":"product_tag","embeddable":true,"href":"https:\/\/nordicbags.eu\/et\/wp-json\/wp\/v2\/product_tag?post=8352"}],"curies":[{"name":"wp","href":"https:\/\/api.w.org\/{rel}","templated":true}]}}