{"id":8353,"date":"2024-02-14T08:53:59","date_gmt":"2024-02-14T08:53:59","guid":{"rendered":"https:\/\/nordicbags.eu\/nahast-reisi-voi-spordikott-20l-mahutavusega-must\/"},"modified":"2025-05-29T18:34:04","modified_gmt":"2025-05-29T18:34:04","slug":"nahast-reisi-voi-spordikott-20l-mahutavusega-must","status":"publish","type":"product","link":"https:\/\/nordicbags.eu\/et\/toode\/nahast-reisi-voi-spordikott-20l-mahutavusega-must\/","title":{"rendered":"Nahast reisi- v\u00f5i spordikott, 20L mahutavusega &#8211; must"},"content":{"rendered":"","protected":false},"excerpt":{"rendered":"<p>See k\u00f5rgekvaliteedilisest nahast valmistatud 20-liitrine kott on teie <strong>kaaslane nii p\u00e4evareisidel, j\u00f5usaalis k\u00e4imiseks kui ka k\u00f5igeks muuks vahepealseks<\/strong>.<\/p>\n<p>M\u00f5\u00f5tmetega 45 x 27 x 22 cm on see disainitud vastavalt <strong>lennufirmade k\u00e4sipagasistandarditele<\/strong>, mis muudab selle lennureiside jaoks probleemivabaks valikuks.<br \/>\nVastupidav nahkmaterjal tagab, <strong>et kott teenib teid kaua<\/strong>, vananedes iga seiklusega v\u00e4\u00e4rikalt.<br \/>\nKoti kaks lisataskut aitavad hoida oma h\u00e4davajalikud asjad korrastatuna, olenemata sellest, kas pakite kiiret v\u00e4ljas\u00f5itu v\u00f5i treeningvarustust.<br \/>\nSellel on eemaldatav \u00f5larihm, mis pakub mitmek\u00fclgseid kandmisv\u00f5imalusi vastavalt teie mugavusele, ning lukuga sisetasku v\u00e4\u00e4rtasjade kindlustamiseks.<br \/>\nSee vaid 1,2 kg kaaluv kott ei ole mitte ainult stiilne, vaid ka praktiline neile, kes elavad aktiivset elustiili ja hindavad oma aksessuaarides t\u00f5husust ja elegantsust.    <\/p>\n<p>Info:<\/p>\n<ul>\n<li>M\u00f5\u00f5tmised: 45 x 27 x 22 cm<\/li>\n<li>Kujundatud vastavalt lennufirma k\u00e4sipagasi standarditele<\/li>\n<li>Kaal: 1,2 kg<\/li>\n<li>Mahutavus: 20 L<\/li>\n<li>Eemaldatav \u00f5larihm<\/li>\n<li>Sisemine tasku lukuga t\u00f5mblukuga<\/li>\n<li>Valmistatud Eestis<\/li>\n<\/ul>\n","protected":false},"featured_media":8364,"comment_status":"open","ping_status":"closed","template":"","meta":{"_acf_changed":false},"pwb-brand":[],"product_brand":[],"product_cat":[346],"product_tag":[],"class_list":{"0":"post-8353","1":"product","2":"type-product","3":"status-publish","4":"has-post-thumbnail","6":"product_cat-reisikotid","8":"first","9":"instock","10":"taxable","11":"shipping-taxable","12":"purchasable","13":"product-type-simple"},"acf":[],"brands":[],"_links":{"self":[{"href":"https:\/\/nordicbags.eu\/et\/wp-json\/wp\/v2\/product\/8353","targetHints":{"allow":["GET"]}}],"collection":[{"href":"https:\/\/nordicbags.eu\/et\/wp-json\/wp\/v2\/product"}],"about":[{"href":"https:\/\/nordicbags.eu\/et\/wp-json\/wp\/v2\/types\/product"}],"replies":[{"embeddable":true,"href":"https:\/\/nordicbags.eu\/et\/wp-json\/wp\/v2\/comments?post=8353"}],"wp:featuredmedia":[{"embeddable":true,"href":"https:\/\/nordicbags.eu\/et\/wp-json\/wp\/v2\/media\/8364"}],"wp:attachment":[{"href":"https:\/\/nordicbags.eu\/et\/wp-json\/wp\/v2\/media?parent=8353"}],"wp:term":[{"taxonomy":"pwb-brand","embeddable":true,"href":"https:\/\/nordicbags.eu\/et\/wp-json\/wp\/v2\/pwb-brand?post=8353"},{"taxonomy":"product_brand","embeddable":true,"href":"https:\/\/nordicbags.eu\/et\/wp-json\/wp\/v2\/product_brand?post=8353"},{"taxonomy":"product_cat","embeddable":true,"href":"https:\/\/nordicbags.eu\/et\/wp-json\/wp\/v2\/product_cat?post=8353"},{"taxonomy":"product_tag","embeddable":true,"href":"https:\/\/nordicbags.eu\/et\/wp-json\/wp\/v2\/product_tag?post=8353"}],"curies":[{"name":"wp","href":"https:\/\/api.w.org\/{rel}","templated":true}]}}