{"id":8355,"date":"2024-02-14T09:24:18","date_gmt":"2024-02-14T09:24:18","guid":{"rendered":"https:\/\/nordicbags.eu\/go-to-the-library-seljakott-olakott-suur\/"},"modified":"2024-09-15T12:35:43","modified_gmt":"2024-09-15T12:35:43","slug":"go-to-the-library-seljakott-olakott-suur","status":"publish","type":"product","link":"https:\/\/nordicbags.eu\/et\/toode\/go-to-the-library-seljakott-olakott-suur\/","title":{"rendered":"Go to the Library Seljakott \/ \u00f5lakott &#8211; suur"},"content":{"rendered":"","protected":false},"excerpt":{"rendered":"<p>Stella Soomlaise tuntuim ja legendaarseim multifunktsionaalne nahast seljakott on ilu, mis on nii praktiline kui ka elegantne. <strong>Go to the Library seljakoti\/\u00f5lakoti<\/strong> kergesti teisendatavad rihmad v\u00f5imaldavad seda kanda nii seljas, \u00fcle \u00f5la kui ka k\u00e4es &#8211; milline multitasker!<br \/>\nSellel on peal t\u00f5mblukk, kaks sisetaskut ja s\u00fclearvutipesa.<br \/>\nRihma pikkust saab muuta vastavalt vajadusele.  <\/p>\n<\/p>\n<p>Stella Soomlais pakub Eestis disainitud ja valmistatud k\u00e4sit\u00f6\u00f6na valmistatud j\u00e4tkusuutlikke nahakotte.<br \/>\n <strong>Auhinnatud Stella Runneli<\/strong> juhtimisel ei tee me lihtsalt kotte &#8211; me oleme keskkonnas\u00f5braliku disaini alal uusimate v\u00f5imaluste otsustaja.<br \/>\nMeie ainulaadne &#8220;Round 2&#8221; kontseptsioon maksimeerib toote eluea ja minimeerib j\u00e4\u00e4tmeid &#8211; praegu vaid 2-4%.<br \/>\nMeie kotid on elegantsed ja funktsionaalsed, ehitatud nii, et neid saab aja jooksul edasi arendada, sest nende osad on kergesti vahetatavad ja neid saab kohandada.<br \/>\n\u00dches\u00f5naga, me ei tee mitte lihtsalt kotte, vaid me teeme j\u00e4tkusuutliku moe tulevikku.    <\/p>\n<\/p>\n<ul>\n<li>Valmistatud vastutustundlikult valmistatud taimse pargiga nahast.<\/li>\n<li>M\u00f5\u00f5tmised: 45 x 37 x 14 cm<\/li>\n<li>Rihma pikkus 66 cm, laius 3 cm<\/li>\n<li>Sobib s\u00fclearvutile kuni 15\u2033<\/li>\n<li>K\u00e4sitsi valmistatud Eestis, Euroopas<\/li>\n<li>K\u00f5ik kotid valmistatakse tellimuse alusel ja tarnitakse 4-6 n\u00e4dala jooksul.<\/li>\n<\/ul>\n","protected":false},"featured_media":8371,"comment_status":"open","ping_status":"closed","template":"","meta":{"_acf_changed":false},"pwb-brand":[],"product_brand":[],"product_cat":[344,330],"product_tag":[],"class_list":{"0":"post-8355","1":"product","2":"type-product","3":"status-publish","4":"has-post-thumbnail","6":"product_cat-olakotid","7":"product_cat-seljakotid-ja-paevakotid","9":"first","10":"instock","11":"taxable","12":"shipping-taxable","13":"purchasable","14":"product-type-variable"},"acf":[],"brands":[],"_links":{"self":[{"href":"https:\/\/nordicbags.eu\/et\/wp-json\/wp\/v2\/product\/8355","targetHints":{"allow":["GET"]}}],"collection":[{"href":"https:\/\/nordicbags.eu\/et\/wp-json\/wp\/v2\/product"}],"about":[{"href":"https:\/\/nordicbags.eu\/et\/wp-json\/wp\/v2\/types\/product"}],"replies":[{"embeddable":true,"href":"https:\/\/nordicbags.eu\/et\/wp-json\/wp\/v2\/comments?post=8355"}],"wp:featuredmedia":[{"embeddable":true,"href":"https:\/\/nordicbags.eu\/et\/wp-json\/wp\/v2\/media\/8371"}],"wp:attachment":[{"href":"https:\/\/nordicbags.eu\/et\/wp-json\/wp\/v2\/media?parent=8355"}],"wp:term":[{"taxonomy":"pwb-brand","embeddable":true,"href":"https:\/\/nordicbags.eu\/et\/wp-json\/wp\/v2\/pwb-brand?post=8355"},{"taxonomy":"product_brand","embeddable":true,"href":"https:\/\/nordicbags.eu\/et\/wp-json\/wp\/v2\/product_brand?post=8355"},{"taxonomy":"product_cat","embeddable":true,"href":"https:\/\/nordicbags.eu\/et\/wp-json\/wp\/v2\/product_cat?post=8355"},{"taxonomy":"product_tag","embeddable":true,"href":"https:\/\/nordicbags.eu\/et\/wp-json\/wp\/v2\/product_tag?post=8355"}],"curies":[{"name":"wp","href":"https:\/\/api.w.org\/{rel}","templated":true}]}}