{"id":8416,"date":"2024-02-14T10:48:49","date_gmt":"2024-02-14T10:48:49","guid":{"rendered":"https:\/\/nordicbags.eu\/folk-2-nahast-seljakott-karamell\/"},"modified":"2024-02-14T10:48:49","modified_gmt":"2024-02-14T10:48:49","slug":"folk-2-nahast-seljakott-karamell","status":"publish","type":"product","link":"https:\/\/nordicbags.eu\/et\/toode\/folk-2-nahast-seljakott-karamell\/","title":{"rendered":"Folk 2 nahast seljakott &#8211; karamell"},"content":{"rendered":"","protected":false},"excerpt":{"rendered":"<p>ENG: Folk 2 on k\u00e4sitsi valmistatud nahast seljakott, mis on valmistatud kvaliteetsetest m\u00f6\u00f6blitootmise j\u00e4\u00e4kidest.<br \/>\nFolk 2 on disainitud ja valmistatud Eestis. <\/p>\n<p>Trendbag valmistab k\u00e4sitsi valmistatud kotte m\u00f6\u00f6blit\u00f6\u00f6stuse j\u00e4\u00e4kidest.<br \/>\nK\u00f5ik kotid on disainitud ja toodetud Eestis.<br \/>\nM\u00f6\u00f6blit\u00f6\u00f6stuse j\u00e4\u00e4kide kasutamine t\u00e4hendab, et Trendbagi tooted on keskkonnas\u00f5bralikud ja v\u00e4ga vastupidavad, sest m\u00f6\u00f6blit\u00f6\u00f6stuses on r\u00f5ivaste vastupidavusnormid sageli palju k\u00f5rgemad kui kotit\u00f6\u00f6stuses.  <\/p>\n<p>Kohaletoimetamine: 2-4 t\u00f6\u00f6p\u00e4eva<\/p>\n<p>.<br \/>\nEST: Folk 2 on nahast seljakott, mis on valmistatud k\u00e4sit\u00f6\u00f6na pehme m\u00f6\u00f6bli tootmisest \u00fcle j\u00e4\u00e4nud materjalidest.<br \/>\nFolk 2 sobib nii naistele kui meestele ning on disainitud ja valmistatud Eestis.  <\/p>\n<p>Trendbag on Eesti kotibr\u00e4nd, mis valmistab k\u00e4sit\u00f6\u00f6na kotte m\u00f6\u00f6blit\u00f6\u00f6stuse j\u00e4\u00e4kidest.<br \/>\nKuna m\u00f6\u00f6blit\u00f6\u00f6stuses on materjalidele tihti eriti karmid vastupidavuse n\u00f5uded, siis on ka Trendbagi kotid v\u00e4ga vastupidavad ning vahel tehtud ka m\u00e4rksa kallimatest materjalidest kui palju tuntumate br\u00e4ndide kotid.<br \/>\nK\u00f5ik Trendbagi kotid on disainitud ja toodetud Eestis.  <\/p>\n<p>Transport: 2-4 t\u00f6\u00f6p\u00e4eva<\/p>\n","protected":false},"featured_media":8441,"comment_status":"open","ping_status":"closed","template":"","meta":{"_acf_changed":false},"pwb-brand":[],"product_brand":[],"product_cat":[330],"product_tag":[],"class_list":{"0":"post-8416","1":"product","2":"type-product","3":"status-publish","4":"has-post-thumbnail","6":"product_cat-seljakotid-ja-paevakotid","8":"first","9":"instock","10":"taxable","11":"shipping-taxable","12":"purchasable","13":"product-type-simple"},"acf":[],"brands":[],"_links":{"self":[{"href":"https:\/\/nordicbags.eu\/et\/wp-json\/wp\/v2\/product\/8416","targetHints":{"allow":["GET"]}}],"collection":[{"href":"https:\/\/nordicbags.eu\/et\/wp-json\/wp\/v2\/product"}],"about":[{"href":"https:\/\/nordicbags.eu\/et\/wp-json\/wp\/v2\/types\/product"}],"replies":[{"embeddable":true,"href":"https:\/\/nordicbags.eu\/et\/wp-json\/wp\/v2\/comments?post=8416"}],"wp:featuredmedia":[{"embeddable":true,"href":"https:\/\/nordicbags.eu\/et\/wp-json\/wp\/v2\/media\/8441"}],"wp:attachment":[{"href":"https:\/\/nordicbags.eu\/et\/wp-json\/wp\/v2\/media?parent=8416"}],"wp:term":[{"taxonomy":"pwb-brand","embeddable":true,"href":"https:\/\/nordicbags.eu\/et\/wp-json\/wp\/v2\/pwb-brand?post=8416"},{"taxonomy":"product_brand","embeddable":true,"href":"https:\/\/nordicbags.eu\/et\/wp-json\/wp\/v2\/product_brand?post=8416"},{"taxonomy":"product_cat","embeddable":true,"href":"https:\/\/nordicbags.eu\/et\/wp-json\/wp\/v2\/product_cat?post=8416"},{"taxonomy":"product_tag","embeddable":true,"href":"https:\/\/nordicbags.eu\/et\/wp-json\/wp\/v2\/product_tag?post=8416"}],"curies":[{"name":"wp","href":"https:\/\/api.w.org\/{rel}","templated":true}]}}