{"id":8452,"date":"2024-02-14T09:45:13","date_gmt":"2024-02-14T09:45:13","guid":{"rendered":"https:\/\/nordicbags.eu\/capital-of-plenty-sidur-rahakott\/"},"modified":"2024-02-14T09:45:13","modified_gmt":"2024-02-14T09:45:13","slug":"capital-of-plenty-sidur-rahakott","status":"publish","type":"product","link":"https:\/\/nordicbags.eu\/et\/toode\/capital-of-plenty-sidur-rahakott\/","title":{"rendered":"Capital of Plenty sidur\/rahakott"},"content":{"rendered":"","protected":false},"excerpt":{"rendered":"<p><strong>Stella Soomlais Capital of Plenty Clutch\/Wallet<\/strong> on h\u00e4sti organiseeritud nahast clutch-wallet, kuhu mahuvad k\u00f5ik kaardid, sularaha, t\u0161ekid, m\u00fcndid ja telefon.<br \/>\nRihma h\u00f5lpsasti \u00fcmberl\u00fclitades saad kotti kasutada clutch&#8217;ina, rahakotina v\u00f5i kanda seda puusal v\u00f5i tavalise k\u00e4ekotina.<br \/>\nEemaldatavaid rihmu saab kanda randmepaela ja v\u00f6\u00f6na.<br \/>\nKoti sees on pesa pangakaartide jaoks, nii et rahakotti pole vaja kaasa v\u00f5tta.<br \/>\nTagak\u00fcljel on lukuga tasku m\u00fcntide jaoks.    <\/p>\n<p><strong>Stella Soomlais:<\/strong> Meil on suur austus kasutatavate materjalide vastu.<br \/>\nMeie disainilahendused on loodud nii, et l\u00f5ikamisj\u00e4\u00e4gid oleksid v\u00f5imalikult v\u00e4ikesed.   <strong>Siiani oleme suutnud v\u00e4hendada \u00fclej\u00e4\u00e4ke vaid 2-4%-ni.<\/strong>  Meie eesm\u00e4rk on saavutada l\u00e4hiaastatel j\u00e4\u00e4tmeteta j\u00e4\u00e4tmeteke.<br \/>\nKottide disain j\u00e4rgib meie enda ringikujunduskontseptsiooni, mida me nimetame Round 2.<br \/>\nSee v\u00f5imaldab meil anda tootele ja materjalile pikima eluea.<br \/>\nSeep\u00e4rast on meie koti disain minimaalne ja ilma kaunistusteta &#8211; k\u00f5ikidel detailidel on oma funktsioon.<br \/>\nKuna kasutatakse kvaliteetset naturaalset viimistletud nahka, siis teeb dekoratiivse osa materjal ise &#8211; aja jooksul saab see suure patina ja r\u00e4\u00e4gib oma lugu.<br \/>\nVahetatavad osad v\u00f5imaldavad lihtsat hooldust ja j\u00e4relhooldust.<br \/>\nKasutatud toodete n\u00e4otustamine on lihtne ja v\u00f5imaldab v\u00e4rskendatud kotid suunata j\u00e4rgmistesse kasutusk\u00e4ikudesse.<br \/>\nUlatuslik materjalipind ilma \u00f5mblusteta v\u00f5imaldab vajadusel ka m\u00f5ningast \u00fcmberkujundamist (nt plekkide ja kriimustuste tekkimisel on v\u00f5imalik lisada tasku jne) v\u00f5i luua kasutatud materjalist midagi t\u00e4iesti uut.       <\/p>\n<ul>\n<li>Valmistatud vastutustundlikult valmistatud taimse pargiga nahast.<\/li>\n<li>Koti suurus: 19 x 11 x 3 cm<\/li>\n<li>Rihma laius 1 cm, maksimaalne \u00f5larihma pikkus 130 cm<\/li>\n<li>K\u00e4sitsi valmistatud Eestis, Euroopas<\/li>\n<li>K\u00f5ik kotid valmistatakse tellimuse alusel ja tarnitakse 4-6 n\u00e4dala jooksul.<\/li>\n<\/ul>\n","protected":false},"featured_media":8462,"comment_status":"open","ping_status":"closed","template":"","meta":{"_acf_changed":false},"pwb-brand":[],"product_brand":[],"product_cat":[369,363],"product_tag":[],"class_list":{"0":"post-8452","1":"product","2":"type-product","3":"status-publish","4":"has-post-thumbnail","6":"product_cat-naiste-rahakotid-ja-rahakotid","7":"product_cat-rahakotid-ja-kaardihoidjad","9":"first","10":"instock","11":"taxable","12":"shipping-taxable","13":"purchasable","14":"product-type-variable"},"acf":[],"brands":[],"_links":{"self":[{"href":"https:\/\/nordicbags.eu\/et\/wp-json\/wp\/v2\/product\/8452","targetHints":{"allow":["GET"]}}],"collection":[{"href":"https:\/\/nordicbags.eu\/et\/wp-json\/wp\/v2\/product"}],"about":[{"href":"https:\/\/nordicbags.eu\/et\/wp-json\/wp\/v2\/types\/product"}],"replies":[{"embeddable":true,"href":"https:\/\/nordicbags.eu\/et\/wp-json\/wp\/v2\/comments?post=8452"}],"wp:featuredmedia":[{"embeddable":true,"href":"https:\/\/nordicbags.eu\/et\/wp-json\/wp\/v2\/media\/8462"}],"wp:attachment":[{"href":"https:\/\/nordicbags.eu\/et\/wp-json\/wp\/v2\/media?parent=8452"}],"wp:term":[{"taxonomy":"pwb-brand","embeddable":true,"href":"https:\/\/nordicbags.eu\/et\/wp-json\/wp\/v2\/pwb-brand?post=8452"},{"taxonomy":"product_brand","embeddable":true,"href":"https:\/\/nordicbags.eu\/et\/wp-json\/wp\/v2\/product_brand?post=8452"},{"taxonomy":"product_cat","embeddable":true,"href":"https:\/\/nordicbags.eu\/et\/wp-json\/wp\/v2\/product_cat?post=8452"},{"taxonomy":"product_tag","embeddable":true,"href":"https:\/\/nordicbags.eu\/et\/wp-json\/wp\/v2\/product_tag?post=8452"}],"curies":[{"name":"wp","href":"https:\/\/api.w.org\/{rel}","templated":true}]}}