{"id":8459,"date":"2024-02-14T11:10:10","date_gmt":"2024-02-14T11:10:10","guid":{"rendered":"https:\/\/nordicbags.eu\/suureparane-mudel-amber-kupsis\/"},"modified":"2025-05-29T13:45:13","modified_gmt":"2025-05-29T13:45:13","slug":"suureparane-mudel-amber-kupsis","status":"publish","type":"product","link":"https:\/\/nordicbags.eu\/et\/toode\/suureparane-mudel-amber-kupsis\/","title":{"rendered":"Suurep\u00e4rane mudel \u00e4mber &#8211; k\u00fcpsis"},"content":{"rendered":"","protected":false},"excerpt":{"rendered":"<p><strong>Great Model Bucket<\/strong> on armastatud Model Bucketi suur \u00f5de.<br \/>\nSamad ettepanekud, uskumatu minimaalne kuju ja stiil, kuid poole suurem.<br \/>\nSama usaldusv\u00e4\u00e4rne kui tema tuntud \u00f5de-vend.  <\/p>\n<p>Model Bucket on klassikaline kandekott, mis on oma olemuselt ja suuruselt funktsionaalne.<br \/>\nLai \u00fcmmargune \u00fclaosa v\u00f5imaldab oluliselt rohkem hoiuruumi kui tavaline kandekott.<br \/>\nM\u00f5eldud igap\u00e4evaste oluliste asjade stiilseks hoiustamiseks.<br \/>\nSinna mahub veepudel, s\u00fclearvuti, 13-tolline s\u00fclearvuti, rahakott ja palju muud.<br \/>\nSellel on magnetiline sulgemine lihtsaks juurdep\u00e4\u00e4suks ja kaks \u00fclemist k\u00e4epidet, et minna.<br \/>\nSaadaval reguleeritava rihmaga \u00f5la- v\u00f5i ristkandmiseks.<br \/>\nJa v\u00e4ike sisetasku mahutab v\u00f5tmed ja huulepulga.      <\/p>\n<ul>\n<li>Materjal: orgaaniliselt pargitud nahk Toscanast, Itaaliast.<\/li>\n<li>Suurus: 27 cm x 46 cm x 14 cm<\/li>\n<li>Pakitud korduvkasutatavasse kinkekotti<\/li>\n<li>Disainitud ja k\u00e4sitsi valmistatud Eestis<\/li>\n<\/ul>\n","protected":false},"featured_media":8481,"comment_status":"open","ping_status":"closed","template":"","meta":{"_acf_changed":false},"pwb-brand":[],"product_brand":[],"product_cat":[343],"product_tag":[],"class_list":{"0":"post-8459","1":"product","2":"type-product","3":"status-publish","4":"has-post-thumbnail","6":"product_cat-kaekotid","8":"first","9":"outofstock","10":"taxable","11":"shipping-taxable","12":"purchasable","13":"product-type-simple"},"acf":[],"brands":[],"_links":{"self":[{"href":"https:\/\/nordicbags.eu\/et\/wp-json\/wp\/v2\/product\/8459","targetHints":{"allow":["GET"]}}],"collection":[{"href":"https:\/\/nordicbags.eu\/et\/wp-json\/wp\/v2\/product"}],"about":[{"href":"https:\/\/nordicbags.eu\/et\/wp-json\/wp\/v2\/types\/product"}],"replies":[{"embeddable":true,"href":"https:\/\/nordicbags.eu\/et\/wp-json\/wp\/v2\/comments?post=8459"}],"wp:featuredmedia":[{"embeddable":true,"href":"https:\/\/nordicbags.eu\/et\/wp-json\/wp\/v2\/media\/8481"}],"wp:attachment":[{"href":"https:\/\/nordicbags.eu\/et\/wp-json\/wp\/v2\/media?parent=8459"}],"wp:term":[{"taxonomy":"pwb-brand","embeddable":true,"href":"https:\/\/nordicbags.eu\/et\/wp-json\/wp\/v2\/pwb-brand?post=8459"},{"taxonomy":"product_brand","embeddable":true,"href":"https:\/\/nordicbags.eu\/et\/wp-json\/wp\/v2\/product_brand?post=8459"},{"taxonomy":"product_cat","embeddable":true,"href":"https:\/\/nordicbags.eu\/et\/wp-json\/wp\/v2\/product_cat?post=8459"},{"taxonomy":"product_tag","embeddable":true,"href":"https:\/\/nordicbags.eu\/et\/wp-json\/wp\/v2\/product_tag?post=8459"}],"curies":[{"name":"wp","href":"https:\/\/api.w.org\/{rel}","templated":true}]}}