{"id":8460,"date":"2024-02-08T09:51:32","date_gmt":"2024-02-08T09:51:32","guid":{"rendered":"https:\/\/nordicbags.eu\/barbara-nahast-seljakott-maapahkel\/"},"modified":"2024-02-08T09:51:32","modified_gmt":"2024-02-08T09:51:32","slug":"barbara-nahast-seljakott-maapahkel","status":"publish","type":"product","link":"https:\/\/nordicbags.eu\/et\/toode\/barbara-nahast-seljakott-maapahkel\/","title":{"rendered":"Barbara nahast seljakott &#8211; maap\u00e4hkel"},"content":{"rendered":"","protected":false},"excerpt":{"rendered":"<p>ENG: Barbara on k\u00e4sitsi valmistatud nahast seljakott, mis on valmistatud kvaliteetsetest m\u00f6\u00f6blitootmise j\u00e4\u00e4kidest.<br \/>\nKuna iga kott on k\u00e4sitsi valmistatud m\u00f6\u00f6blit\u00f6\u00f6stusest \u00fcle j\u00e4\u00e4nud materjalidest, et raisata v\u00f5imalikult v\u00e4he, on iga kott ainulaadne ja v\u00e4limus v\u00f5ib pisut erineda pildil olevast kotist.<br \/>\nBarbara on disainitud ja valmistatud Eestis.<br \/>\nBarbara on varustatud 2-aastase garantiiga.   <\/p>\n<p>Trendbag valmistab k\u00e4sitsi valmistatud kotte m\u00f6\u00f6blit\u00f6\u00f6stuse j\u00e4\u00e4kidest.<br \/>\nK\u00f5ik kotid on disainitud ja toodetud Eestis.<br \/>\nM\u00f6\u00f6blit\u00f6\u00f6stuse j\u00e4\u00e4kide kasutamine t\u00e4hendab, et Trendbagi tooted on keskkonnas\u00f5bralikud ja v\u00e4ga vastupidavad, sest m\u00f6\u00f6blit\u00f6\u00f6stuses on r\u00f5ivaste vastupidavusnormid sageli palju k\u00f5rgemad kui kotit\u00f6\u00f6stuses.  <\/p>\n<p>Laevandus: 4-7 t\u00f6\u00f6p\u00e4eva<\/p>\n<p>.<br \/>\nEST: Barbara on nahast seljakott, mis on valmistatud k\u00e4sit\u00f6\u00f6na pehme m\u00f6\u00f6bli tootmisest \u00fcle j\u00e4\u00e4nud materjalidest.<br \/>\nKuna iga kott tehakse k\u00e4sit\u00f6\u00f6na m\u00f6\u00f6blit\u00f6\u00f6stuse \u00fclej\u00e4\u00e4kidest, v\u00f5ib koti v\u00e4limus natuke pildil olevast erineda.<br \/>\nBarbara on disainitud ja valmistatud Eestis ning tuleb 2-aastase garantiiga.   <\/p>\n<p>Trendbag on Eesti kotibr\u00e4nd, mis valmistab k\u00e4sit\u00f6\u00f6na kotte m\u00f6\u00f6blit\u00f6\u00f6stuse j\u00e4\u00e4kidest.<br \/>\nKuna m\u00f6\u00f6blit\u00f6\u00f6stuses on materjalidele tihti eriti karmid vastupidavuse n\u00f5uded, siis on ka Trendbagi kotid v\u00e4ga vastupidavad ning vahel tehtud ka m\u00e4rksa kallimatest materjalidest kui palju tuntumate br\u00e4ndide kotid.<br \/>\nK\u00f5ik Trendbagi kotid on disainitud ja toodetud Eestis.  <\/p>\n<p>Transport: 2-4 t\u00f6\u00f6p\u00e4eva<\/p>\n","protected":false},"featured_media":8490,"comment_status":"open","ping_status":"closed","template":"","meta":{"_acf_changed":false},"pwb-brand":[],"product_brand":[],"product_cat":[330],"product_tag":[],"class_list":{"0":"post-8460","1":"product","2":"type-product","3":"status-publish","4":"has-post-thumbnail","6":"product_cat-seljakotid-ja-paevakotid","8":"first","9":"instock","10":"taxable","11":"shipping-taxable","12":"purchasable","13":"product-type-simple"},"acf":[],"brands":[],"_links":{"self":[{"href":"https:\/\/nordicbags.eu\/et\/wp-json\/wp\/v2\/product\/8460","targetHints":{"allow":["GET"]}}],"collection":[{"href":"https:\/\/nordicbags.eu\/et\/wp-json\/wp\/v2\/product"}],"about":[{"href":"https:\/\/nordicbags.eu\/et\/wp-json\/wp\/v2\/types\/product"}],"replies":[{"embeddable":true,"href":"https:\/\/nordicbags.eu\/et\/wp-json\/wp\/v2\/comments?post=8460"}],"wp:featuredmedia":[{"embeddable":true,"href":"https:\/\/nordicbags.eu\/et\/wp-json\/wp\/v2\/media\/8490"}],"wp:attachment":[{"href":"https:\/\/nordicbags.eu\/et\/wp-json\/wp\/v2\/media?parent=8460"}],"wp:term":[{"taxonomy":"pwb-brand","embeddable":true,"href":"https:\/\/nordicbags.eu\/et\/wp-json\/wp\/v2\/pwb-brand?post=8460"},{"taxonomy":"product_brand","embeddable":true,"href":"https:\/\/nordicbags.eu\/et\/wp-json\/wp\/v2\/product_brand?post=8460"},{"taxonomy":"product_cat","embeddable":true,"href":"https:\/\/nordicbags.eu\/et\/wp-json\/wp\/v2\/product_cat?post=8460"},{"taxonomy":"product_tag","embeddable":true,"href":"https:\/\/nordicbags.eu\/et\/wp-json\/wp\/v2\/product_tag?post=8460"}],"curies":[{"name":"wp","href":"https:\/\/api.w.org\/{rel}","templated":true}]}}