{"id":8479,"date":"2024-02-09T09:49:54","date_gmt":"2024-02-09T09:49:54","guid":{"rendered":"https:\/\/nordicbags.eu\/ketiga-olakott-punane\/"},"modified":"2024-02-09T09:49:54","modified_gmt":"2024-02-09T09:49:54","slug":"ketiga-olakott-punane","status":"publish","type":"product","link":"https:\/\/nordicbags.eu\/et\/toode\/ketiga-olakott-punane\/","title":{"rendered":"Ketiga \u00f5lakott &#8211; punane"},"content":{"rendered":"","protected":false},"excerpt":{"rendered":"<p>Klassikaline punane mattnahast \u00f5lakott ketirihmaga.<br \/>\nKandke \u00f5lakotina v\u00f5i ristkinnitusena. <\/p>\n<p>Info:<\/p>\n<ul>\n<li>Materjal: materjal: ehtne nahk<\/li>\n<li>Rihm: must matt viimistlusega sulamist kett<\/li>\n<li>M\u00f5\u00f5tmed: K\u00f5rgus: 18 cm; laius: 29,5 cm; s\u00fcgavus: 5 cm.<\/li>\n<li>Must matt kettarihm.<\/li>\n<li>Klapp ees<\/li>\n<li>Topelt magnetiline klamber<\/li>\n<li>Kaheosaline interj\u00f6\u00f6r<\/li>\n<li>\u00dcks sisemine lukuga lukuga kamber<\/li>\n<li>K\u00e4sitsi valmistatud L\u00e4tis<\/li>\n<\/ul>\n","protected":false},"featured_media":8494,"comment_status":"open","ping_status":"closed","template":"","meta":{"_acf_changed":false},"pwb-brand":[],"product_brand":[],"product_cat":[344],"product_tag":[],"class_list":{"0":"post-8479","1":"product","2":"type-product","3":"status-publish","4":"has-post-thumbnail","6":"product_cat-olakotid","8":"first","9":"instock","10":"taxable","11":"shipping-taxable","12":"purchasable","13":"product-type-simple"},"acf":[],"brands":[],"_links":{"self":[{"href":"https:\/\/nordicbags.eu\/et\/wp-json\/wp\/v2\/product\/8479","targetHints":{"allow":["GET"]}}],"collection":[{"href":"https:\/\/nordicbags.eu\/et\/wp-json\/wp\/v2\/product"}],"about":[{"href":"https:\/\/nordicbags.eu\/et\/wp-json\/wp\/v2\/types\/product"}],"replies":[{"embeddable":true,"href":"https:\/\/nordicbags.eu\/et\/wp-json\/wp\/v2\/comments?post=8479"}],"wp:featuredmedia":[{"embeddable":true,"href":"https:\/\/nordicbags.eu\/et\/wp-json\/wp\/v2\/media\/8494"}],"wp:attachment":[{"href":"https:\/\/nordicbags.eu\/et\/wp-json\/wp\/v2\/media?parent=8479"}],"wp:term":[{"taxonomy":"pwb-brand","embeddable":true,"href":"https:\/\/nordicbags.eu\/et\/wp-json\/wp\/v2\/pwb-brand?post=8479"},{"taxonomy":"product_brand","embeddable":true,"href":"https:\/\/nordicbags.eu\/et\/wp-json\/wp\/v2\/product_brand?post=8479"},{"taxonomy":"product_cat","embeddable":true,"href":"https:\/\/nordicbags.eu\/et\/wp-json\/wp\/v2\/product_cat?post=8479"},{"taxonomy":"product_tag","embeddable":true,"href":"https:\/\/nordicbags.eu\/et\/wp-json\/wp\/v2\/product_tag?post=8479"}],"curies":[{"name":"wp","href":"https:\/\/api.w.org\/{rel}","templated":true}]}}