{"id":8489,"date":"2024-02-14T09:03:24","date_gmt":"2024-02-14T09:03:24","guid":{"rendered":"https:\/\/nordicbags.eu\/munditasku-heavy-metal\/"},"modified":"2024-02-14T09:03:24","modified_gmt":"2024-02-14T09:03:24","slug":"munditasku-heavy-metal","status":"publish","type":"product","link":"https:\/\/nordicbags.eu\/et\/toode\/munditasku-heavy-metal\/","title":{"rendered":"M\u00fcnditasku Heavy Metal"},"content":{"rendered":"","protected":false},"excerpt":{"rendered":"<p>Taimse pargitud nahast <strong>Heavy Metal<\/strong> m\u00fcntide tasku on saadaval kahes suuruses.<br \/>\nV\u00e4ike nahast pesa m\u00fcntide ja pangat\u00e4htede jaoks.<br \/>\nSuuremas on spetsiaalne pesa kaartide jaoks.  <\/p>\n<p><strong>Stella Soomlais:<\/strong> Meil on suur austus kasutatavate materjalide vastu.<br \/>\nMeie disainilahendused on loodud nii, et l\u00f5ikamisj\u00e4\u00e4gid oleksid v\u00f5imalikult v\u00e4ikesed.   <strong>Siiani oleme suutnud v\u00e4hendada \u00fclej\u00e4\u00e4ke vaid 2-4%-ni.<\/strong>  Meie eesm\u00e4rk on saavutada l\u00e4hiaastatel j\u00e4\u00e4tmeteta j\u00e4\u00e4tmeteke.<br \/>\nKottide disain j\u00e4rgib meie enda ringikujunduskontseptsiooni, mida me nimetame Round 2.<br \/>\nSee v\u00f5imaldab meil anda tootele ja materjalile pikima eluea.<br \/>\nSeep\u00e4rast on meie koti disain minimaalne ja ilma kaunistusteta &#8211; k\u00f5ikidel detailidel on oma funktsioon.<br \/>\nKuna kasutatakse kvaliteetset naturaalset viimistletud nahka, siis teeb dekoratiivse osa materjal ise &#8211; aja jooksul saab see suure patina ja r\u00e4\u00e4gib oma lugu.<br \/>\nVahetatavad osad v\u00f5imaldavad lihtsat hooldust ja j\u00e4relhooldust.<br \/>\nKasutatud toodete n\u00e4otustamine on lihtne ja v\u00f5imaldab v\u00e4rskendatud kotid suunata j\u00e4rgmistesse kasutusk\u00e4ikudesse.<br \/>\nUlatuslik materjalipind ilma \u00f5mblusteta v\u00f5imaldab vajadusel ka m\u00f5ningast \u00fcmberkujundamist (nt plekkide ja kriimustuste tekkimisel on v\u00f5imalik lisada tasku jne) v\u00f5i luua kasutatud materjalist midagi t\u00e4iesti uut.       <\/p>\n<ul>\n<li>Valmistatud vastutustundlikult valmistatud taimse pargiga nahast.<\/li>\n<li>M\u00f5\u00f5tmed V\u00e4ike: 10 x 7 cm<\/li>\n<li>M\u00f5\u00f5tmed Mediumi jaoks (kaardipesaga): 8 x 11 cm<\/li>\n<li>K\u00e4sitsi valmistatud Eestis, Euroopas<\/li>\n<li>K\u00f5ik kotid valmistatakse tellimuse alusel ja tarnitakse 10 t\u00f6\u00f6p\u00e4eva jooksul.<\/li>\n<\/ul>\n","protected":false},"featured_media":8509,"comment_status":"open","ping_status":"closed","template":"","meta":{"_acf_changed":false},"pwb-brand":[],"product_brand":[],"product_cat":[355,368,369,363],"product_tag":[],"class_list":{"0":"post-8489","1":"product","2":"type-product","3":"status-publish","4":"has-post-thumbnail","6":"product_cat-meeste-rahakotid-ja-kaardiumbrikud","7":"product_cat-nahast-rahakotid","8":"product_cat-naiste-rahakotid-ja-rahakotid","9":"product_cat-rahakotid-ja-kaardihoidjad","11":"first","12":"instock","13":"taxable","14":"shipping-taxable","15":"purchasable","16":"product-type-variable"},"acf":[],"brands":[],"_links":{"self":[{"href":"https:\/\/nordicbags.eu\/et\/wp-json\/wp\/v2\/product\/8489","targetHints":{"allow":["GET"]}}],"collection":[{"href":"https:\/\/nordicbags.eu\/et\/wp-json\/wp\/v2\/product"}],"about":[{"href":"https:\/\/nordicbags.eu\/et\/wp-json\/wp\/v2\/types\/product"}],"replies":[{"embeddable":true,"href":"https:\/\/nordicbags.eu\/et\/wp-json\/wp\/v2\/comments?post=8489"}],"wp:featuredmedia":[{"embeddable":true,"href":"https:\/\/nordicbags.eu\/et\/wp-json\/wp\/v2\/media\/8509"}],"wp:attachment":[{"href":"https:\/\/nordicbags.eu\/et\/wp-json\/wp\/v2\/media?parent=8489"}],"wp:term":[{"taxonomy":"pwb-brand","embeddable":true,"href":"https:\/\/nordicbags.eu\/et\/wp-json\/wp\/v2\/pwb-brand?post=8489"},{"taxonomy":"product_brand","embeddable":true,"href":"https:\/\/nordicbags.eu\/et\/wp-json\/wp\/v2\/product_brand?post=8489"},{"taxonomy":"product_cat","embeddable":true,"href":"https:\/\/nordicbags.eu\/et\/wp-json\/wp\/v2\/product_cat?post=8489"},{"taxonomy":"product_tag","embeddable":true,"href":"https:\/\/nordicbags.eu\/et\/wp-json\/wp\/v2\/product_tag?post=8489"}],"curies":[{"name":"wp","href":"https:\/\/api.w.org\/{rel}","templated":true}]}}