{"id":8522,"date":"2024-02-14T09:23:44","date_gmt":"2024-02-14T09:23:44","guid":{"rendered":"https:\/\/nordicbags.eu\/helkuriga-tote-dot\/"},"modified":"2024-02-14T09:23:44","modified_gmt":"2024-02-14T09:23:44","slug":"helkuriga-tote-dot","status":"publish","type":"product","link":"https:\/\/nordicbags.eu\/et\/toode\/helkuriga-tote-dot\/","title":{"rendered":"Helkuriga Tote DOT"},"content":{"rendered":"","protected":false},"excerpt":{"rendered":"<p><strong>MARCH peegeldav kandekott p\u00e4\u00e4stmiseks!<\/strong><\/p>\n<p>J\u00e4tke oma vanamoodne helkur \u00fclemisele riiulile. Haara see kandekott, mis on m\u00f5eldud sinu m\u00e4rkamiseks. J\u00e4\u00e4ge \u00f6\u00f6sel n\u00e4htavaks ja turvaliseks. N\u00e4evad hea v\u00e4lja p\u00e4ikeset\u00f5usu ajal. Omandage oma asjad, et nad ei omastaks teid.<\/p>\n<p>MARCH Design Studio on 2012. aastal asutatud tootearendusettev\u00f5te.<br \/>\nAlustades kohaliku ettev\u00f5ttena Vilniuses &#8211; m\u00f5ne aasta p\u00e4rast on stuudiost saanud rahvusvaheliselt tunnustatud kaubam\u00e4rk, mille tooteid m\u00fc\u00fcakse enam kui 50 riigis \u00fcle maailma. <\/p>\n<ul>\n<li>Pikaajaline ja peegeldav tr\u00fckis ja tekstiil<\/li>\n<li>Sisemine tasku<\/li>\n<li>Pakitud kenasse musta papp\u00fcmbrikusse<\/li>\n<li>Materjal: 65% pol\u00fcester, 35% puuvill<\/li>\n<li>OEKO-TEX\u00ae STANDARD 100<\/li>\n<li>35 x 42 cm<\/li>\n<li>Valmistatud Euroopas<\/li>\n<li>Kujundanud Martynas Kazimier\u0117nas<\/li>\n<\/ul>\n<p>Kohaletoimetamine ELis: 4-8 t\u00f6\u00f6p\u00e4eva.<br \/>\nKohaletoimetamine Baltikumis ja Soomes: 2-5 t\u00f6\u00f6p\u00e4eva. <\/p>\n","protected":false},"featured_media":8524,"comment_status":"open","ping_status":"closed","template":"","meta":{"_acf_changed":false},"pwb-brand":[],"product_brand":[],"product_cat":[343,344],"product_tag":[],"class_list":{"0":"post-8522","1":"product","2":"type-product","3":"status-publish","4":"has-post-thumbnail","6":"product_cat-kaekotid","7":"product_cat-olakotid","9":"first","10":"instock","11":"taxable","12":"shipping-taxable","13":"purchasable","14":"product-type-simple"},"acf":[],"brands":[],"_links":{"self":[{"href":"https:\/\/nordicbags.eu\/et\/wp-json\/wp\/v2\/product\/8522","targetHints":{"allow":["GET"]}}],"collection":[{"href":"https:\/\/nordicbags.eu\/et\/wp-json\/wp\/v2\/product"}],"about":[{"href":"https:\/\/nordicbags.eu\/et\/wp-json\/wp\/v2\/types\/product"}],"replies":[{"embeddable":true,"href":"https:\/\/nordicbags.eu\/et\/wp-json\/wp\/v2\/comments?post=8522"}],"wp:featuredmedia":[{"embeddable":true,"href":"https:\/\/nordicbags.eu\/et\/wp-json\/wp\/v2\/media\/8524"}],"wp:attachment":[{"href":"https:\/\/nordicbags.eu\/et\/wp-json\/wp\/v2\/media?parent=8522"}],"wp:term":[{"taxonomy":"pwb-brand","embeddable":true,"href":"https:\/\/nordicbags.eu\/et\/wp-json\/wp\/v2\/pwb-brand?post=8522"},{"taxonomy":"product_brand","embeddable":true,"href":"https:\/\/nordicbags.eu\/et\/wp-json\/wp\/v2\/product_brand?post=8522"},{"taxonomy":"product_cat","embeddable":true,"href":"https:\/\/nordicbags.eu\/et\/wp-json\/wp\/v2\/product_cat?post=8522"},{"taxonomy":"product_tag","embeddable":true,"href":"https:\/\/nordicbags.eu\/et\/wp-json\/wp\/v2\/product_tag?post=8522"}],"curies":[{"name":"wp","href":"https:\/\/api.w.org\/{rel}","templated":true}]}}