{"id":8523,"date":"2024-02-14T09:52:23","date_gmt":"2024-02-14T09:52:23","guid":{"rendered":"https:\/\/nordicbags.eu\/by-your-side-telefonikott\/"},"modified":"2024-02-14T09:52:23","modified_gmt":"2024-02-14T09:52:23","slug":"by-your-side-telefonikott","status":"publish","type":"product","link":"https:\/\/nordicbags.eu\/et\/toode\/by-your-side-telefonikott\/","title":{"rendered":"By Your Side telefonikott"},"content":{"rendered":"","protected":false},"excerpt":{"rendered":"<p><strong>By Your Side<\/strong> kott on m\u00f5eldud selleks, et teie telefon oleks alati teie k\u00f5rval ja turvaliselt.<br \/>\nSellel telefonikotil on mugav v\u00e4ike tasku kaartide jaoks ja turvaline magnetkinnitus, mis on nii funktsionaalne kui ka minimaalne.<br \/>\nSee sobib ideaalselt sarnase suurusega telefonimudelitele, nagu iPhone 13 Pro.  <\/p>\n<p>Eemaldatav rihm v\u00f5imaldab kotti kasutada erinevalt ning v\u00f5tmete jaoks m\u00f5eldud lisakarabiin teeb elu lihtsaks, kui soovite kaasa v\u00f5tta vaid h\u00e4davajalikke asju.<\/p>\n<p><strong>Stella Soomlais<\/strong> pakub Eestis disainitud ja valmistatud k\u00e4sit\u00f6\u00f6na valmistatud j\u00e4tkusuutlikke nahakotte.<br \/>\nAuhinnatud Stella Runneli juhtimisel ei tee me lihtsalt kotte &#8211; me oleme keskkonnas\u00f5braliku disaini alal uusimate v\u00f5imaluste otsustaja.<br \/>\nMeie ainulaadne &#8220;Round 2&#8221; kontseptsioon maksimeerib toote eluea ja minimeerib j\u00e4\u00e4tmeid &#8211; praegu vaid 2-4%.<br \/>\nMeie kotid on elegantsed ja funktsionaalsed, ehitatud nii, et neid saab aja jooksul edasi arendada, sest nende osad on kergesti vahetatavad ja neid saab kohandada.<br \/>\n\u00dches\u00f5naga, me ei tee mitte lihtsalt kotte, vaid me teeme j\u00e4tkusuutliku moe tulevikku.    <\/p>\n<\/p>\n<ul>\n<li>Valmistatud vastutustundlikult valmistatud taimse pargiga nahast.<\/li>\n<li>M\u00f5\u00f5tmised: 12 x 19,5 cm<\/li>\n<li>Rihm: 1,5 x 120 cm<\/li>\n<li>K\u00e4sitsi valmistatud Eestis, Euroopas<\/li>\n<li>K\u00f5ik kotid valmistatakse tellimuse alusel ja tarnitakse 2 n\u00e4dala jooksul.<\/li>\n<\/ul>\n","protected":false},"featured_media":8528,"comment_status":"open","ping_status":"closed","template":"","meta":{"_acf_changed":false},"pwb-brand":[],"product_brand":[],"product_cat":[335,378],"product_tag":[],"class_list":{"0":"post-8523","1":"product","2":"type-product","3":"status-publish","4":"has-post-thumbnail","6":"product_cat-crossbody-kotid","7":"product_cat-vookotid","9":"first","10":"instock","11":"taxable","12":"shipping-taxable","13":"purchasable","14":"product-type-variable"},"acf":[],"brands":[],"_links":{"self":[{"href":"https:\/\/nordicbags.eu\/et\/wp-json\/wp\/v2\/product\/8523","targetHints":{"allow":["GET"]}}],"collection":[{"href":"https:\/\/nordicbags.eu\/et\/wp-json\/wp\/v2\/product"}],"about":[{"href":"https:\/\/nordicbags.eu\/et\/wp-json\/wp\/v2\/types\/product"}],"replies":[{"embeddable":true,"href":"https:\/\/nordicbags.eu\/et\/wp-json\/wp\/v2\/comments?post=8523"}],"wp:featuredmedia":[{"embeddable":true,"href":"https:\/\/nordicbags.eu\/et\/wp-json\/wp\/v2\/media\/8528"}],"wp:attachment":[{"href":"https:\/\/nordicbags.eu\/et\/wp-json\/wp\/v2\/media?parent=8523"}],"wp:term":[{"taxonomy":"pwb-brand","embeddable":true,"href":"https:\/\/nordicbags.eu\/et\/wp-json\/wp\/v2\/pwb-brand?post=8523"},{"taxonomy":"product_brand","embeddable":true,"href":"https:\/\/nordicbags.eu\/et\/wp-json\/wp\/v2\/product_brand?post=8523"},{"taxonomy":"product_cat","embeddable":true,"href":"https:\/\/nordicbags.eu\/et\/wp-json\/wp\/v2\/product_cat?post=8523"},{"taxonomy":"product_tag","embeddable":true,"href":"https:\/\/nordicbags.eu\/et\/wp-json\/wp\/v2\/product_tag?post=8523"}],"curies":[{"name":"wp","href":"https:\/\/api.w.org\/{rel}","templated":true}]}}