{"id":8542,"date":"2023-02-27T23:36:58","date_gmt":"2023-02-27T23:36:58","guid":{"rendered":"https:\/\/nordicbags.eu\/triple-multifunktsionaalne-3in1-kott\/"},"modified":"2024-09-15T12:36:36","modified_gmt":"2024-09-15T12:36:36","slug":"triple-multifunktsionaalne-3in1-kott","status":"publish","type":"product","link":"https:\/\/nordicbags.eu\/et\/toode\/triple-multifunktsionaalne-3in1-kott\/","title":{"rendered":"Triple &#8211; multifunktsionaalne 3in1 kott"},"content":{"rendered":"","protected":false},"excerpt":{"rendered":"<p><strong>Triple<\/strong> on Eesti kotibr\u00e4ndi Noel multifunktsionaalne unisex-kott.<br \/>\nTriple&#8217;i saab kanda nii seljakoti, \u00f5lakoti kui ka k\u00e4ekotina.<br \/>\nKotil on tekstiilist rihmad, mis on \u00fchendatud nahast pandlaga, mis v\u00f5imaldab kotti konfigureerida seljakoti, \u00f5lakoti v\u00f5i k\u00e4ekotina.<br \/>\nKoti sisemuses on polsterdatud tasku, kuhu mahub kuni 17-tolline s\u00fclearvuti.<br \/>\nLisaks on kotil eraldi riidest tasku tahvelarvuti jaoks, A5-suurune lukuga sisetasku ja 3 v\u00e4iksemat taskut.<br \/>\nTriple on polsterdatud selja ja p\u00f5hjaga.<br \/>\nKott on valmistatud vastupidavast Cordura materjalist ja on veekindel.<br \/>\nSee on ideaalne kott, kui sa ei tea, kuhu sa l\u00e4hed v\u00f5i mida sa teed, sest see sobib peaaegu k\u00f5igeks.<br \/>\nSeet\u00f5ttu meeldib see kott v\u00e4ga meie meeskonnaliikmele Joosepile.<br \/>\nNoel \u00fchendab urbanistliku stiili igap\u00e4evase praktilisuse ja vastupidavad materjalid.<br \/>\nNoel on legendaarse Eesti matkakottide tootja Matrix Pro elustiilibr\u00e4nd.            <\/p>\n<ul>\n<li>Multifunktsionaalne kasutamine &#8211; seljakott, \u00f5lakott v\u00f5i k\u00e4ekott<\/li>\n<li>Materjal: vastupidav <a href=\"https:\/\/en.wikipedia.org\/wiki\/Cordura\">Cordura<\/a> kangas  <\/li>\n<li>M\u00f5\u00f5tmed: 14 x 26 x 44 cm<\/li>\n<li>Mahutavus: 14 liitrit<\/li>\n<li>K\u00e4sitsi valmistatud Tartus, Eestis<\/li>\n<\/ul>\n<p>PS!<br \/>\nKotil on mustad rihmad ja pruunist nahast logo.<br \/>\nPildid koos mudeliga on illustratiivsed ja n\u00e4itavad koti kasutusv\u00f5imalusi.  <\/p>\n","protected":false},"featured_media":8547,"comment_status":"open","ping_status":"closed","template":"","meta":{"_acf_changed":false},"pwb-brand":[364],"product_brand":[],"product_cat":[343,344,374,330],"product_tag":[],"class_list":{"0":"post-8542","1":"product","2":"type-product","3":"status-publish","4":"has-post-thumbnail","6":"pwb-brand-noel-et","7":"product_cat-kaekotid","8":"product_cat-olakotid","9":"product_cat-ostukotid","10":"product_cat-seljakotid-ja-paevakotid","11":"product_shipping_class-7-10-toopaeva","13":"first","14":"instock","15":"taxable","16":"shipping-taxable","17":"purchasable","18":"product-type-simple"},"acf":[],"brands":[{"id":364,"name":"Noel","slug":"noel-et"}],"_links":{"self":[{"href":"https:\/\/nordicbags.eu\/et\/wp-json\/wp\/v2\/product\/8542","targetHints":{"allow":["GET"]}}],"collection":[{"href":"https:\/\/nordicbags.eu\/et\/wp-json\/wp\/v2\/product"}],"about":[{"href":"https:\/\/nordicbags.eu\/et\/wp-json\/wp\/v2\/types\/product"}],"replies":[{"embeddable":true,"href":"https:\/\/nordicbags.eu\/et\/wp-json\/wp\/v2\/comments?post=8542"}],"wp:featuredmedia":[{"embeddable":true,"href":"https:\/\/nordicbags.eu\/et\/wp-json\/wp\/v2\/media\/8547"}],"wp:attachment":[{"href":"https:\/\/nordicbags.eu\/et\/wp-json\/wp\/v2\/media?parent=8542"}],"wp:term":[{"taxonomy":"pwb-brand","embeddable":true,"href":"https:\/\/nordicbags.eu\/et\/wp-json\/wp\/v2\/pwb-brand?post=8542"},{"taxonomy":"product_brand","embeddable":true,"href":"https:\/\/nordicbags.eu\/et\/wp-json\/wp\/v2\/product_brand?post=8542"},{"taxonomy":"product_cat","embeddable":true,"href":"https:\/\/nordicbags.eu\/et\/wp-json\/wp\/v2\/product_cat?post=8542"},{"taxonomy":"product_tag","embeddable":true,"href":"https:\/\/nordicbags.eu\/et\/wp-json\/wp\/v2\/product_tag?post=8542"}],"curies":[{"name":"wp","href":"https:\/\/api.w.org\/{rel}","templated":true}]}}