{"id":8548,"date":"2023-02-27T23:38:41","date_gmt":"2023-02-27T23:38:41","guid":{"rendered":"https:\/\/nordicbags.eu\/skive-vildist-sulearvutikott-hall\/"},"modified":"2025-05-29T09:34:00","modified_gmt":"2025-05-29T09:34:00","slug":"skive-vildist-sulearvutikott-hall","status":"publish","type":"product","link":"https:\/\/nordicbags.eu\/et\/toode\/skive-vildist-sulearvutikott-hall\/","title":{"rendered":"SKIVE vildist s\u00fclearvutikott &#8211; Hall"},"content":{"rendered":"","protected":false},"excerpt":{"rendered":"<p><strong>SKIVE<\/strong> on \u00fclisuur \u00fcmbrikukott, mis sobib nii \u0161ikiks klambriks kui ka s\u00fclearvuti kohvriks.<br \/>\nSKIVE on lihtsa signatuuriga disainiga neile, kes hindavad minimalismi.<br \/>\n\u00dclisuur \u00fcmbrikukott, mis sobib \u0161ikiks clutchiks v\u00f5i s\u00fclearvuti kohvriks.<br \/>\nSelle lihtne \u00fcmbriku l\u00f5ige annab keerulise ja moodsa v\u00e4limuse.    Esiklapp kinnitub magnetlukuga. Nordhale&#8217;i kotid on m\u00f5eldud neile, kes hindavad aeglast eluviisi ja julgevad eristuda tavalisest. 100% k\u00e4sitsi valmistatud Eestis. M\u00f5eldud kestma igas ilmastikuolukorras.<\/p>\n<ul>\n<li>Ringlussev\u00f5etud PET-vilt<\/li>\n<li>Ilmastikukindel<\/li>\n<li>100% k\u00e4sitsi valmistatud Eestis<\/li>\n<li>Saadetakse keskkonnas\u00f5bralikus pakendis<\/li>\n<li>Sobib 13\u2033 &#8211; m\u00f5\u00f5tmed 25 x 34 x 2 cm (k\u00f5rgus, pikkus, laius).<\/li>\n<li>Sobib 14\u2033 &#8211; m\u00f5\u00f5tmed 26,5 x38 x 2 cm (k\u00f5rgus, pikkus, laius).<\/li>\n<li>Fit 15\u2033 &#8211; m\u00f5\u00f5tmed &#8211; 29 x 39 x 2 cm (k\u00f5rgus, pikkus, laius)<\/li>\n<li>Kaal 210g<\/li>\n<\/ul>\n","protected":false},"featured_media":8551,"comment_status":"open","ping_status":"closed","template":"","meta":{"_acf_changed":false},"pwb-brand":[340],"product_brand":[],"product_cat":[338],"product_tag":[],"class_list":{"0":"post-8548","1":"product","2":"type-product","3":"status-publish","4":"has-post-thumbnail","6":"pwb-brand-nordhale-et","7":"product_cat-sulearvuti-kotid-ja-varrukad","8":"product_shipping_class-tavaline","10":"first","11":"instock","12":"taxable","13":"shipping-taxable","14":"purchasable","15":"product-type-variable"},"acf":[],"brands":[{"id":340,"name":"Nordhale","slug":"nordhale-et"}],"_links":{"self":[{"href":"https:\/\/nordicbags.eu\/et\/wp-json\/wp\/v2\/product\/8548","targetHints":{"allow":["GET"]}}],"collection":[{"href":"https:\/\/nordicbags.eu\/et\/wp-json\/wp\/v2\/product"}],"about":[{"href":"https:\/\/nordicbags.eu\/et\/wp-json\/wp\/v2\/types\/product"}],"replies":[{"embeddable":true,"href":"https:\/\/nordicbags.eu\/et\/wp-json\/wp\/v2\/comments?post=8548"}],"wp:featuredmedia":[{"embeddable":true,"href":"https:\/\/nordicbags.eu\/et\/wp-json\/wp\/v2\/media\/8551"}],"wp:attachment":[{"href":"https:\/\/nordicbags.eu\/et\/wp-json\/wp\/v2\/media?parent=8548"}],"wp:term":[{"taxonomy":"pwb-brand","embeddable":true,"href":"https:\/\/nordicbags.eu\/et\/wp-json\/wp\/v2\/pwb-brand?post=8548"},{"taxonomy":"product_brand","embeddable":true,"href":"https:\/\/nordicbags.eu\/et\/wp-json\/wp\/v2\/product_brand?post=8548"},{"taxonomy":"product_cat","embeddable":true,"href":"https:\/\/nordicbags.eu\/et\/wp-json\/wp\/v2\/product_cat?post=8548"},{"taxonomy":"product_tag","embeddable":true,"href":"https:\/\/nordicbags.eu\/et\/wp-json\/wp\/v2\/product_tag?post=8548"}],"curies":[{"name":"wp","href":"https:\/\/api.w.org\/{rel}","templated":true}]}}