{"id":8568,"date":"2023-02-27T23:39:53","date_gmt":"2023-02-27T23:39:53","guid":{"rendered":"https:\/\/nordicbags.eu\/skive-mini-multifunktsionaalne-kott\/"},"modified":"2023-02-27T23:39:53","modified_gmt":"2023-02-27T23:39:53","slug":"skive-mini-multifunktsionaalne-kott","status":"publish","type":"product","link":"https:\/\/nordicbags.eu\/et\/toode\/skive-mini-multifunktsionaalne-kott\/","title":{"rendered":"SKIVE-MINI multifunktsionaalne kott"},"content":{"rendered":"","protected":false},"excerpt":{"rendered":"<p><strong>SKIVE-MINI multifunktsionaalne kott<\/strong>, mille reguleeritav rihm v\u00f5imaldab kanda seda \u00fcle \u00f5la, rinna v\u00f5i \u00fcmber v\u00f6\u00f6koha.<br \/>\nSee on \u0161ikk minimalistlik kott, millel on reguleeritav rihm, mis v\u00f5imaldab seda kanda \u00fcle \u00f5la, rinna v\u00f5i v\u00f6\u00f6koha &#8211; k\u00f5ik v\u00f5imalused, et n\u00e4eksid v\u00e4lja parimad.<br \/>\nSelle lihtne \u00fcmbrikl\u00f5ige annab keerulise ja moodsa v\u00e4limuse.   Esiklapp kinnitub magnetlukuga. Nordhale&#8217;i kotid on m\u00f5eldud neile, kes hindavad aeglast eluviisi ja julgevad eristuda tavalisest. 100% k\u00e4sitsi valmistatud Eestis. M\u00f5eldud kestma igas ilmastikuolukorras.  <\/p>\n<ul>\n<li>Ringlussev\u00f5etud PET-vilt<\/li>\n<li>Ilmastikukindel<\/li>\n<li>100% k\u00e4sitsi valmistatud Eestis<\/li>\n<li>Saadetakse keskkonnas\u00f5bralikus pakendis<\/li>\n<li>M\u00f5\u00f5tmed 16 x 23 x 2 cm (k\u00f5rgus, pikkus, laius)<\/li>\n<li>Rihma pikkus 70-124 cm<\/li>\n<li>Kaal 180g<\/li>\n<\/ul>\n","protected":false},"featured_media":8571,"comment_status":"open","ping_status":"closed","template":"","meta":{"_acf_changed":false},"pwb-brand":[340],"product_brand":[],"product_cat":[335,344,378],"product_tag":[],"class_list":{"0":"post-8568","1":"product","2":"type-product","3":"status-publish","4":"has-post-thumbnail","6":"pwb-brand-nordhale-et","7":"product_cat-crossbody-kotid","8":"product_cat-olakotid","9":"product_cat-vookotid","10":"product_shipping_class-tavaline","12":"first","13":"instock","14":"taxable","15":"shipping-taxable","16":"purchasable","17":"product-type-simple"},"acf":[],"brands":[{"id":340,"name":"Nordhale","slug":"nordhale-et"}],"_links":{"self":[{"href":"https:\/\/nordicbags.eu\/et\/wp-json\/wp\/v2\/product\/8568","targetHints":{"allow":["GET"]}}],"collection":[{"href":"https:\/\/nordicbags.eu\/et\/wp-json\/wp\/v2\/product"}],"about":[{"href":"https:\/\/nordicbags.eu\/et\/wp-json\/wp\/v2\/types\/product"}],"replies":[{"embeddable":true,"href":"https:\/\/nordicbags.eu\/et\/wp-json\/wp\/v2\/comments?post=8568"}],"wp:featuredmedia":[{"embeddable":true,"href":"https:\/\/nordicbags.eu\/et\/wp-json\/wp\/v2\/media\/8571"}],"wp:attachment":[{"href":"https:\/\/nordicbags.eu\/et\/wp-json\/wp\/v2\/media?parent=8568"}],"wp:term":[{"taxonomy":"pwb-brand","embeddable":true,"href":"https:\/\/nordicbags.eu\/et\/wp-json\/wp\/v2\/pwb-brand?post=8568"},{"taxonomy":"product_brand","embeddable":true,"href":"https:\/\/nordicbags.eu\/et\/wp-json\/wp\/v2\/product_brand?post=8568"},{"taxonomy":"product_cat","embeddable":true,"href":"https:\/\/nordicbags.eu\/et\/wp-json\/wp\/v2\/product_cat?post=8568"},{"taxonomy":"product_tag","embeddable":true,"href":"https:\/\/nordicbags.eu\/et\/wp-json\/wp\/v2\/product_tag?post=8568"}],"curies":[{"name":"wp","href":"https:\/\/api.w.org\/{rel}","templated":true}]}}