{"id":8578,"date":"2023-02-27T23:39:19","date_gmt":"2023-02-27T23:39:19","guid":{"rendered":"https:\/\/nordicbags.eu\/lund-mini-vildist-seljakott-hall\/"},"modified":"2023-02-27T23:39:19","modified_gmt":"2023-02-27T23:39:19","slug":"lund-mini-vildist-seljakott-hall","status":"publish","type":"product","link":"https:\/\/nordicbags.eu\/et\/toode\/lund-mini-vildist-seljakott-hall\/","title":{"rendered":"LUND MINI vildist seljakott &#8211; Hall"},"content":{"rendered":"","protected":false},"excerpt":{"rendered":"<p><strong>LUND MINI<\/strong> vildist seljakott on Lundi seljakoti miniv\u00e4ljaanne.<br \/>\nMinimalistlike omadustega soliidne disain.<br \/>\nSelle \u00f5huke geomeetria ja karge materjalikombinatsioon loovad kaasaegse isikup\u00e4rase v\u00e4limuse.<br \/>\nPraktiline, kuid stiilne unisex-kott on kerge, hoiab h\u00e4sti oma kuju ja on piisavalt ruumikas, et mahutada A4-formaadis dokumendid h\u00e4davajalikud ja v\u00e4iksem s\u00fclearvuti.<br \/>\nSelle minimaalne disain j\u00e4\u00e4b mitmek\u00fclgseks, et t\u00f6\u00f6tada iga riietusega.<br \/>\nKotil on kootud sisetasku ja reguleeritavad rihmad; esiklapp kinnitub magnetlukuga.     <\/p>\n<p>Nordhale&#8217;i kotid on m\u00f5eldud neile, kes hindavad aeglast eluviisi ja julgevad eristuda tavalisest. 100% k\u00e4sitsi valmistatud Eestis. M\u00f5eldud kestma igas ilmastikuolukorras.<\/p>\n<ul>\n<li>Ringlussev\u00f5etud PET-vilt<\/li>\n<li>Ilmastikukindel<\/li>\n<li>100% k\u00e4sitsi valmistatud Eestis<\/li>\n<li>Saadetakse keskkonnas\u00f5bralikus pakendis<\/li>\n<li>Suurus 12\u2033 &#8211; m\u00f5\u00f5tmed 32 x 23 x 10 cm (k\u00f5rgus, pikkus, laius), sobib A4-le<\/li>\n<li>Kaal 370g<\/li>\n<\/ul>\n","protected":false},"featured_media":8581,"comment_status":"open","ping_status":"closed","template":"","meta":{"_acf_changed":false},"pwb-brand":[340],"product_brand":[],"product_cat":[330],"product_tag":[],"class_list":{"0":"post-8578","1":"product","2":"type-product","3":"status-publish","4":"has-post-thumbnail","6":"pwb-brand-nordhale-et","7":"product_cat-seljakotid-ja-paevakotid","8":"product_shipping_class-tavaline","10":"first","11":"instock","12":"taxable","13":"shipping-taxable","14":"purchasable","15":"product-type-simple"},"acf":[],"brands":[{"id":340,"name":"Nordhale","slug":"nordhale-et"}],"_links":{"self":[{"href":"https:\/\/nordicbags.eu\/et\/wp-json\/wp\/v2\/product\/8578","targetHints":{"allow":["GET"]}}],"collection":[{"href":"https:\/\/nordicbags.eu\/et\/wp-json\/wp\/v2\/product"}],"about":[{"href":"https:\/\/nordicbags.eu\/et\/wp-json\/wp\/v2\/types\/product"}],"replies":[{"embeddable":true,"href":"https:\/\/nordicbags.eu\/et\/wp-json\/wp\/v2\/comments?post=8578"}],"wp:featuredmedia":[{"embeddable":true,"href":"https:\/\/nordicbags.eu\/et\/wp-json\/wp\/v2\/media\/8581"}],"wp:attachment":[{"href":"https:\/\/nordicbags.eu\/et\/wp-json\/wp\/v2\/media?parent=8578"}],"wp:term":[{"taxonomy":"pwb-brand","embeddable":true,"href":"https:\/\/nordicbags.eu\/et\/wp-json\/wp\/v2\/pwb-brand?post=8578"},{"taxonomy":"product_brand","embeddable":true,"href":"https:\/\/nordicbags.eu\/et\/wp-json\/wp\/v2\/product_brand?post=8578"},{"taxonomy":"product_cat","embeddable":true,"href":"https:\/\/nordicbags.eu\/et\/wp-json\/wp\/v2\/product_cat?post=8578"},{"taxonomy":"product_tag","embeddable":true,"href":"https:\/\/nordicbags.eu\/et\/wp-json\/wp\/v2\/product_tag?post=8578"}],"curies":[{"name":"wp","href":"https:\/\/api.w.org\/{rel}","templated":true}]}}