{"id":8582,"date":"2023-02-27T23:40:14","date_gmt":"2023-02-27T23:40:14","guid":{"rendered":"https:\/\/nordicbags.eu\/lund-vildist-seljakott-must\/"},"modified":"2023-02-27T23:40:14","modified_gmt":"2023-02-27T23:40:14","slug":"lund-vildist-seljakott-must","status":"publish","type":"product","link":"https:\/\/nordicbags.eu\/et\/toode\/lund-vildist-seljakott-must\/","title":{"rendered":"LUND vildist seljakott &#8211; Must"},"content":{"rendered":"","protected":false},"excerpt":{"rendered":"<p><strong>LUND<\/strong> on praktiline, kuid samas stiilne unisex seljakott, millel on sisemine s\u00fclearvutitasku.<br \/>\nMinimalistlike omadustega soliidne disain.<br \/>\nSelle stiilne geomeetria ja karge materjalikombinatsioon loovad kaasaegse isikup\u00e4rase v\u00e4limuse.<br \/>\nLUNDi vildist seljakoti minimaalne disain j\u00e4\u00e4b mitmek\u00fclgselt sobivaks iga riietusega.<br \/>\nPraktiline, kuid stiilne unisex seljakott on kerge, hoiab h\u00e4sti oma kuju ja on piisavalt ruumikas, et mahutada s\u00fclearvuti, dokumendid ja k\u00f5ik h\u00e4davajalikud asjad.<br \/>\nSaadaval kahes suuruses &#8211; suurus 15\u2033 ja 17\u2033.<br \/>\nKotil on varusisetasku s\u00fclearvuti jaoks ja reguleeritavad veebirihmad.<br \/>\nEsiklapp kinnitub magnetiliste n\u00f6\u00f6pidega.<br \/>\nVastupidav vilt ja k\u00e4sitsi valmistatud tootmine teevad sellest kotist pikaks ajaks teie igap\u00e4evase kaaslase.         Nordhale&#8217;i kotid on m\u00f5eldud neile, kes hindavad aeglast eluviisi ja julgevad eristuda tavalisest. 100% k\u00e4sitsi valmistatud Eestis. M\u00f5eldud kestma igas ilmastikuolukorras.  <\/p>\n<ul>\n<li>Ringlussev\u00f5etud PET-vilt<\/li>\n<li>Ilmastikukindel<\/li>\n<li>100% k\u00e4sitsi valmistatud Eestis<\/li>\n<li>Saadetakse keskkonnas\u00f5bralikus pakendis<\/li>\n<li>Suurus 15\u2033 &#8211; m\u00f5\u00f5tmed 28 x 40 x14 cm, kaal 542g<\/li>\n<li>Suurus 17\u2033 &#8211; m\u00f5\u00f5tmed 30 x 44 x 14 cm, kaal 615g.<\/li>\n<\/ul>\n","protected":false},"featured_media":8583,"comment_status":"open","ping_status":"closed","template":"","meta":{"_acf_changed":false},"pwb-brand":[340],"product_brand":[],"product_cat":[330],"product_tag":[],"class_list":{"0":"post-8582","1":"product","2":"type-product","3":"status-publish","4":"has-post-thumbnail","6":"pwb-brand-nordhale-et","7":"product_cat-seljakotid-ja-paevakotid","8":"product_shipping_class-tavaline","10":"first","11":"instock","12":"featured","13":"taxable","14":"shipping-taxable","15":"purchasable","16":"product-type-variable"},"acf":[],"brands":[{"id":340,"name":"Nordhale","slug":"nordhale-et"}],"_links":{"self":[{"href":"https:\/\/nordicbags.eu\/et\/wp-json\/wp\/v2\/product\/8582","targetHints":{"allow":["GET"]}}],"collection":[{"href":"https:\/\/nordicbags.eu\/et\/wp-json\/wp\/v2\/product"}],"about":[{"href":"https:\/\/nordicbags.eu\/et\/wp-json\/wp\/v2\/types\/product"}],"replies":[{"embeddable":true,"href":"https:\/\/nordicbags.eu\/et\/wp-json\/wp\/v2\/comments?post=8582"}],"wp:featuredmedia":[{"embeddable":true,"href":"https:\/\/nordicbags.eu\/et\/wp-json\/wp\/v2\/media\/8583"}],"wp:attachment":[{"href":"https:\/\/nordicbags.eu\/et\/wp-json\/wp\/v2\/media?parent=8582"}],"wp:term":[{"taxonomy":"pwb-brand","embeddable":true,"href":"https:\/\/nordicbags.eu\/et\/wp-json\/wp\/v2\/pwb-brand?post=8582"},{"taxonomy":"product_brand","embeddable":true,"href":"https:\/\/nordicbags.eu\/et\/wp-json\/wp\/v2\/product_brand?post=8582"},{"taxonomy":"product_cat","embeddable":true,"href":"https:\/\/nordicbags.eu\/et\/wp-json\/wp\/v2\/product_cat?post=8582"},{"taxonomy":"product_tag","embeddable":true,"href":"https:\/\/nordicbags.eu\/et\/wp-json\/wp\/v2\/product_tag?post=8582"}],"curies":[{"name":"wp","href":"https:\/\/api.w.org\/{rel}","templated":true}]}}