{"id":8588,"date":"2023-02-27T23:38:01","date_gmt":"2023-02-27T23:38:01","guid":{"rendered":"https:\/\/nordicbags.eu\/malmo-13-must\/"},"modified":"2024-09-15T12:36:45","modified_gmt":"2024-09-15T12:36:45","slug":"malmo-13-must","status":"publish","type":"product","link":"https:\/\/nordicbags.eu\/et\/toode\/malmo-13-must\/","title":{"rendered":"MALM\u00d6 13 &#8211; must"},"content":{"rendered":"","protected":false},"excerpt":{"rendered":"<p>\u00d5huke \u00fcmbrikuh\u00fclss Macbook Airile ja Pro-le.<\/p>\n<p><strong>MALM\u00d6<\/strong>  on lihtne, kuid samas sirge ja funktsionaalne, et hoida k\u00f5iki kaupu turvaliselt unikaalselt elegantses stiilis.<br \/>\nVarjuta juhtmed ja tarvikud esitasku ning hoia s\u00fclearvutit p\u00f5hikambris.<br \/>\nPaks vilt ja k\u00f5rge kvaliteet muudavad selle \u00fcmbrise turvaliseks aksessuaariks.   Esiklapp kinnitub magnetlukuga. Vastupidav vilt ja k\u00e4sitsi valmistatud tootmine muudavad selle koti pikaks ajaks teie igap\u00e4evaseks kaaslaseks. Nordhale&#8217;i kotid on m\u00f5eldud neile, kes hindavad aeglast eluviisi ja julgevad eristuda tavalisest. 100% k\u00e4sitsi valmistatud Eestis. M\u00f5eldud kestma igas ilmastikuolukorras.  <\/p>\n<ul>\n<li>Ringlussev\u00f5etud PET-vilt<\/li>\n<li>Ilmastikukindel<\/li>\n<li>100% k\u00e4sitsi valmistatud Eestis<\/li>\n<li>Saadetakse keskkonnas\u00f5bralikus pakendis<\/li>\n<li>M\u00f5\u00f5tmed &#8211; 34 x 25 cm (k\u00f5rgus, pikkus)<\/li>\n<li>Kaal 172g<\/li>\n<\/ul>\n","protected":false},"featured_media":8589,"comment_status":"open","ping_status":"closed","template":"","meta":{"_acf_changed":false},"pwb-brand":[340],"product_brand":[],"product_cat":[338],"product_tag":[],"class_list":{"0":"post-8588","1":"product","2":"type-product","3":"status-publish","4":"has-post-thumbnail","6":"pwb-brand-nordhale-et","7":"product_cat-sulearvuti-kotid-ja-varrukad","8":"product_shipping_class-tavaline","10":"first","11":"instock","12":"taxable","13":"shipping-taxable","14":"purchasable","15":"product-type-simple"},"acf":[],"brands":[{"id":340,"name":"Nordhale","slug":"nordhale-et"}],"_links":{"self":[{"href":"https:\/\/nordicbags.eu\/et\/wp-json\/wp\/v2\/product\/8588","targetHints":{"allow":["GET"]}}],"collection":[{"href":"https:\/\/nordicbags.eu\/et\/wp-json\/wp\/v2\/product"}],"about":[{"href":"https:\/\/nordicbags.eu\/et\/wp-json\/wp\/v2\/types\/product"}],"replies":[{"embeddable":true,"href":"https:\/\/nordicbags.eu\/et\/wp-json\/wp\/v2\/comments?post=8588"}],"wp:featuredmedia":[{"embeddable":true,"href":"https:\/\/nordicbags.eu\/et\/wp-json\/wp\/v2\/media\/8589"}],"wp:attachment":[{"href":"https:\/\/nordicbags.eu\/et\/wp-json\/wp\/v2\/media?parent=8588"}],"wp:term":[{"taxonomy":"pwb-brand","embeddable":true,"href":"https:\/\/nordicbags.eu\/et\/wp-json\/wp\/v2\/pwb-brand?post=8588"},{"taxonomy":"product_brand","embeddable":true,"href":"https:\/\/nordicbags.eu\/et\/wp-json\/wp\/v2\/product_brand?post=8588"},{"taxonomy":"product_cat","embeddable":true,"href":"https:\/\/nordicbags.eu\/et\/wp-json\/wp\/v2\/product_cat?post=8588"},{"taxonomy":"product_tag","embeddable":true,"href":"https:\/\/nordicbags.eu\/et\/wp-json\/wp\/v2\/product_tag?post=8588"}],"curies":[{"name":"wp","href":"https:\/\/api.w.org\/{rel}","templated":true}]}}