{"id":8592,"date":"2023-02-27T23:38:11","date_gmt":"2023-02-27T23:38:11","guid":{"rendered":"https:\/\/nordicbags.eu\/bodem-15-hall\/"},"modified":"2023-02-27T23:38:11","modified_gmt":"2023-02-27T23:38:11","slug":"bodem-15-hall","status":"publish","type":"product","link":"https:\/\/nordicbags.eu\/et\/toode\/bodem-15-hall\/","title":{"rendered":"Bodem 15 &#8211; Hall"},"content":{"rendered":"","protected":false},"excerpt":{"rendered":"<p>Slim fit \u00fcmbris Macbook Airile ja Pro-le<\/p>\n<p><strong>BODEM<\/strong>  &#8211; minimalism k\u00f5ige paremas m\u00f5ttes.<br \/>\nUnisex-\u00fcmbris hoiab teie s\u00fclearvuti stiilselt ja turvaliselt.<br \/>\nPaks vilt kaitseb arvutit ja muudab \u00fcmbrise libisemisvastaseks.<br \/>\nMugava istuvuse ja puhta v\u00e4liskuju annab sellele lihtsa, kuid elegantse v\u00e4ljan\u00e4gemise.<br \/>\nSee on ka m\u00f5nus paks padjake, millele saab oma s\u00fclearvuti asetada, kui kasutate seda karedal pinnal.<br \/>\nVastupidav vilt ja k\u00e4sitsi valmistatud tootmine teevad sellest kotist pikaks ajaks teie igap\u00e4evase kaaslase.      Nordhale&#8217;i kotid on m\u00f5eldud neile, kes hindavad aeglast eluviisi ja julgevad eristuda tavalisest. 100% k\u00e4sitsi valmistatud Eestis. M\u00f5eldud kestma igas ilmastikuolukorras.  <\/p>\n<ul>\n<li>Ringlussev\u00f5etud PET-vilt<\/li>\n<li>Ilmastikukindel<\/li>\n<li>100% k\u00e4sitsi valmistatud Eestis<\/li>\n<li>Saadetakse keskkonnas\u00f5bralikus pakendis<\/li>\n<li>M\u00f5\u00f5tmed &#8211; 39 x 29 cm (k\u00f5rgus, pikkus)<\/li>\n<li>Kaal 124g<\/li>\n<\/ul>\n","protected":false},"featured_media":8594,"comment_status":"open","ping_status":"closed","template":"","meta":{"_acf_changed":false},"pwb-brand":[340],"product_brand":[],"product_cat":[338],"product_tag":[],"class_list":{"0":"post-8592","1":"product","2":"type-product","3":"status-publish","4":"has-post-thumbnail","6":"pwb-brand-nordhale-et","7":"product_cat-sulearvuti-kotid-ja-varrukad","8":"product_shipping_class-tavaline","10":"first","11":"instock","12":"taxable","13":"shipping-taxable","14":"purchasable","15":"product-type-simple"},"acf":[],"brands":[{"id":340,"name":"Nordhale","slug":"nordhale-et"}],"_links":{"self":[{"href":"https:\/\/nordicbags.eu\/et\/wp-json\/wp\/v2\/product\/8592","targetHints":{"allow":["GET"]}}],"collection":[{"href":"https:\/\/nordicbags.eu\/et\/wp-json\/wp\/v2\/product"}],"about":[{"href":"https:\/\/nordicbags.eu\/et\/wp-json\/wp\/v2\/types\/product"}],"replies":[{"embeddable":true,"href":"https:\/\/nordicbags.eu\/et\/wp-json\/wp\/v2\/comments?post=8592"}],"wp:featuredmedia":[{"embeddable":true,"href":"https:\/\/nordicbags.eu\/et\/wp-json\/wp\/v2\/media\/8594"}],"wp:attachment":[{"href":"https:\/\/nordicbags.eu\/et\/wp-json\/wp\/v2\/media?parent=8592"}],"wp:term":[{"taxonomy":"pwb-brand","embeddable":true,"href":"https:\/\/nordicbags.eu\/et\/wp-json\/wp\/v2\/pwb-brand?post=8592"},{"taxonomy":"product_brand","embeddable":true,"href":"https:\/\/nordicbags.eu\/et\/wp-json\/wp\/v2\/product_brand?post=8592"},{"taxonomy":"product_cat","embeddable":true,"href":"https:\/\/nordicbags.eu\/et\/wp-json\/wp\/v2\/product_cat?post=8592"},{"taxonomy":"product_tag","embeddable":true,"href":"https:\/\/nordicbags.eu\/et\/wp-json\/wp\/v2\/product_tag?post=8592"}],"curies":[{"name":"wp","href":"https:\/\/api.w.org\/{rel}","templated":true}]}}