{"id":8598,"date":"2023-02-27T23:36:50","date_gmt":"2023-02-27T23:36:50","guid":{"rendered":"https:\/\/nordicbags.eu\/zip-12l-seljakott-must\/"},"modified":"2025-07-09T09:20:50","modified_gmt":"2025-07-09T09:20:50","slug":"zip-12l-seljakott-must","status":"publish","type":"product","link":"https:\/\/nordicbags.eu\/et\/toode\/zip-12l-seljakott-must\/","title":{"rendered":"Zip 12L seljakott &#8211; must"},"content":{"rendered":"","protected":false},"excerpt":{"rendered":"<p><strong>Zip<\/strong> on Noeli seljakott, mida on r\u00f5\u00f5m iga p\u00e4ev kooli v\u00f5i kontorisse kanda. Koti suures kambris on pandlaga sulgemine ja t\u00e4isnahast rihmad. Lisaks polsterdatud s\u00fclearvutitaskule, mis mahutab kuni 17-tollise s\u00fclearvuti, on kotil t\u00f5mblukuga A5 tasku ja 3 v\u00e4iksemat taskut. Zipi reguleeritavad \u00f5larihmad on mugava kandmise tagamiseks polsterdatud, samuti on koti p\u00f5hi ja seljaosa polsterdatud. Kott on valmistatud tugevast ja veekindlast Cordura materjalist. Noel \u00fchendab urbanistliku stiili igap\u00e4evase praktilisuse ja vastupidavad materjalid. Noel on legendaarse Eesti matkakottide tootja Matrix Pro elustiilibr\u00e4nd.      <\/p>\n<ul>\n<li>Materjal: vastupidav Cordura<\/li>\n<li>M\u00f5\u00f5tmed: 12 x 30 x 50 cm.<\/li>\n<li>Mahutavus: 14 liitrit<\/li>\n<li>K\u00e4sitsi valmistatud Tartus, Eestis<\/li>\n<\/ul>\n","protected":false},"featured_media":8601,"comment_status":"open","ping_status":"closed","template":"","meta":{"_acf_changed":false},"pwb-brand":[364],"product_brand":[],"product_cat":[330],"product_tag":[],"class_list":{"0":"post-8598","1":"product","2":"type-product","3":"status-publish","4":"has-post-thumbnail","6":"pwb-brand-noel-et","7":"product_cat-seljakotid-ja-paevakotid","8":"product_shipping_class-7-10-toopaeva","10":"first","11":"outofstock","12":"taxable","13":"shipping-taxable","14":"purchasable","15":"product-type-simple"},"acf":[],"brands":[{"id":364,"name":"Noel","slug":"noel-et"}],"_links":{"self":[{"href":"https:\/\/nordicbags.eu\/et\/wp-json\/wp\/v2\/product\/8598","targetHints":{"allow":["GET"]}}],"collection":[{"href":"https:\/\/nordicbags.eu\/et\/wp-json\/wp\/v2\/product"}],"about":[{"href":"https:\/\/nordicbags.eu\/et\/wp-json\/wp\/v2\/types\/product"}],"replies":[{"embeddable":true,"href":"https:\/\/nordicbags.eu\/et\/wp-json\/wp\/v2\/comments?post=8598"}],"wp:featuredmedia":[{"embeddable":true,"href":"https:\/\/nordicbags.eu\/et\/wp-json\/wp\/v2\/media\/8601"}],"wp:attachment":[{"href":"https:\/\/nordicbags.eu\/et\/wp-json\/wp\/v2\/media?parent=8598"}],"wp:term":[{"taxonomy":"pwb-brand","embeddable":true,"href":"https:\/\/nordicbags.eu\/et\/wp-json\/wp\/v2\/pwb-brand?post=8598"},{"taxonomy":"product_brand","embeddable":true,"href":"https:\/\/nordicbags.eu\/et\/wp-json\/wp\/v2\/product_brand?post=8598"},{"taxonomy":"product_cat","embeddable":true,"href":"https:\/\/nordicbags.eu\/et\/wp-json\/wp\/v2\/product_cat?post=8598"},{"taxonomy":"product_tag","embeddable":true,"href":"https:\/\/nordicbags.eu\/et\/wp-json\/wp\/v2\/product_tag?post=8598"}],"curies":[{"name":"wp","href":"https:\/\/api.w.org\/{rel}","templated":true}]}}